{"id":11164,"date":"2022-03-11T10:54:48","date_gmt":"2022-03-11T08:54:48","guid":{"rendered":"https:\/\/aurala.fi\/finska-spraket-som-en-del-av-vardagen"},"modified":"2025-11-04T09:59:45","modified_gmt":"2025-11-04T07:59:45","slug":"finska-spraket-som-en-del-av-vardagen","status":"publish","type":"page","link":"https:\/\/aurala.fi\/sv\/stod-for-nyanlanda\/finska-spraket-som-en-del-av-vardagen","title":{"rendered":"Finska spr\u00e5ket som en del av vardagen"},"content":{"rendered":"<p><span data-contrast=\"auto\">Finska spr\u00e5ket som en del av vardagen \u00e4r ett projekt riktat till invandrarkvinnor, d\u00e4r man str\u00e4var efter att g\u00f6ra inl\u00e4rningen av finska spr\u00e5ket till en starkare del av spr\u00e5kinl\u00e4rarnas vardag. Projektets m\u00e5l \u00e4r b\u00e5de att erbjuda utbildning i finska spr\u00e5ket och att hj\u00e4lpa till att hitta m\u00f6jligheter i den egna n\u00e4rmilj\u00f6n f\u00f6r att st\u00e4rka och utveckla spr\u00e5kkunskaperna.  <\/span><span data-ccp-props=\"{}\"> <\/span><\/p>\n<div data-olk-copy-source=\"MessageBody\"><strong>F\u00f6ljande grupper:<\/strong><\/div>\n<div data-olk-copy-source=\"MessageBody\"><strong><img loading=\"lazy\" decoding=\"async\" class=\"alignright wp-image-10769 \" src=\"https:\/\/aurala.fi\/wp-content\/uploads\/2025\/10\/Suomen-kieli-osaksi-arkea-2-724x1024.jpg\" alt=\"Annons f\u00f6r gruppen Finska spr\u00e5ket som en del av vardagen\" width=\"359\" height=\"507\" srcset=\"https:\/\/aurala.fi\/wp-content\/uploads\/2025\/10\/Suomen-kieli-osaksi-arkea-2-724x1024.jpg 724w, https:\/\/aurala.fi\/wp-content\/uploads\/2025\/10\/Suomen-kieli-osaksi-arkea-2-212x300.jpg 212w, https:\/\/aurala.fi\/wp-content\/uploads\/2025\/10\/Suomen-kieli-osaksi-arkea-2-768x1086.jpg 768w, https:\/\/aurala.fi\/wp-content\/uploads\/2025\/10\/Suomen-kieli-osaksi-arkea-2-1086x1536.jpg 1086w, https:\/\/aurala.fi\/wp-content\/uploads\/2025\/10\/Suomen-kieli-osaksi-arkea-2.jpg 1414w\" sizes=\"auto, (max-width: 359px) 100vw, 359px\" \/>N\u00e4r och var?<\/strong><\/div>\n<div>3.11.2025 &#8211; 11.2.2026<\/div>\n<div>m\u00e5ndag och onsdag kl. 10.00 &#8211; 11.30<\/div>\n<div>spr\u00e5kf\u00e4rdighetsniv\u00e5 A1.3 &#8211; A2.1<\/div>\n<div>plats: Lauste n\u00e4rservicestuga, Kirjurinkatu 3, 20750 \u00c5bo<\/div>\n<div class=\"x_elementToProof\">Anm\u00e4lan: <a title=\"https:\/\/uusi.opistopalvelut.fi\/aurala\/fi\/course\/11763\" href=\"https:\/\/uusi.opistopalvelut.fi\/aurala\/fi\/course\/11763\" target=\"_blank\" rel=\"noopener noreferrer\" data-auth=\"NotApplicable\" data-linkindex=\"0\">https:\/\/uusi.opistopalvelut.fi\/aurala\/fi\/course\/11763<\/a><\/div>\n<div><\/div>\n<div>20.1. &#8211; 16.4.2026<\/div>\n<div>tisdag, onsdag och torsdag kl. 9.30 &#8211; 12.00<\/div>\n<div>spr\u00e5kf\u00e4rdighetsniv\u00e5 minst A2.1<\/div>\n<div>plats: Aurala medborgarinstitut, Louhenpolku 3, 20100 \u00c5bo<\/div>\n<div class=\"x_elementToProof\">Anm\u00e4lan: <a title=\"https:\/\/uusi.opistopalvelut.fi\/aurala\/fi\/course\/11761\" href=\"https:\/\/uusi.opistopalvelut.fi\/aurala\/fi\/course\/11761\" target=\"_blank\" rel=\"noopener noreferrer\" data-auth=\"NotApplicable\" data-linkindex=\"1\">https:\/\/uusi.opistopalvelut.fi\/aurala\/fi\/course\/11761<\/a><\/div>\n<p>&nbsp;<\/p>\n<div>\n<div>\n<div>\n<div>\n<div>\n<div>\n<div>\n<p><strong>F\u00f6r vem?<br \/>\n<\/strong>F\u00f6r kvinnor som har flyttat till Finland, har uppeh\u00e5llstillst\u00e5nd men inte r\u00e4tt till integrationsplan och har spr\u00e5kf\u00e4rdighetsniv\u00e5 A2<\/p>\n<\/div>\n<\/div>\n<\/div>\n<\/div>\n<\/div>\n<div>\n<p><strong>Vad?<\/strong><br \/>\nfinska spr\u00e5ket, studieteknik, konversation, arbetslivsf\u00e4rdigheter<\/p>\n<p><span data-contrast=\"auto\"><strong>Mer information<\/strong> Laura Siniranta, 050 327 0805, laura.siniranta@aurala.fi<\/span><\/p>\n<\/div>\n<\/div>\n<\/div>\n","protected":false},"excerpt":{"rendered":"<p>Finska spr\u00e5ket som en del av vardagen \u00e4r ett projekt riktat till&#8230;<\/p>\n","protected":false},"author":2,"featured_media":0,"parent":11198,"menu_order":0,"comment_status":"closed","ping_status":"closed","template":"","meta":{"footnotes":""},"class_list":["post-11164","page","type-page","status-publish"],"yoast_head":"<!-- This site is optimized with the Yoast SEO plugin v26.8 - https:\/\/yoast.com\/product\/yoast-seo-wordpress\/ -->\n<title>Finska spr\u00e5ket som en del av vardagen - Auralan Setlementti<\/title>\n<meta name=\"description\" content=\"undervisning i finska spr\u00e5ket\" \/>\n<meta name=\"robots\" content=\"index, follow, max-snippet:-1, max-image-preview:large, max-video-preview:-1\" \/>\n<link rel=\"canonical\" href=\"https:\/\/aurala.fi\/sv\/stod-for-nyanlanda\/finska-spraket-som-en-del-av-vardagen\" \/>\n<meta property=\"og:locale\" content=\"sv_SE\" \/>\n<meta property=\"og:type\" content=\"article\" \/>\n<meta property=\"og:title\" content=\"Finska spr\u00e5ket som en del av vardagen - Auralan Setlementti\" \/>\n<meta property=\"og:description\" content=\"undervisning i finska spr\u00e5ket\" \/>\n<meta property=\"og:url\" content=\"https:\/\/aurala.fi\/sv\/stod-for-nyanlanda\/finska-spraket-som-en-del-av-vardagen\" \/>\n<meta property=\"og:site_name\" content=\"Auralan Setlementti\" \/>\n<meta property=\"article:publisher\" content=\"https:\/\/www.facebook.com\/AuralaTurku\" \/>\n<meta property=\"article:modified_time\" content=\"2025-11-04T07:59:45+00:00\" \/>\n<meta property=\"og:image\" content=\"https:\/\/aurala.fi\/wp-content\/uploads\/2025\/10\/Suomen-kieli-osaksi-arkea-2.jpg?wsr\" \/>\n\t<meta property=\"og:image:width\" content=\"1414\" \/>\n\t<meta property=\"og:image:height\" content=\"2000\" \/>\n\t<meta property=\"og:image:type\" content=\"image\/jpeg\" \/>\n<meta name=\"twitter:card\" content=\"summary_large_image\" \/>\n<meta name=\"twitter:site\" content=\"@auralaturku\" \/>\n<meta name=\"twitter:label1\" content=\"Ber\u00e4knad l\u00e4stid\" \/>\n\t<meta name=\"twitter:data1\" content=\"1 minut\" \/>\n<script type=\"application\/ld+json\" class=\"yoast-schema-graph\">{\"@context\":\"https:\/\/schema.org\",\"@graph\":[{\"@type\":\"WebPage\",\"@id\":\"https:\/\/aurala.fi\/sv\/stod-for-nyanlanda\/finska-spraket-som-en-del-av-vardagen\",\"url\":\"https:\/\/aurala.fi\/sv\/stod-for-nyanlanda\/finska-spraket-som-en-del-av-vardagen\",\"name\":\"Finska spr\u00e5ket som en del av vardagen - Auralan Setlementti\",\"isPartOf\":{\"@id\":\"https:\/\/aurala.fi\/sv#website\"},\"primaryImageOfPage\":{\"@id\":\"https:\/\/aurala.fi\/sv\/stod-for-nyanlanda\/finska-spraket-som-en-del-av-vardagen#primaryimage\"},\"image\":{\"@id\":\"https:\/\/aurala.fi\/sv\/stod-for-nyanlanda\/finska-spraket-som-en-del-av-vardagen#primaryimage\"},\"thumbnailUrl\":\"https:\/\/aurala.fi\/wp-content\/uploads\/2025\/10\/Suomen-kieli-osaksi-arkea-2-724x1024.jpg\",\"datePublished\":\"2022-03-11T08:54:48+00:00\",\"dateModified\":\"2025-11-04T07:59:45+00:00\",\"description\":\"undervisning i finska spr\u00e5ket\",\"breadcrumb\":{\"@id\":\"https:\/\/aurala.fi\/sv\/stod-for-nyanlanda\/finska-spraket-som-en-del-av-vardagen#breadcrumb\"},\"inLanguage\":\"sv-SE\",\"potentialAction\":[{\"@type\":\"ReadAction\",\"target\":[\"https:\/\/aurala.fi\/sv\/stod-for-nyanlanda\/finska-spraket-som-en-del-av-vardagen\"]}]},{\"@type\":\"ImageObject\",\"inLanguage\":\"sv-SE\",\"@id\":\"https:\/\/aurala.fi\/sv\/stod-for-nyanlanda\/finska-spraket-som-en-del-av-vardagen#primaryimage\",\"url\":\"https:\/\/aurala.fi\/wp-content\/uploads\/2025\/10\/Suomen-kieli-osaksi-arkea-2-724x1024.jpg\",\"contentUrl\":\"https:\/\/aurala.fi\/wp-content\/uploads\/2025\/10\/Suomen-kieli-osaksi-arkea-2-724x1024.jpg\"},{\"@type\":\"BreadcrumbList\",\"@id\":\"https:\/\/aurala.fi\/sv\/stod-for-nyanlanda\/finska-spraket-som-en-del-av-vardagen#breadcrumb\",\"itemListElement\":[{\"@type\":\"ListItem\",\"position\":1,\"name\":\"Etusivu\",\"item\":\"https:\/\/aurala.fi\/sv\"},{\"@type\":\"ListItem\",\"position\":2,\"name\":\"St\u00f6d f\u00f6r nyanl\u00e4nda\",\"item\":\"https:\/\/aurala.fi\/sv\/stod-for-nyanlanda\"},{\"@type\":\"ListItem\",\"position\":3,\"name\":\"Finska spr\u00e5ket som en del av vardagen\"}]},{\"@type\":\"WebSite\",\"@id\":\"https:\/\/aurala.fi\/sv#website\",\"url\":\"https:\/\/aurala.fi\/sv\",\"name\":\"Auralan Setlementti\",\"description\":\"Kohtaamispaikka Turussa\",\"publisher\":{\"@id\":\"https:\/\/aurala.fi\/sv#organization\"},\"potentialAction\":[{\"@type\":\"SearchAction\",\"target\":{\"@type\":\"EntryPoint\",\"urlTemplate\":\"https:\/\/aurala.fi\/sv?s={search_term_string}\"},\"query-input\":{\"@type\":\"PropertyValueSpecification\",\"valueRequired\":true,\"valueName\":\"search_term_string\"}}],\"inLanguage\":\"sv-SE\"},{\"@type\":\"Organization\",\"@id\":\"https:\/\/aurala.fi\/sv#organization\",\"name\":\"Auralan Setlementti ry\",\"url\":\"https:\/\/aurala.fi\/sv\",\"logo\":{\"@type\":\"ImageObject\",\"inLanguage\":\"sv-SE\",\"@id\":\"https:\/\/aurala.fi\/sv#\/schema\/logo\/image\/\",\"url\":\"https:\/\/aurala.fi\/wp-content\/uploads\/2022\/02\/aurala_tunnus_rgb-600.jpg\",\"contentUrl\":\"https:\/\/aurala.fi\/wp-content\/uploads\/2022\/02\/aurala_tunnus_rgb-600.jpg\",\"width\":600,\"height\":265,\"caption\":\"Auralan Setlementti ry\"},\"image\":{\"@id\":\"https:\/\/aurala.fi\/sv#\/schema\/logo\/image\/\"},\"sameAs\":[\"https:\/\/www.facebook.com\/AuralaTurku\",\"https:\/\/x.com\/auralaturku\",\"https:\/\/www.instagram.com\/auralankansalaisopisto\/\",\"https:\/\/www.youtube.com\/channel\/UCCxfr4jr7uJWYZKY5erVGyg\"]}]}<\/script>\n<!-- \/ Yoast SEO plugin. -->","yoast_head_json":{"title":"Finska spr\u00e5ket som en del av vardagen - Auralan Setlementti","description":"undervisning i finska spr\u00e5ket","robots":{"index":"index","follow":"follow","max-snippet":"max-snippet:-1","max-image-preview":"max-image-preview:large","max-video-preview":"max-video-preview:-1"},"canonical":"https:\/\/aurala.fi\/sv\/stod-for-nyanlanda\/finska-spraket-som-en-del-av-vardagen","og_locale":"sv_SE","og_type":"article","og_title":"Finska spr\u00e5ket som en del av vardagen - Auralan Setlementti","og_description":"undervisning i finska spr\u00e5ket","og_url":"https:\/\/aurala.fi\/sv\/stod-for-nyanlanda\/finska-spraket-som-en-del-av-vardagen","og_site_name":"Auralan Setlementti","article_publisher":"https:\/\/www.facebook.com\/AuralaTurku","article_modified_time":"2025-11-04T07:59:45+00:00","og_image":[{"width":1414,"height":2000,"url":"https:\/\/aurala.fi\/wp-content\/uploads\/2025\/10\/Suomen-kieli-osaksi-arkea-2.jpg?wsr","type":"image\/jpeg"}],"twitter_card":"summary_large_image","twitter_site":"@auralaturku","twitter_misc":{"Ber\u00e4knad l\u00e4stid":"1 minut"},"schema":{"@context":"https:\/\/schema.org","@graph":[{"@type":"WebPage","@id":"https:\/\/aurala.fi\/sv\/stod-for-nyanlanda\/finska-spraket-som-en-del-av-vardagen","url":"https:\/\/aurala.fi\/sv\/stod-for-nyanlanda\/finska-spraket-som-en-del-av-vardagen","name":"Finska spr\u00e5ket som en del av vardagen - Auralan Setlementti","isPartOf":{"@id":"https:\/\/aurala.fi\/sv#website"},"primaryImageOfPage":{"@id":"https:\/\/aurala.fi\/sv\/stod-for-nyanlanda\/finska-spraket-som-en-del-av-vardagen#primaryimage"},"image":{"@id":"https:\/\/aurala.fi\/sv\/stod-for-nyanlanda\/finska-spraket-som-en-del-av-vardagen#primaryimage"},"thumbnailUrl":"https:\/\/aurala.fi\/wp-content\/uploads\/2025\/10\/Suomen-kieli-osaksi-arkea-2-724x1024.jpg","datePublished":"2022-03-11T08:54:48+00:00","dateModified":"2025-11-04T07:59:45+00:00","description":"undervisning i finska spr\u00e5ket","breadcrumb":{"@id":"https:\/\/aurala.fi\/sv\/stod-for-nyanlanda\/finska-spraket-som-en-del-av-vardagen#breadcrumb"},"inLanguage":"sv-SE","potentialAction":[{"@type":"ReadAction","target":["https:\/\/aurala.fi\/sv\/stod-for-nyanlanda\/finska-spraket-som-en-del-av-vardagen"]}]},{"@type":"ImageObject","inLanguage":"sv-SE","@id":"https:\/\/aurala.fi\/sv\/stod-for-nyanlanda\/finska-spraket-som-en-del-av-vardagen#primaryimage","url":"https:\/\/aurala.fi\/wp-content\/uploads\/2025\/10\/Suomen-kieli-osaksi-arkea-2-724x1024.jpg","contentUrl":"https:\/\/aurala.fi\/wp-content\/uploads\/2025\/10\/Suomen-kieli-osaksi-arkea-2-724x1024.jpg"},{"@type":"BreadcrumbList","@id":"https:\/\/aurala.fi\/sv\/stod-for-nyanlanda\/finska-spraket-som-en-del-av-vardagen#breadcrumb","itemListElement":[{"@type":"ListItem","position":1,"name":"Etusivu","item":"https:\/\/aurala.fi\/sv"},{"@type":"ListItem","position":2,"name":"St\u00f6d f\u00f6r nyanl\u00e4nda","item":"https:\/\/aurala.fi\/sv\/stod-for-nyanlanda"},{"@type":"ListItem","position":3,"name":"Finska spr\u00e5ket som en del av vardagen"}]},{"@type":"WebSite","@id":"https:\/\/aurala.fi\/sv#website","url":"https:\/\/aurala.fi\/sv","name":"Auralan Setlementti","description":"Kohtaamispaikka Turussa","publisher":{"@id":"https:\/\/aurala.fi\/sv#organization"},"potentialAction":[{"@type":"SearchAction","target":{"@type":"EntryPoint","urlTemplate":"https:\/\/aurala.fi\/sv?s={search_term_string}"},"query-input":{"@type":"PropertyValueSpecification","valueRequired":true,"valueName":"search_term_string"}}],"inLanguage":"sv-SE"},{"@type":"Organization","@id":"https:\/\/aurala.fi\/sv#organization","name":"Auralan Setlementti ry","url":"https:\/\/aurala.fi\/sv","logo":{"@type":"ImageObject","inLanguage":"sv-SE","@id":"https:\/\/aurala.fi\/sv#\/schema\/logo\/image\/","url":"https:\/\/aurala.fi\/wp-content\/uploads\/2022\/02\/aurala_tunnus_rgb-600.jpg","contentUrl":"https:\/\/aurala.fi\/wp-content\/uploads\/2022\/02\/aurala_tunnus_rgb-600.jpg","width":600,"height":265,"caption":"Auralan Setlementti ry"},"image":{"@id":"https:\/\/aurala.fi\/sv#\/schema\/logo\/image\/"},"sameAs":["https:\/\/www.facebook.com\/AuralaTurku","https:\/\/x.com\/auralaturku","https:\/\/www.instagram.com\/auralankansalaisopisto\/","https:\/\/www.youtube.com\/channel\/UCCxfr4jr7uJWYZKY5erVGyg"]}]}},"_links":{"self":[{"href":"https:\/\/aurala.fi\/sv\/wp-json\/wp\/v2\/pages\/11164","targetHints":{"allow":["GET"]}}],"collection":[{"href":"https:\/\/aurala.fi\/sv\/wp-json\/wp\/v2\/pages"}],"about":[{"href":"https:\/\/aurala.fi\/sv\/wp-json\/wp\/v2\/types\/page"}],"author":[{"embeddable":true,"href":"https:\/\/aurala.fi\/sv\/wp-json\/wp\/v2\/users\/2"}],"replies":[{"embeddable":true,"href":"https:\/\/aurala.fi\/sv\/wp-json\/wp\/v2\/comments?post=11164"}],"version-history":[{"count":1,"href":"https:\/\/aurala.fi\/sv\/wp-json\/wp\/v2\/pages\/11164\/revisions"}],"predecessor-version":[{"id":11200,"href":"https:\/\/aurala.fi\/sv\/wp-json\/wp\/v2\/pages\/11164\/revisions\/11200"}],"up":[{"embeddable":true,"href":"https:\/\/aurala.fi\/sv\/wp-json\/wp\/v2\/pages\/11198"}],"wp:attachment":[{"href":"https:\/\/aurala.fi\/sv\/wp-json\/wp\/v2\/media?parent=11164"}],"curies":[{"name":"wp","href":"https:\/\/api.w.org\/{rel}","templated":true}]}}