{"id":11220,"date":"2022-03-11T11:08:12","date_gmt":"2022-03-11T09:08:12","guid":{"rendered":"https:\/\/aurala.fi\/stod-for-nyanlanda\/stod-for-jobbsokning"},"modified":"2025-11-04T09:59:47","modified_gmt":"2025-11-04T07:59:47","slug":"stod-for-jobbsokning","status":"publish","type":"page","link":"https:\/\/aurala.fi\/sv\/stod-for-nyanlanda\/stod-for-jobbsokning","title":{"rendered":"St\u00f6d f\u00f6r jobbs\u00f6kning"},"content":{"rendered":"[vc_row type=&#8221;full_width_background&#8221; full_screen_row_position=&#8221;middle&#8221; column_margin=&#8221;default&#8221; column_direction=&#8221;default&#8221; column_direction_tablet=&#8221;default&#8221; column_direction_phone=&#8221;default&#8221; bg_image=&#8221;6711&#8243; bg_position=&#8221;left top&#8221; background_image_loading=&#8221;default&#8221; bg_repeat=&#8221;no-repeat&#8221; scene_position=&#8221;center&#8221; top_padding=&#8221;12%&#8221; constrain_group_1=&#8221;yes&#8221; bottom_padding=&#8221;12%&#8221; text_color=&#8221;dark&#8221; text_align=&#8221;left&#8221; row_border_radius=&#8221;none&#8221; row_border_radius_applies=&#8221;bg&#8221; overflow=&#8221;visible&#8221; enable_gradient=&#8221;true&#8221; color_overlay=&#8221;#000000&#8243; advanced_gradient_angle=&#8221;0&#8243; overlay_strength=&#8221;0.3&#8243; gradient_direction=&#8221;left_to_right&#8221; shape_divider_color=&#8221;#ffffff&#8221; shape_divider_position=&#8221;bottom&#8221; shape_divider_height=&#8221;250&#8243; bg_image_animation=&#8221;none&#8221; gradient_type=&#8221;default&#8221; shape_type=&#8221;waves&#8221;][vc_column column_padding=&#8221;no-extra-padding&#8221; column_padding_tablet=&#8221;inherit&#8221; column_padding_phone=&#8221;inherit&#8221; column_padding_position=&#8221;all&#8221; column_element_direction_desktop=&#8221;default&#8221; column_element_spacing=&#8221;default&#8221; desktop_text_alignment=&#8221;default&#8221; tablet_text_alignment=&#8221;default&#8221; phone_text_alignment=&#8221;default&#8221; background_color_opacity=&#8221;1&#8243; background_hover_color_opacity=&#8221;1&#8243; column_backdrop_filter=&#8221;none&#8221; column_shadow=&#8221;none&#8221; column_border_radius=&#8221;none&#8221; column_link_target=&#8221;_self&#8221; column_position=&#8221;default&#8221; gradient_direction=&#8221;left_to_right&#8221; overlay_strength=&#8221;0.3&#8243; width=&#8221;1\/1&#8243; tablet_width_inherit=&#8221;default&#8221; animation_type=&#8221;default&#8221; bg_image_animation=&#8221;none&#8221; border_type=&#8221;simple&#8221; column_border_width=&#8221;none&#8221; column_border_style=&#8221;solid&#8221;][vc_custom_heading text=&#8221;St\u00f6d f\u00f6r jobbs\u00f6kning&#8221; font_container=&#8221;tag:h1|font_size:8vh|text_align:left|color:%23ffffff|line_height:1.1&#8243; use_theme_fonts=&#8221;yes&#8221; css=&#8221;&#8221;][\/vc_column][\/vc_row][vc_row type=&#8221;in_container&#8221; full_screen_row_position=&#8221;middle&#8221; column_margin=&#8221;default&#8221; equal_height=&#8221;yes&#8221; content_placement=&#8221;top&#8221; column_direction=&#8221;default&#8221; column_direction_tablet=&#8221;default&#8221; column_direction_phone=&#8221;default&#8221; scene_position=&#8221;center&#8221; top_padding=&#8221;5%&#8221; constrain_group_1=&#8221;yes&#8221; bottom_padding=&#8221;5%&#8221; text_color=&#8221;dark&#8221; text_align=&#8221;left&#8221; row_border_radius=&#8221;none&#8221; row_border_radius_applies=&#8221;bg&#8221; overflow=&#8221;visible&#8221; id=&#8221;toiminta&#8221; advanced_gradient_angle=&#8221;0&#8243; overlay_strength=&#8221;0.3&#8243; gradient_direction=&#8221;left_to_right&#8221; shape_divider_position=&#8221;bottom&#8221; bg_image_animation=&#8221;none&#8221; gradient_type=&#8221;default&#8221; shape_type=&#8221;&#8221;][vc_column column_padding=&#8221;padding-3-percent&#8221; column_padding_tablet=&#8221;inherit&#8221; column_padding_phone=&#8221;inherit&#8221; column_padding_position=&#8221;right&#8221; column_element_direction_desktop=&#8221;default&#8221; column_element_spacing=&#8221;default&#8221; desktop_text_alignment=&#8221;default&#8221; tablet_text_alignment=&#8221;default&#8221; phone_text_alignment=&#8221;default&#8221; background_color_opacity=&#8221;1&#8243; background_hover_color_opacity=&#8221;1&#8243; column_backdrop_filter=&#8221;none&#8221; column_shadow=&#8221;none&#8221; column_border_radius=&#8221;none&#8221; column_link_target=&#8221;_self&#8221; column_position=&#8221;default&#8221; advanced_gradient_angle=&#8221;0&#8243; gradient_direction=&#8221;left_to_right&#8221; overlay_strength=&#8221;0.3&#8243; width=&#8221;1\/2&#8243; tablet_width_inherit=&#8221;default&#8221; animation_type=&#8221;default&#8221; bg_image_animation=&#8221;none&#8221; border_type=&#8221;simple&#8221; column_border_width=&#8221;none&#8221; column_border_style=&#8221;solid&#8221; gradient_type=&#8221;default&#8221;][vc_column_text css=&#8221;&#8221; text_direction=&#8221;default&#8221;]\n<h2 class=\"xmsonormal\"><b><span style=\"font-size: 14.0pt;\">Har du flyttat till Sverige?<br \/>\nBeh\u00f6ver du hj\u00e4lp med att s\u00f6ka <\/span><\/b><b><span style=\"font-size: 14.0pt;\">jobb?<\/span><\/b><\/h2>\n<p class=\"xmsonormal\">Vi hj\u00e4lper och v\u00e4gleder dig i jobbs\u00f6kandet och relaterade problem. Vi hj\u00e4lper nyanl\u00e4nda personer att komma in p\u00e5 arbetsmarknaden. Om du vill diskutera din situation eller beh\u00f6ver r\u00e5d, tveka inte att kontakta v\u00e5ra medarbetare direkt och boka en tid!  <\/p>\n<p class=\"xmsonormal\">Kontakta:<\/p>\n<p class=\"xmsonormal\">Projektchef Outi Tikkanen 050 316 7715, <a href=\"mailto:outi.tikkanen@aurala.fi\">outi.tikkanen@aurala.fi<\/a> (finska, engelska)<\/p>\n<p class=\"xmsonormal\">Du kan fr\u00e5ga om r\u00e5d g\u00e4llande bl.a.<\/p>\n<ul>\n<li class=\"xmsonormal\">att skapa och uppdatera ditt CV<\/li>\n<li class=\"xmsonormal\">jobbs\u00f6kande<\/li>\n<li class=\"xmsonormal\">att utveckla spr\u00e5kkunskaper inom ditt yrkesomr\u00e5de<\/li>\n<li class=\"xmsonormal\">att s\u00f6ka sommarjobb och l\u00e4rlingsplatser<\/li>\n<li class=\"xmsonormal\">arbetstillst\u00e5nd eller problem relaterade till det<\/li>\n<\/ul>\n<p class=\"xmsonormal\">Om du k\u00e4nner att du har ett problem och inte vet vad du ska g\u00f6ra, ring och boka en tid eller skicka ett meddelande. Vi tittar tillsammans p\u00e5 vad vi kan g\u00f6ra. <\/p>\n<p class=\"xmsonormal\">B\u00e4ttre i arbete \u00e4r ett projekt finansierat av Europeiska unionen som syftar till att hj\u00e4lpa personer med invandrarbakgrund i utmanande syssels\u00e4ttningssituationer att f\u00e5 anst\u00e4llning snabbare, undanr\u00f6ja hinder f\u00f6r syssels\u00e4ttning och f\u00f6rebygga avbrott i anst\u00e4llningsf\u00f6rh\u00e5llanden.<\/p>\n<p><img loading=\"lazy\" decoding=\"async\" class=\"wp-image-7866 size-medium\" src=\"https:\/\/aurala.fi\/wp-content\/uploads\/2023\/03\/FI-Funded-by-the-EU_POS-300x63.jpg\" alt=\"Logotyp f\u00f6r finansiering fr\u00e5n Europeiska unionen\" width=\"300\" height=\"63\" srcset=\"https:\/\/aurala.fi\/wp-content\/uploads\/2023\/03\/FI-Funded-by-the-EU_POS-300x63.jpg 300w, https:\/\/aurala.fi\/wp-content\/uploads\/2023\/03\/FI-Funded-by-the-EU_POS-1024x215.jpg 1024w, https:\/\/aurala.fi\/wp-content\/uploads\/2023\/03\/FI-Funded-by-the-EU_POS-768x161.jpg 768w, https:\/\/aurala.fi\/wp-content\/uploads\/2023\/03\/FI-Funded-by-the-EU_POS-1536x322.jpg 1536w, https:\/\/aurala.fi\/wp-content\/uploads\/2023\/03\/FI-Funded-by-the-EU_POS-2048x430.jpg 2048w\" sizes=\"auto, (max-width: 300px) 100vw, 300px\" \/>[\/vc_column_text][divider line_type=&#8221;No Line&#8221;][vc_column_text][\/vc_column_text][\/vc_column][vc_column column_padding=&#8221;no-extra-padding&#8221; column_padding_tablet=&#8221;inherit&#8221; column_padding_phone=&#8221;inherit&#8221; column_padding_position=&#8221;all&#8221; column_element_direction_desktop=&#8221;default&#8221; column_element_spacing=&#8221;default&#8221; desktop_text_alignment=&#8221;default&#8221; tablet_text_alignment=&#8221;default&#8221; phone_text_alignment=&#8221;default&#8221; background_color_opacity=&#8221;1&#8243; background_hover_color_opacity=&#8221;1&#8243; column_backdrop_filter=&#8221;none&#8221; column_shadow=&#8221;none&#8221; column_border_radius=&#8221;none&#8221; column_link_target=&#8221;_self&#8221; column_position=&#8221;default&#8221; gradient_direction=&#8221;left_to_right&#8221; overlay_strength=&#8221;0.3&#8243; width=&#8221;1\/2&#8243; tablet_width_inherit=&#8221;default&#8221; animation_type=&#8221;default&#8221; bg_image_animation=&#8221;none&#8221; border_type=&#8221;simple&#8221; column_border_width=&#8221;none&#8221; column_border_style=&#8221;solid&#8221;][image_with_animation image_url=&#8221;6427&#8243; image_size=&#8221;full&#8221; animation_type=&#8221;entrance&#8221; animation=&#8221;Fade In&#8221; animation_easing=&#8221;default&#8221; animation_movement_type=&#8221;transform_y&#8221; hover_animation=&#8221;none&#8221; alignment=&#8221;&#8221; border_radius=&#8221;none&#8221; box_shadow=&#8221;none&#8221; image_loading=&#8221;default&#8221; max_width=&#8221;100%&#8221; max_width_mobile=&#8221;default&#8221;][vc_column_text css=&#8221;&#8221; text_direction=&#8221;default&#8221;]<strong>Tips f\u00f6r jobbs\u00f6kande:<\/strong><\/p>\n<p><a href=\"https:\/\/aurala.fi\/wp-content\/uploads\/2025\/10\/Ohjauskortti-1-Tyon-perassa-liikkuminen-TyosSa-parempi.pdf\">Att flytta f\u00f6r arbete (v\u00e4gledningskort 1)<\/a><\/p>\n<p><a href=\"https:\/\/aurala.fi\/wp-content\/uploads\/2025\/10\/Ohjauskortti-2-Tyon-perassa-liikkuminen-TyosSa-parempi.pdf\">Att flytta f\u00f6r arbete (v\u00e4gledningskort 2)<\/a><\/p>\n<p><a href=\"https:\/\/aurala.fi\/wp-content\/uploads\/2025\/10\/Ohjauskortti-3-Vinkkeja-suomen-kielen-oppimiseen-TyosSa-parempi.pdf\">Tips f\u00f6r att l\u00e4ra sig finska (v\u00e4gledningskort 3)<\/a><\/p>\n<p><a href=\"https:\/\/aurala.fi\/wp-content\/uploads\/2025\/10\/Ohjauskortti-4-Tyoluvan-jatkaminen-tai-tyoalan-vaihto-TyosSa-parempi.pdf\">F\u00f6rl\u00e4nga arbetstillst\u00e5nd eller byta bransch (v\u00e4gledningskort 4)<\/a><\/p>\n<p><a href=\"https:\/\/aurala.fi\/wp-content\/uploads\/2025\/10\/Tyonhaun-pelikortit-Tyossa-Parempi-2.pdf\">Anst\u00e4llningsintervjufr\u00e5gor<\/a>[\/vc_column_text][\/vc_column][\/vc_row]\n","protected":false},"excerpt":{"rendered":"<p>[vc_row type=&#8221;full_width_background&#8221; full_screen_row_position=&#8221;middle&#8221; column_margin=&#8221;default&#8221; column_direction=&#8221;default&#8221; column_direction_tablet=&#8221;default&#8221; column_direction_phone=&#8221;default&#8221; bg_image=&#8221;6711&#8243; bg_position=&#8221;left top&#8221; background_image_loading=&#8221;default&#8221; bg_repeat=&#8221;no-repeat&#8221;&#8230;<\/p>\n","protected":false},"author":2,"featured_media":0,"parent":11198,"menu_order":0,"comment_status":"closed","ping_status":"closed","template":"","meta":{"footnotes":""},"class_list":["post-11220","page","type-page","status-publish"],"yoast_head":"<!-- This site is optimized with the Yoast SEO plugin v26.8 - https:\/\/yoast.com\/product\/yoast-seo-wordpress\/ -->\n<title>St\u00f6d f\u00f6r jobbs\u00f6kning F\u00f6r nyanl\u00e4nda till Sverige - Auralan Setlementti<\/title>\n<meta name=\"description\" content=\"Vi erbjuder v\u00e4gledning och r\u00e5dgivning i olika fr\u00e5gor f\u00f6r personer som har flyttat till Sverige. Tveka inte att kontakta oss!\" \/>\n<meta name=\"robots\" content=\"index, follow, max-snippet:-1, max-image-preview:large, max-video-preview:-1\" \/>\n<link rel=\"canonical\" href=\"https:\/\/aurala.fi\/sv\/stod-for-nyanlanda\/stod-for-jobbsokning\" \/>\n<meta property=\"og:locale\" content=\"sv_SE\" \/>\n<meta property=\"og:type\" content=\"article\" \/>\n<meta property=\"og:title\" content=\"St\u00f6d f\u00f6r jobbs\u00f6kning F\u00f6r nyanl\u00e4nda till Sverige - Auralan Setlementti\" \/>\n<meta property=\"og:description\" content=\"Vi erbjuder v\u00e4gledning och r\u00e5dgivning i olika fr\u00e5gor f\u00f6r personer som har flyttat till Sverige. Tveka inte att kontakta oss!\" \/>\n<meta property=\"og:url\" content=\"https:\/\/aurala.fi\/sv\/stod-for-nyanlanda\/stod-for-jobbsokning\" \/>\n<meta property=\"og:site_name\" content=\"Auralan Setlementti\" \/>\n<meta property=\"article:publisher\" content=\"https:\/\/www.facebook.com\/AuralaTurku\" \/>\n<meta property=\"article:modified_time\" content=\"2025-11-04T07:59:47+00:00\" \/>\n<meta property=\"og:image\" content=\"https:\/\/aurala.fi\/wp-content\/uploads\/2023\/03\/FI-Funded-by-the-EU_POS-scaled.jpg?wsr\" \/>\n\t<meta property=\"og:image:width\" content=\"2560\" \/>\n\t<meta property=\"og:image:height\" content=\"537\" \/>\n\t<meta property=\"og:image:type\" content=\"image\/jpeg\" \/>\n<meta name=\"twitter:card\" content=\"summary_large_image\" \/>\n<meta name=\"twitter:site\" content=\"@auralaturku\" \/>\n<meta name=\"twitter:label1\" content=\"Ber\u00e4knad l\u00e4stid\" \/>\n\t<meta name=\"twitter:data1\" content=\"4 minuter\" \/>\n<script type=\"application\/ld+json\" class=\"yoast-schema-graph\">{\"@context\":\"https:\/\/schema.org\",\"@graph\":[{\"@type\":\"WebPage\",\"@id\":\"https:\/\/aurala.fi\/sv\/stod-for-nyanlanda\/stod-for-jobbsokning\",\"url\":\"https:\/\/aurala.fi\/sv\/stod-for-nyanlanda\/stod-for-jobbsokning\",\"name\":\"St\u00f6d f\u00f6r jobbs\u00f6kning F\u00f6r nyanl\u00e4nda till Sverige - Auralan Setlementti\",\"isPartOf\":{\"@id\":\"https:\/\/aurala.fi\/sv#website\"},\"primaryImageOfPage\":{\"@id\":\"https:\/\/aurala.fi\/sv\/stod-for-nyanlanda\/stod-for-jobbsokning#primaryimage\"},\"image\":{\"@id\":\"https:\/\/aurala.fi\/sv\/stod-for-nyanlanda\/stod-for-jobbsokning#primaryimage\"},\"thumbnailUrl\":\"https:\/\/aurala.fi\/wp-content\/uploads\/2023\/03\/FI-Funded-by-the-EU_POS-300x63.jpg\",\"datePublished\":\"2022-03-11T09:08:12+00:00\",\"dateModified\":\"2025-11-04T07:59:47+00:00\",\"description\":\"Vi erbjuder v\u00e4gledning och r\u00e5dgivning i olika fr\u00e5gor f\u00f6r personer som har flyttat till Sverige. Tveka inte att kontakta oss!\",\"breadcrumb\":{\"@id\":\"https:\/\/aurala.fi\/sv\/stod-for-nyanlanda\/stod-for-jobbsokning#breadcrumb\"},\"inLanguage\":\"sv-SE\",\"potentialAction\":[{\"@type\":\"ReadAction\",\"target\":[\"https:\/\/aurala.fi\/sv\/stod-for-nyanlanda\/stod-for-jobbsokning\"]}]},{\"@type\":\"ImageObject\",\"inLanguage\":\"sv-SE\",\"@id\":\"https:\/\/aurala.fi\/sv\/stod-for-nyanlanda\/stod-for-jobbsokning#primaryimage\",\"url\":\"https:\/\/aurala.fi\/wp-content\/uploads\/2023\/03\/FI-Funded-by-the-EU_POS-300x63.jpg\",\"contentUrl\":\"https:\/\/aurala.fi\/wp-content\/uploads\/2023\/03\/FI-Funded-by-the-EU_POS-300x63.jpg\"},{\"@type\":\"BreadcrumbList\",\"@id\":\"https:\/\/aurala.fi\/sv\/stod-for-nyanlanda\/stod-for-jobbsokning#breadcrumb\",\"itemListElement\":[{\"@type\":\"ListItem\",\"position\":1,\"name\":\"Etusivu\",\"item\":\"https:\/\/aurala.fi\/sv\"},{\"@type\":\"ListItem\",\"position\":2,\"name\":\"St\u00f6d f\u00f6r nyanl\u00e4nda\",\"item\":\"https:\/\/aurala.fi\/sv\/stod-for-nyanlanda\"},{\"@type\":\"ListItem\",\"position\":3,\"name\":\"St\u00f6d f\u00f6r jobbs\u00f6kning\"}]},{\"@type\":\"WebSite\",\"@id\":\"https:\/\/aurala.fi\/sv#website\",\"url\":\"https:\/\/aurala.fi\/sv\",\"name\":\"Auralan Setlementti\",\"description\":\"Kohtaamispaikka Turussa\",\"publisher\":{\"@id\":\"https:\/\/aurala.fi\/sv#organization\"},\"potentialAction\":[{\"@type\":\"SearchAction\",\"target\":{\"@type\":\"EntryPoint\",\"urlTemplate\":\"https:\/\/aurala.fi\/sv?s={search_term_string}\"},\"query-input\":{\"@type\":\"PropertyValueSpecification\",\"valueRequired\":true,\"valueName\":\"search_term_string\"}}],\"inLanguage\":\"sv-SE\"},{\"@type\":\"Organization\",\"@id\":\"https:\/\/aurala.fi\/sv#organization\",\"name\":\"Auralan Setlementti ry\",\"url\":\"https:\/\/aurala.fi\/sv\",\"logo\":{\"@type\":\"ImageObject\",\"inLanguage\":\"sv-SE\",\"@id\":\"https:\/\/aurala.fi\/sv#\/schema\/logo\/image\/\",\"url\":\"https:\/\/aurala.fi\/wp-content\/uploads\/2022\/02\/aurala_tunnus_rgb-600.jpg\",\"contentUrl\":\"https:\/\/aurala.fi\/wp-content\/uploads\/2022\/02\/aurala_tunnus_rgb-600.jpg\",\"width\":600,\"height\":265,\"caption\":\"Auralan Setlementti ry\"},\"image\":{\"@id\":\"https:\/\/aurala.fi\/sv#\/schema\/logo\/image\/\"},\"sameAs\":[\"https:\/\/www.facebook.com\/AuralaTurku\",\"https:\/\/x.com\/auralaturku\",\"https:\/\/www.instagram.com\/auralankansalaisopisto\/\",\"https:\/\/www.youtube.com\/channel\/UCCxfr4jr7uJWYZKY5erVGyg\"]}]}<\/script>\n<!-- \/ Yoast SEO plugin. -->","yoast_head_json":{"title":"St\u00f6d f\u00f6r jobbs\u00f6kning F\u00f6r nyanl\u00e4nda till Sverige - Auralan Setlementti","description":"Vi erbjuder v\u00e4gledning och r\u00e5dgivning i olika fr\u00e5gor f\u00f6r personer som har flyttat till Sverige. Tveka inte att kontakta oss!","robots":{"index":"index","follow":"follow","max-snippet":"max-snippet:-1","max-image-preview":"max-image-preview:large","max-video-preview":"max-video-preview:-1"},"canonical":"https:\/\/aurala.fi\/sv\/stod-for-nyanlanda\/stod-for-jobbsokning","og_locale":"sv_SE","og_type":"article","og_title":"St\u00f6d f\u00f6r jobbs\u00f6kning F\u00f6r nyanl\u00e4nda till Sverige - Auralan Setlementti","og_description":"Vi erbjuder v\u00e4gledning och r\u00e5dgivning i olika fr\u00e5gor f\u00f6r personer som har flyttat till Sverige. Tveka inte att kontakta oss!","og_url":"https:\/\/aurala.fi\/sv\/stod-for-nyanlanda\/stod-for-jobbsokning","og_site_name":"Auralan Setlementti","article_publisher":"https:\/\/www.facebook.com\/AuralaTurku","article_modified_time":"2025-11-04T07:59:47+00:00","og_image":[{"width":2560,"height":537,"url":"https:\/\/aurala.fi\/wp-content\/uploads\/2023\/03\/FI-Funded-by-the-EU_POS-scaled.jpg?wsr","type":"image\/jpeg"}],"twitter_card":"summary_large_image","twitter_site":"@auralaturku","twitter_misc":{"Ber\u00e4knad l\u00e4stid":"4 minuter"},"schema":{"@context":"https:\/\/schema.org","@graph":[{"@type":"WebPage","@id":"https:\/\/aurala.fi\/sv\/stod-for-nyanlanda\/stod-for-jobbsokning","url":"https:\/\/aurala.fi\/sv\/stod-for-nyanlanda\/stod-for-jobbsokning","name":"St\u00f6d f\u00f6r jobbs\u00f6kning F\u00f6r nyanl\u00e4nda till Sverige - Auralan Setlementti","isPartOf":{"@id":"https:\/\/aurala.fi\/sv#website"},"primaryImageOfPage":{"@id":"https:\/\/aurala.fi\/sv\/stod-for-nyanlanda\/stod-for-jobbsokning#primaryimage"},"image":{"@id":"https:\/\/aurala.fi\/sv\/stod-for-nyanlanda\/stod-for-jobbsokning#primaryimage"},"thumbnailUrl":"https:\/\/aurala.fi\/wp-content\/uploads\/2023\/03\/FI-Funded-by-the-EU_POS-300x63.jpg","datePublished":"2022-03-11T09:08:12+00:00","dateModified":"2025-11-04T07:59:47+00:00","description":"Vi erbjuder v\u00e4gledning och r\u00e5dgivning i olika fr\u00e5gor f\u00f6r personer som har flyttat till Sverige. Tveka inte att kontakta oss!","breadcrumb":{"@id":"https:\/\/aurala.fi\/sv\/stod-for-nyanlanda\/stod-for-jobbsokning#breadcrumb"},"inLanguage":"sv-SE","potentialAction":[{"@type":"ReadAction","target":["https:\/\/aurala.fi\/sv\/stod-for-nyanlanda\/stod-for-jobbsokning"]}]},{"@type":"ImageObject","inLanguage":"sv-SE","@id":"https:\/\/aurala.fi\/sv\/stod-for-nyanlanda\/stod-for-jobbsokning#primaryimage","url":"https:\/\/aurala.fi\/wp-content\/uploads\/2023\/03\/FI-Funded-by-the-EU_POS-300x63.jpg","contentUrl":"https:\/\/aurala.fi\/wp-content\/uploads\/2023\/03\/FI-Funded-by-the-EU_POS-300x63.jpg"},{"@type":"BreadcrumbList","@id":"https:\/\/aurala.fi\/sv\/stod-for-nyanlanda\/stod-for-jobbsokning#breadcrumb","itemListElement":[{"@type":"ListItem","position":1,"name":"Etusivu","item":"https:\/\/aurala.fi\/sv"},{"@type":"ListItem","position":2,"name":"St\u00f6d f\u00f6r nyanl\u00e4nda","item":"https:\/\/aurala.fi\/sv\/stod-for-nyanlanda"},{"@type":"ListItem","position":3,"name":"St\u00f6d f\u00f6r jobbs\u00f6kning"}]},{"@type":"WebSite","@id":"https:\/\/aurala.fi\/sv#website","url":"https:\/\/aurala.fi\/sv","name":"Auralan Setlementti","description":"Kohtaamispaikka Turussa","publisher":{"@id":"https:\/\/aurala.fi\/sv#organization"},"potentialAction":[{"@type":"SearchAction","target":{"@type":"EntryPoint","urlTemplate":"https:\/\/aurala.fi\/sv?s={search_term_string}"},"query-input":{"@type":"PropertyValueSpecification","valueRequired":true,"valueName":"search_term_string"}}],"inLanguage":"sv-SE"},{"@type":"Organization","@id":"https:\/\/aurala.fi\/sv#organization","name":"Auralan Setlementti ry","url":"https:\/\/aurala.fi\/sv","logo":{"@type":"ImageObject","inLanguage":"sv-SE","@id":"https:\/\/aurala.fi\/sv#\/schema\/logo\/image\/","url":"https:\/\/aurala.fi\/wp-content\/uploads\/2022\/02\/aurala_tunnus_rgb-600.jpg","contentUrl":"https:\/\/aurala.fi\/wp-content\/uploads\/2022\/02\/aurala_tunnus_rgb-600.jpg","width":600,"height":265,"caption":"Auralan Setlementti ry"},"image":{"@id":"https:\/\/aurala.fi\/sv#\/schema\/logo\/image\/"},"sameAs":["https:\/\/www.facebook.com\/AuralaTurku","https:\/\/x.com\/auralaturku","https:\/\/www.instagram.com\/auralankansalaisopisto\/","https:\/\/www.youtube.com\/channel\/UCCxfr4jr7uJWYZKY5erVGyg"]}]}},"_links":{"self":[{"href":"https:\/\/aurala.fi\/sv\/wp-json\/wp\/v2\/pages\/11220","targetHints":{"allow":["GET"]}}],"collection":[{"href":"https:\/\/aurala.fi\/sv\/wp-json\/wp\/v2\/pages"}],"about":[{"href":"https:\/\/aurala.fi\/sv\/wp-json\/wp\/v2\/types\/page"}],"author":[{"embeddable":true,"href":"https:\/\/aurala.fi\/sv\/wp-json\/wp\/v2\/users\/2"}],"replies":[{"embeddable":true,"href":"https:\/\/aurala.fi\/sv\/wp-json\/wp\/v2\/comments?post=11220"}],"version-history":[{"count":1,"href":"https:\/\/aurala.fi\/sv\/wp-json\/wp\/v2\/pages\/11220\/revisions"}],"predecessor-version":[{"id":11234,"href":"https:\/\/aurala.fi\/sv\/wp-json\/wp\/v2\/pages\/11220\/revisions\/11234"}],"up":[{"embeddable":true,"href":"https:\/\/aurala.fi\/sv\/wp-json\/wp\/v2\/pages\/11198"}],"wp:attachment":[{"href":"https:\/\/aurala.fi\/sv\/wp-json\/wp\/v2\/media?parent=11220"}],"curies":[{"name":"wp","href":"https:\/\/api.w.org\/{rel}","templated":true}]}}