{"id":11249,"date":"2022-03-11T11:46:53","date_gmt":"2022-03-11T09:46:53","guid":{"rendered":"https:\/\/aurala.fi\/vad-ar-aurala"},"modified":"2026-01-05T11:36:53","modified_gmt":"2026-01-05T09:36:53","slug":"vad-ar-aurala","status":"publish","type":"page","link":"https:\/\/aurala.fi\/sv\/vad-ar-aurala","title":{"rendered":"Vad \u00e4r Aurala?"},"content":{"rendered":"[vc_row type=&#8221;full_width_background&#8221; full_screen_row_position=&#8221;middle&#8221; column_margin=&#8221;default&#8221; column_direction=&#8221;default&#8221; column_direction_tablet=&#8221;default&#8221; column_direction_phone=&#8221;default&#8221; bg_image=&#8221;9533&#8243; bg_image_type=&#8221;default&#8221; bg_position=&#8221;left top&#8221; background_image_loading=&#8221;default&#8221; bg_repeat=&#8221;no-repeat&#8221; scene_position=&#8221;center&#8221; top_padding=&#8221;12%&#8221; constrain_group_1=&#8221;yes&#8221; bottom_padding=&#8221;12%&#8221; text_color=&#8221;dark&#8221; text_align=&#8221;left&#8221; row_border_radius=&#8221;none&#8221; row_border_radius_applies=&#8221;bg&#8221; row_position_desktop=&#8221;default&#8221; row_position_tablet=&#8221;inherit&#8221; row_position_phone=&#8221;inherit&#8221; overflow=&#8221;visible&#8221; enable_gradient=&#8221;true&#8221; color_overlay=&#8221;#000000&#8243; advanced_gradient_angle=&#8221;0&#8243; overlay_strength=&#8221;0.3&#8243; gradient_direction=&#8221;left_to_right&#8221; shape_divider_color=&#8221;#ffffff&#8221; shape_divider_position=&#8221;bottom&#8221; shape_divider_height=&#8221;250&#8243; bg_image_animation=&#8221;none&#8221; gradient_type=&#8221;default&#8221; shape_type=&#8221;waves&#8221;][vc_column flex_gap_desktop=&#8221;10px&#8221; column_element_direction_desktop=&#8221;default&#8221; column_element_spacing=&#8221;default&#8221; desktop_text_alignment=&#8221;default&#8221; tablet_text_alignment=&#8221;default&#8221; phone_text_alignment=&#8221;default&#8221; background_color_opacity=&#8221;1&#8243; background_hover_color_opacity=&#8221;1&#8243; column_backdrop_filter=&#8221;none&#8221; column_shadow=&#8221;none&#8221; column_border_radius=&#8221;none&#8221; column_link_target=&#8221;_self&#8221; column_position=&#8221;default&#8221; gradient_direction=&#8221;left_to_right&#8221; overlay_strength=&#8221;0.3&#8243; width=&#8221;1\/1&#8243; tablet_width_inherit=&#8221;default&#8221; animation_type=&#8221;default&#8221; bg_image_animation=&#8221;none&#8221; border_type=&#8221;simple&#8221; column_border_width=&#8221;none&#8221; column_border_style=&#8221;solid&#8221; column_padding_type=&#8221;advanced&#8221; gradient_type=&#8221;default&#8221;][vc_custom_heading text=&#8221;Vad \u00e4r Aurala?&#8221; font_container=&#8221;tag:h1|font_size:8vh|text_align:left|color:%23ffffff|line_height:1.1&#8243; use_theme_fonts=&#8221;yes&#8221;][\/vc_column][\/vc_row][vc_row type=&#8221;in_container&#8221; full_screen_row_position=&#8221;middle&#8221; column_margin=&#8221;default&#8221; equal_height=&#8221;yes&#8221; content_placement=&#8221;top&#8221; column_direction=&#8221;default&#8221; column_direction_tablet=&#8221;default&#8221; column_direction_phone=&#8221;default&#8221; scene_position=&#8221;center&#8221; top_padding=&#8221;5%&#8221; constrain_group_1=&#8221;yes&#8221; bottom_padding=&#8221;5%&#8221; text_color=&#8221;dark&#8221; text_align=&#8221;left&#8221; row_border_radius=&#8221;none&#8221; row_border_radius_applies=&#8221;bg&#8221; row_position_desktop=&#8221;default&#8221; row_position_tablet=&#8221;inherit&#8221; row_position_phone=&#8221;inherit&#8221; overflow=&#8221;visible&#8221; id=&#8221;toiminta&#8221; advanced_gradient_angle=&#8221;0&#8243; overlay_strength=&#8221;0.3&#8243; gradient_direction=&#8221;left_to_right&#8221; shape_divider_position=&#8221;bottom&#8221; bg_image_animation=&#8221;none&#8221; gradient_type=&#8221;default&#8221; shape_type=&#8221;&#8221;][vc_column column_padding=&#8221;padding-3-percent&#8221; column_padding_tablet=&#8221;inherit&#8221; column_padding_phone=&#8221;inherit&#8221; column_padding_position=&#8221;right&#8221; flex_gap_desktop=&#8221;10px&#8221; column_element_direction_desktop=&#8221;default&#8221; column_element_spacing=&#8221;default&#8221; desktop_text_alignment=&#8221;default&#8221; tablet_text_alignment=&#8221;default&#8221; phone_text_alignment=&#8221;default&#8221; background_color_opacity=&#8221;1&#8243; background_hover_color_opacity=&#8221;1&#8243; column_backdrop_filter=&#8221;none&#8221; column_shadow=&#8221;none&#8221; column_border_radius=&#8221;none&#8221; column_link_target=&#8221;_self&#8221; column_position=&#8221;default&#8221; advanced_gradient_angle=&#8221;0&#8243; gradient_direction=&#8221;left_to_right&#8221; overlay_strength=&#8221;0.3&#8243; width=&#8221;1\/2&#8243; tablet_width_inherit=&#8221;default&#8221; animation_type=&#8221;default&#8221; bg_image_animation=&#8221;none&#8221; border_type=&#8221;simple&#8221; column_border_width=&#8221;none&#8221; column_border_style=&#8221;solid&#8221; gradient_type=&#8221;default&#8221;][vc_column_text css=&#8221;&#8221; text_direction=&#8221;default&#8221;]\n<p class=\"x_MsoNormal\">Aurala \u00e4r en \u00f6ppen plats f\u00f6r hobbyer och m\u00f6ten f\u00f6r alla. Hos oss kan du studera och ha hobbyer i medborgarinstitutet, delta i gratis aktiviteter i omr\u00e5dets vardagsrum eller i studie- och rekreationsverksamhet f\u00f6r seniorer. F\u00f6r dem som flyttat till Finland l\u00e4r vi ut finska och ger r\u00e5d om jobbs\u00f6kning samt m\u00e5nga praktiska fr\u00e5gor.  <\/p>\n<p class=\"x_MsoNormal\">Vi har ocks\u00e5 tj\u00e4nster f\u00f6r familjens minsta, eftersom v\u00e5rt daghem \u00e4r en hemlik v\u00e5rdplats f\u00f6r cirka 35 barn och v\u00e5rt medborgarinstituts utbud inneh\u00e5ller kurser l\u00e4mpliga f\u00f6r barn och ungdomar.<\/p>\n<p class=\"x_MsoNormal\">Aurala fr\u00e4mjar ett gott och aktivt liv i alla livsskeden, f\u00f6rst\u00e5else f\u00f6r olikheter och gemenskap. Centralt i utvecklingen av verksamheten \u00e4r att lyssna p\u00e5 kundens r\u00f6st och samarbeta med andra akt\u00f6rer. Enligt dessa principer har vi verkat sedan 1939.  <\/p>\n<p class=\"x_MsoNormal\">Vi \u00e4r medlem i <a href=\"https:\/\/setlementti.fi\/\" target=\"_blank\" rel=\"noopener noreferrer\" data-auth=\"NotApplicable\" data-linkindex=\"0\">Suomen Setlementtiliitto ry<\/a>. I Finland finns 32 settlement, det vill s\u00e4ga lokala f\u00f6reningar. Vi \u00e4r ocks\u00e5 en del av den <a href=\"https:\/\/setlementti.fi\/setlementtiliitto\/kansainvalinen-yhteistyo\/\" target=\"_blank\" rel=\"noopener noreferrer\" data-auth=\"NotApplicable\" data-linkindex=\"1\">internationella settlementr\u00f6relsen<\/a>. V\u00e5r verksamhet \u00e4r politiskt och religi\u00f6st obunden. V\u00e5ra d\u00f6rrar \u00e4r \u00f6ppna f\u00f6r alla. I v\u00e5r verksamhet f\u00f6ljer vi principerna f\u00f6r ett tryggare utrymme.     <\/p>\n<p><a href=\"https:\/\/aurala.fi\/sv\/vad-ar-aurala\/auralan-turvallisemman-tilan-periaatteet-2-3-2\" rel=\"attachment wp-att-10491\">Auralas principer f\u00f6r ett tryggare rum<\/a><\/p>\n<p><a href=\"https:\/\/aurala.fi\/sv\/vad-ar-aurala\/auralan-turvallisemman-tilan-periaatteet-3-2\" rel=\"attachment wp-att-10487\">Auralas principer f\u00f6r ett tryggare rum<\/a><\/p>\n<p><a href=\"https:\/\/aurala.fi\/sv\/vad-ar-aurala\/auralan-turvallisemman-tilan-periaatteet-4-2\" rel=\"attachment wp-att-10488\">Auralas principer f\u00f6r ett tryggare rum<\/a>[\/vc_column_text][divider line_type=&#8221;No Line&#8221;][nectar_cta btn_style=&#8221;underline&#8221; underline_visibility=&#8221;default&#8221; heading_tag=&#8221;h4&#8243; link_type=&#8221;new_tab&#8221; button_color=&#8221;default&#8221; text_color=&#8221;#000000&#8243; button_border_thickness=&#8221;0px&#8221; alignment=&#8221;left&#8221; alignment_tablet=&#8221;default&#8221; alignment_phone=&#8221;default&#8221; display=&#8221;block&#8221; display_tablet=&#8221;inherit&#8221; display_phone=&#8221;inherit&#8221; icon_family=&#8221;none&#8221; link_text=&#8221;Auralas verksamhetsber\u00e4ttelse&#8221; url=&#8221;https:\/\/aurala.fi\/wp-content\/uploads\/2025\/05\/Auralan-Setlementin-toimintakertomus-2024.pdf&#8221;][divider line_type=&#8221;No Line&#8221;][vc_custom_heading text=&#8221;Auralas v\u00e4rderingar&#8221; font_container=&#8221;tag:h2|text_align:left|color:%23000000&#8243; use_theme_fonts=&#8221;yes&#8221;][divider line_type=&#8221;No Line&#8221;][vc_column_text]<strong>K\u00e4nslighet<\/strong><br \/>\nK\u00e4nslighet \u00e4r \u00f6ppenhet och lyssnande. Det \u00e4r f\u00f6rm\u00e5gan att m\u00f6ta en person och identifiera deras behov. Det \u00e4r skickligheten och modet att ta upp saker. K\u00e4nslighet \u00e4r f\u00f6rm\u00e5gan att se bortom ytan och se en persons m\u00e5ngsidiga kompetens. K\u00e4nslighet \u00e4r f\u00f6rm\u00e5gan att f\u00f6rutse och reagera.    <\/p>\n<p><strong>F\u00f6rtroende<\/strong><br \/>\nVi ser varje person som i grunden god och litar p\u00e5 m\u00e4nniskans resurser. Vi st\u00e4rker m\u00e4nniskors f\u00f6rm\u00e5ga att ta ansvar f\u00f6r sina angel\u00e4genheter. Vi uppmuntrar till att str\u00e4va efter egna dr\u00f6mmar och m\u00e5l. Vi hj\u00e4lper. Vi g\u00f6r inte saker \u00e5t andra. Vi fungerar som betydelsefulla andra f\u00f6r varandra: som m\u00e4nniskor som litar p\u00e5 min kompetens \u00e4ven n\u00e4r jag sj\u00e4lv inte g\u00f6r det och uppmuntrar mig fram\u00e5t.     <\/p>\n<p><strong>J\u00e4mlikhet<\/strong><br \/>\nVi m\u00f6ter m\u00e4nniskor med respekt och j\u00e4mlikhet. Vi m\u00f6ter dem som de \u00e4r, utan att v\u00e4rdera, anta eller d\u00f6ma och med ett \u00f6ppet sinne. Vi ger m\u00e4nniskor olika m\u00f6jligheter att k\u00e4nna sig som en del av gruppen: att bli h\u00f6rda och sedda.[\/vc_column_text][divider line_type=&#8221;No Line&#8221;][vc_custom_heading text=&#8221;Auralas vision&#8221; font_container=&#8221;tag:h2|text_align:left|color:%23000000&#8243; use_theme_fonts=&#8221;yes&#8221;][divider line_type=&#8221;No Line&#8221;][vc_column_text]\u00c5r 2030 \u00e4r Aurala en f\u00f6rening som fr\u00e4mjar dialog mellan olika befolkningsgrupper, m\u00e5ngfald och goda relationer mellan befolkningsgrupper. Till v\u00e5ra centrala principer h\u00f6r livsl\u00e5ng tillv\u00e4xt och l\u00e4rande samt ekosocial bildning. I v\u00e5r verksamhet f\u00f6rverkligas m\u00f6ten mellan generationer och olika kulturer, f\u00f6rebyggande socialt arbete och omsorg om varandra.[\/vc_column_text][\/vc_column][vc_column column_padding=&#8221;no-extra-padding&#8221; column_padding_tablet=&#8221;inherit&#8221; column_padding_phone=&#8221;inherit&#8221; column_padding_position=&#8221;all&#8221; flex_gap_desktop=&#8221;10px&#8221; column_element_direction_desktop=&#8221;default&#8221; column_element_spacing=&#8221;default&#8221; desktop_text_alignment=&#8221;default&#8221; tablet_text_alignment=&#8221;default&#8221; phone_text_alignment=&#8221;default&#8221; background_color_opacity=&#8221;1&#8243; background_hover_color_opacity=&#8221;1&#8243; column_backdrop_filter=&#8221;none&#8221; column_shadow=&#8221;none&#8221; column_border_radius=&#8221;none&#8221; column_link_target=&#8221;_self&#8221; column_position=&#8221;default&#8221; gradient_direction=&#8221;left_to_right&#8221; overlay_strength=&#8221;0.3&#8243; width=&#8221;1\/2&#8243; tablet_width_inherit=&#8221;default&#8221; animation_type=&#8221;default&#8221; bg_image_animation=&#8221;none&#8221; border_type=&#8221;simple&#8221; column_border_width=&#8221;none&#8221; column_border_style=&#8221;solid&#8221;][image_with_animation image_url=&#8221;6572&#8243; image_size=&#8221;full&#8221; max_width=&#8221;100%&#8221; max_width_mobile=&#8221;default&#8221; animation_type=&#8221;entrance&#8221; animation=&#8221;Fade In&#8221; animation_easing=&#8221;default&#8221; animation_movement_type=&#8221;transform_y&#8221; hover_animation=&#8221;none&#8221; alignment=&#8221;&#8221; border_radius=&#8221;none&#8221; box_shadow=&#8221;none&#8221; image_loading=&#8221;default&#8221;][image_with_animation image_url=&#8221;6083&#8243; image_size=&#8221;full&#8221; max_width=&#8221;100%&#8221; max_width_mobile=&#8221;default&#8221; animation_type=&#8221;entrance&#8221; animation=&#8221;Fade In&#8221; animation_easing=&#8221;default&#8221; animation_movement_type=&#8221;transform_y&#8221; hover_animation=&#8221;none&#8221; alignment=&#8221;&#8221; border_radius=&#8221;none&#8221; box_shadow=&#8221;none&#8221; image_loading=&#8221;default&#8221;][image_with_animation image_url=&#8221;6076&#8243; image_size=&#8221;full&#8221; max_width=&#8221;100%&#8221; max_width_mobile=&#8221;default&#8221; animation_type=&#8221;entrance&#8221; animation=&#8221;Fade In&#8221; animation_easing=&#8221;default&#8221; animation_movement_type=&#8221;transform_y&#8221; hover_animation=&#8221;none&#8221; alignment=&#8221;&#8221; border_radius=&#8221;none&#8221; box_shadow=&#8221;none&#8221; image_loading=&#8221;default&#8221;][image_with_animation image_url=&#8221;6127&#8243; image_size=&#8221;full&#8221; max_width=&#8221;100%&#8221; max_width_mobile=&#8221;default&#8221; animation_type=&#8221;entrance&#8221; animation=&#8221;Fade In&#8221; animation_easing=&#8221;default&#8221; animation_movement_type=&#8221;transform_y&#8221; hover_animation=&#8221;none&#8221; alignment=&#8221;&#8221; border_radius=&#8221;none&#8221; box_shadow=&#8221;none&#8221; image_loading=&#8221;default&#8221;][\/vc_column][\/vc_row]\n","protected":false},"excerpt":{"rendered":"<p>[vc_row type=&#8221;full_width_background&#8221; full_screen_row_position=&#8221;middle&#8221; column_margin=&#8221;default&#8221; column_direction=&#8221;default&#8221; column_direction_tablet=&#8221;default&#8221; column_direction_phone=&#8221;default&#8221; bg_image=&#8221;9533&#8243; bg_image_type=&#8221;default&#8221; bg_position=&#8221;left top&#8221; background_image_loading=&#8221;default&#8221;&#8230;<\/p>\n","protected":false},"author":2,"featured_media":11264,"parent":0,"menu_order":0,"comment_status":"closed","ping_status":"closed","template":"","meta":{"footnotes":""},"class_list":["post-11249","page","type-page","status-publish","has-post-thumbnail"],"yoast_head":"<!-- This site is optimized with the Yoast SEO plugin v26.8 - https:\/\/yoast.com\/product\/yoast-seo-wordpress\/ -->\n<title>Vad \u00e4r Aurala? - Auralan Setlementti<\/title>\n<meta name=\"description\" content=\"Auralan Setlementti ry \u00e4r en politiskt och religi\u00f6st obunden f\u00f6rening grundad 1939 som verkar i \u00c5bo och erbjuder m\u00e5ngsidiga fritidsm\u00f6jligheter och inspirerande aktiviteter f\u00f6r alla \u00e5ldrar. I centrum f\u00f6r f\u00f6reningens verksamhet st\u00e5r gemenskap, j\u00e4mlikhet och tolerans.\" \/>\n<meta name=\"robots\" content=\"index, follow, max-snippet:-1, max-image-preview:large, max-video-preview:-1\" \/>\n<link rel=\"canonical\" href=\"https:\/\/aurala.fi\/sv\/vad-ar-aurala\" \/>\n<meta property=\"og:locale\" content=\"sv_SE\" \/>\n<meta property=\"og:type\" content=\"article\" \/>\n<meta property=\"og:title\" content=\"Vad \u00e4r Aurala? - Auralan Setlementti\" \/>\n<meta property=\"og:description\" content=\"Auralan Setlementti ry \u00e4r en politiskt och religi\u00f6st obunden f\u00f6rening grundad 1939 som verkar i \u00c5bo och erbjuder m\u00e5ngsidiga fritidsm\u00f6jligheter och inspirerande aktiviteter f\u00f6r alla \u00e5ldrar. I centrum f\u00f6r f\u00f6reningens verksamhet st\u00e5r gemenskap, j\u00e4mlikhet och tolerans.\" \/>\n<meta property=\"og:url\" content=\"https:\/\/aurala.fi\/sv\/vad-ar-aurala\" \/>\n<meta property=\"og:site_name\" content=\"Auralan Setlementti\" \/>\n<meta property=\"article:publisher\" content=\"https:\/\/www.facebook.com\/AuralaTurku\" \/>\n<meta property=\"article:modified_time\" content=\"2026-01-05T09:36:53+00:00\" \/>\n<meta property=\"og:image\" content=\"https:\/\/aurala.fi\/wp-content\/uploads\/2024\/06\/Linkedin-kansikuva-1.jpg?wsr\" \/>\n\t<meta property=\"og:image:width\" content=\"1584\" \/>\n\t<meta property=\"og:image:height\" content=\"396\" \/>\n\t<meta property=\"og:image:type\" content=\"image\/jpeg\" \/>\n<meta name=\"twitter:card\" content=\"summary_large_image\" \/>\n<meta name=\"twitter:site\" content=\"@auralaturku\" \/>\n<meta name=\"twitter:label1\" content=\"Ber\u00e4knad l\u00e4stid\" \/>\n\t<meta name=\"twitter:data1\" content=\"7 minuter\" \/>\n<script type=\"application\/ld+json\" class=\"yoast-schema-graph\">{\"@context\":\"https:\/\/schema.org\",\"@graph\":[{\"@type\":\"WebPage\",\"@id\":\"https:\/\/aurala.fi\/sv\/vad-ar-aurala\",\"url\":\"https:\/\/aurala.fi\/sv\/vad-ar-aurala\",\"name\":\"Vad \u00e4r Aurala? - Auralan Setlementti\",\"isPartOf\":{\"@id\":\"https:\/\/aurala.fi\/sv#website\"},\"primaryImageOfPage\":{\"@id\":\"https:\/\/aurala.fi\/sv\/vad-ar-aurala#primaryimage\"},\"image\":{\"@id\":\"https:\/\/aurala.fi\/sv\/vad-ar-aurala#primaryimage\"},\"thumbnailUrl\":\"https:\/\/aurala.fi\/wp-content\/uploads\/2024\/06\/Linkedin-kansikuva-1.jpg?wsr\",\"datePublished\":\"2022-03-11T09:46:53+00:00\",\"dateModified\":\"2026-01-05T09:36:53+00:00\",\"description\":\"Auralan Setlementti ry \u00e4r en politiskt och religi\u00f6st obunden f\u00f6rening grundad 1939 som verkar i \u00c5bo och erbjuder m\u00e5ngsidiga fritidsm\u00f6jligheter och inspirerande aktiviteter f\u00f6r alla \u00e5ldrar. I centrum f\u00f6r f\u00f6reningens verksamhet st\u00e5r gemenskap, j\u00e4mlikhet och tolerans.\",\"breadcrumb\":{\"@id\":\"https:\/\/aurala.fi\/sv\/vad-ar-aurala#breadcrumb\"},\"inLanguage\":\"sv-SE\",\"potentialAction\":[{\"@type\":\"ReadAction\",\"target\":[\"https:\/\/aurala.fi\/sv\/vad-ar-aurala\"]}]},{\"@type\":\"ImageObject\",\"inLanguage\":\"sv-SE\",\"@id\":\"https:\/\/aurala.fi\/sv\/vad-ar-aurala#primaryimage\",\"url\":\"https:\/\/aurala.fi\/wp-content\/uploads\/2024\/06\/Linkedin-kansikuva-1.jpg?wsr\",\"contentUrl\":\"https:\/\/aurala.fi\/wp-content\/uploads\/2024\/06\/Linkedin-kansikuva-1.jpg?wsr\",\"width\":1584,\"height\":396,\"caption\":\"LinkedIn omslagsbild ()\"},{\"@type\":\"BreadcrumbList\",\"@id\":\"https:\/\/aurala.fi\/sv\/vad-ar-aurala#breadcrumb\",\"itemListElement\":[{\"@type\":\"ListItem\",\"position\":1,\"name\":\"Etusivu\",\"item\":\"https:\/\/aurala.fi\/sv\"},{\"@type\":\"ListItem\",\"position\":2,\"name\":\"Vad \u00e4r Aurala?\"}]},{\"@type\":\"WebSite\",\"@id\":\"https:\/\/aurala.fi\/sv#website\",\"url\":\"https:\/\/aurala.fi\/sv\",\"name\":\"Auralan Setlementti\",\"description\":\"Kohtaamispaikka Turussa\",\"publisher\":{\"@id\":\"https:\/\/aurala.fi\/sv#organization\"},\"potentialAction\":[{\"@type\":\"SearchAction\",\"target\":{\"@type\":\"EntryPoint\",\"urlTemplate\":\"https:\/\/aurala.fi\/sv?s={search_term_string}\"},\"query-input\":{\"@type\":\"PropertyValueSpecification\",\"valueRequired\":true,\"valueName\":\"search_term_string\"}}],\"inLanguage\":\"sv-SE\"},{\"@type\":\"Organization\",\"@id\":\"https:\/\/aurala.fi\/sv#organization\",\"name\":\"Auralan Setlementti ry\",\"url\":\"https:\/\/aurala.fi\/sv\",\"logo\":{\"@type\":\"ImageObject\",\"inLanguage\":\"sv-SE\",\"@id\":\"https:\/\/aurala.fi\/sv#\/schema\/logo\/image\/\",\"url\":\"https:\/\/aurala.fi\/wp-content\/uploads\/2022\/02\/aurala_tunnus_rgb-600.jpg\",\"contentUrl\":\"https:\/\/aurala.fi\/wp-content\/uploads\/2022\/02\/aurala_tunnus_rgb-600.jpg\",\"width\":600,\"height\":265,\"caption\":\"Auralan Setlementti ry\"},\"image\":{\"@id\":\"https:\/\/aurala.fi\/sv#\/schema\/logo\/image\/\"},\"sameAs\":[\"https:\/\/www.facebook.com\/AuralaTurku\",\"https:\/\/x.com\/auralaturku\",\"https:\/\/www.instagram.com\/auralankansalaisopisto\/\",\"https:\/\/www.youtube.com\/channel\/UCCxfr4jr7uJWYZKY5erVGyg\"]}]}<\/script>\n<!-- \/ Yoast SEO plugin. -->","yoast_head_json":{"title":"Vad \u00e4r Aurala? - Auralan Setlementti","description":"Auralan Setlementti ry \u00e4r en politiskt och religi\u00f6st obunden f\u00f6rening grundad 1939 som verkar i \u00c5bo och erbjuder m\u00e5ngsidiga fritidsm\u00f6jligheter och inspirerande aktiviteter f\u00f6r alla \u00e5ldrar. I centrum f\u00f6r f\u00f6reningens verksamhet st\u00e5r gemenskap, j\u00e4mlikhet och tolerans.","robots":{"index":"index","follow":"follow","max-snippet":"max-snippet:-1","max-image-preview":"max-image-preview:large","max-video-preview":"max-video-preview:-1"},"canonical":"https:\/\/aurala.fi\/sv\/vad-ar-aurala","og_locale":"sv_SE","og_type":"article","og_title":"Vad \u00e4r Aurala? - Auralan Setlementti","og_description":"Auralan Setlementti ry \u00e4r en politiskt och religi\u00f6st obunden f\u00f6rening grundad 1939 som verkar i \u00c5bo och erbjuder m\u00e5ngsidiga fritidsm\u00f6jligheter och inspirerande aktiviteter f\u00f6r alla \u00e5ldrar. I centrum f\u00f6r f\u00f6reningens verksamhet st\u00e5r gemenskap, j\u00e4mlikhet och tolerans.","og_url":"https:\/\/aurala.fi\/sv\/vad-ar-aurala","og_site_name":"Auralan Setlementti","article_publisher":"https:\/\/www.facebook.com\/AuralaTurku","article_modified_time":"2026-01-05T09:36:53+00:00","og_image":[{"width":1584,"height":396,"url":"https:\/\/aurala.fi\/wp-content\/uploads\/2024\/06\/Linkedin-kansikuva-1.jpg?wsr","type":"image\/jpeg"}],"twitter_card":"summary_large_image","twitter_site":"@auralaturku","twitter_misc":{"Ber\u00e4knad l\u00e4stid":"7 minuter"},"schema":{"@context":"https:\/\/schema.org","@graph":[{"@type":"WebPage","@id":"https:\/\/aurala.fi\/sv\/vad-ar-aurala","url":"https:\/\/aurala.fi\/sv\/vad-ar-aurala","name":"Vad \u00e4r Aurala? - Auralan Setlementti","isPartOf":{"@id":"https:\/\/aurala.fi\/sv#website"},"primaryImageOfPage":{"@id":"https:\/\/aurala.fi\/sv\/vad-ar-aurala#primaryimage"},"image":{"@id":"https:\/\/aurala.fi\/sv\/vad-ar-aurala#primaryimage"},"thumbnailUrl":"https:\/\/aurala.fi\/wp-content\/uploads\/2024\/06\/Linkedin-kansikuva-1.jpg?wsr","datePublished":"2022-03-11T09:46:53+00:00","dateModified":"2026-01-05T09:36:53+00:00","description":"Auralan Setlementti ry \u00e4r en politiskt och religi\u00f6st obunden f\u00f6rening grundad 1939 som verkar i \u00c5bo och erbjuder m\u00e5ngsidiga fritidsm\u00f6jligheter och inspirerande aktiviteter f\u00f6r alla \u00e5ldrar. I centrum f\u00f6r f\u00f6reningens verksamhet st\u00e5r gemenskap, j\u00e4mlikhet och tolerans.","breadcrumb":{"@id":"https:\/\/aurala.fi\/sv\/vad-ar-aurala#breadcrumb"},"inLanguage":"sv-SE","potentialAction":[{"@type":"ReadAction","target":["https:\/\/aurala.fi\/sv\/vad-ar-aurala"]}]},{"@type":"ImageObject","inLanguage":"sv-SE","@id":"https:\/\/aurala.fi\/sv\/vad-ar-aurala#primaryimage","url":"https:\/\/aurala.fi\/wp-content\/uploads\/2024\/06\/Linkedin-kansikuva-1.jpg?wsr","contentUrl":"https:\/\/aurala.fi\/wp-content\/uploads\/2024\/06\/Linkedin-kansikuva-1.jpg?wsr","width":1584,"height":396,"caption":"LinkedIn omslagsbild ()"},{"@type":"BreadcrumbList","@id":"https:\/\/aurala.fi\/sv\/vad-ar-aurala#breadcrumb","itemListElement":[{"@type":"ListItem","position":1,"name":"Etusivu","item":"https:\/\/aurala.fi\/sv"},{"@type":"ListItem","position":2,"name":"Vad \u00e4r Aurala?"}]},{"@type":"WebSite","@id":"https:\/\/aurala.fi\/sv#website","url":"https:\/\/aurala.fi\/sv","name":"Auralan Setlementti","description":"Kohtaamispaikka Turussa","publisher":{"@id":"https:\/\/aurala.fi\/sv#organization"},"potentialAction":[{"@type":"SearchAction","target":{"@type":"EntryPoint","urlTemplate":"https:\/\/aurala.fi\/sv?s={search_term_string}"},"query-input":{"@type":"PropertyValueSpecification","valueRequired":true,"valueName":"search_term_string"}}],"inLanguage":"sv-SE"},{"@type":"Organization","@id":"https:\/\/aurala.fi\/sv#organization","name":"Auralan Setlementti ry","url":"https:\/\/aurala.fi\/sv","logo":{"@type":"ImageObject","inLanguage":"sv-SE","@id":"https:\/\/aurala.fi\/sv#\/schema\/logo\/image\/","url":"https:\/\/aurala.fi\/wp-content\/uploads\/2022\/02\/aurala_tunnus_rgb-600.jpg","contentUrl":"https:\/\/aurala.fi\/wp-content\/uploads\/2022\/02\/aurala_tunnus_rgb-600.jpg","width":600,"height":265,"caption":"Auralan Setlementti ry"},"image":{"@id":"https:\/\/aurala.fi\/sv#\/schema\/logo\/image\/"},"sameAs":["https:\/\/www.facebook.com\/AuralaTurku","https:\/\/x.com\/auralaturku","https:\/\/www.instagram.com\/auralankansalaisopisto\/","https:\/\/www.youtube.com\/channel\/UCCxfr4jr7uJWYZKY5erVGyg"]}]}},"_links":{"self":[{"href":"https:\/\/aurala.fi\/sv\/wp-json\/wp\/v2\/pages\/11249","targetHints":{"allow":["GET"]}}],"collection":[{"href":"https:\/\/aurala.fi\/sv\/wp-json\/wp\/v2\/pages"}],"about":[{"href":"https:\/\/aurala.fi\/sv\/wp-json\/wp\/v2\/types\/page"}],"author":[{"embeddable":true,"href":"https:\/\/aurala.fi\/sv\/wp-json\/wp\/v2\/users\/2"}],"replies":[{"embeddable":true,"href":"https:\/\/aurala.fi\/sv\/wp-json\/wp\/v2\/comments?post=11249"}],"version-history":[{"count":16,"href":"https:\/\/aurala.fi\/sv\/wp-json\/wp\/v2\/pages\/11249\/revisions"}],"predecessor-version":[{"id":12141,"href":"https:\/\/aurala.fi\/sv\/wp-json\/wp\/v2\/pages\/11249\/revisions\/12141"}],"wp:featuredmedia":[{"embeddable":true,"href":"https:\/\/aurala.fi\/sv\/wp-json\/wp\/v2\/media\/11264"}],"wp:attachment":[{"href":"https:\/\/aurala.fi\/sv\/wp-json\/wp\/v2\/media?parent=11249"}],"curies":[{"name":"wp","href":"https:\/\/api.w.org\/{rel}","templated":true}]}}