{"id":11356,"date":"2022-05-03T14:44:30","date_gmt":"2022-05-03T11:44:30","guid":{"rendered":"https:\/\/aurala.fi\/hobbyer-for-barn-och-ungdomar"},"modified":"2025-11-04T10:00:48","modified_gmt":"2025-11-04T08:00:48","slug":"hobbyer-for-barn-och-ungdomar","status":"publish","type":"page","link":"https:\/\/aurala.fi\/sv\/hobbyer-for-barn-och-ungdomar","title":{"rendered":"Hobbyer f\u00f6r barn och ungdomar"},"content":{"rendered":"[vc_row type=&#8221;full_width_background&#8221; full_screen_row_position=&#8221;middle&#8221; column_margin=&#8221;default&#8221; column_direction=&#8221;default&#8221; column_direction_tablet=&#8221;default&#8221; column_direction_phone=&#8221;default&#8221; bg_image=&#8221;6859&#8243; bg_position=&#8221;left top&#8221; background_image_loading=&#8221;default&#8221; bg_repeat=&#8221;no-repeat&#8221; scene_position=&#8221;center&#8221; top_padding=&#8221;12%&#8221; constrain_group_1=&#8221;yes&#8221; bottom_padding=&#8221;12%&#8221; text_color=&#8221;dark&#8221; text_align=&#8221;left&#8221; row_border_radius=&#8221;none&#8221; row_border_radius_applies=&#8221;bg&#8221; overflow=&#8221;visible&#8221; enable_gradient=&#8221;true&#8221; color_overlay=&#8221;#000000&#8243; advanced_gradient_angle=&#8221;0&#8243; overlay_strength=&#8221;0.3&#8243; gradient_direction=&#8221;left_to_right&#8221; shape_divider_color=&#8221;#ffffff&#8221; shape_divider_position=&#8221;bottom&#8221; shape_divider_height=&#8221;250&#8243; bg_image_animation=&#8221;none&#8221; gradient_type=&#8221;default&#8221; shape_type=&#8221;waves&#8221;][vc_column column_padding=&#8221;no-extra-padding&#8221; column_padding_tablet=&#8221;inherit&#8221; column_padding_phone=&#8221;inherit&#8221; column_padding_position=&#8221;all&#8221; column_element_direction_desktop=&#8221;default&#8221; column_element_spacing=&#8221;default&#8221; desktop_text_alignment=&#8221;default&#8221; tablet_text_alignment=&#8221;default&#8221; phone_text_alignment=&#8221;default&#8221; background_color_opacity=&#8221;1&#8243; background_hover_color_opacity=&#8221;1&#8243; column_backdrop_filter=&#8221;none&#8221; column_shadow=&#8221;none&#8221; column_border_radius=&#8221;none&#8221; column_link_target=&#8221;_self&#8221; column_position=&#8221;default&#8221; gradient_direction=&#8221;left_to_right&#8221; overlay_strength=&#8221;0.3&#8243; width=&#8221;1\/1&#8243; tablet_width_inherit=&#8221;default&#8221; animation_type=&#8221;default&#8221; bg_image_animation=&#8221;none&#8221; border_type=&#8221;simple&#8221; column_border_width=&#8221;none&#8221; column_border_style=&#8221;solid&#8221;][vc_custom_heading text=&#8221;Hobbyer&#8221; font_container=&#8221;tag:h1|font_size:8vh|text_align:left|color:%23ffffff|line_height:1.1&#8243; use_theme_fonts=&#8221;yes&#8221;][\/vc_column][\/vc_row][vc_row type=&#8221;in_container&#8221; full_screen_row_position=&#8221;middle&#8221; column_margin=&#8221;default&#8221; equal_height=&#8221;yes&#8221; content_placement=&#8221;top&#8221; column_direction=&#8221;default&#8221; column_direction_tablet=&#8221;default&#8221; column_direction_phone=&#8221;default&#8221; scene_position=&#8221;center&#8221; top_padding=&#8221;5%&#8221; constrain_group_1=&#8221;yes&#8221; bottom_padding=&#8221;5%&#8221; text_color=&#8221;dark&#8221; text_align=&#8221;left&#8221; row_border_radius=&#8221;none&#8221; row_border_radius_applies=&#8221;bg&#8221; overflow=&#8221;visible&#8221; id=&#8221;toiminta&#8221; advanced_gradient_angle=&#8221;0&#8243; overlay_strength=&#8221;0.3&#8243; gradient_direction=&#8221;left_to_right&#8221; shape_divider_position=&#8221;bottom&#8221; bg_image_animation=&#8221;none&#8221; gradient_type=&#8221;default&#8221; shape_type=&#8221;&#8221;][vc_column column_padding=&#8221;padding-3-percent&#8221; column_padding_tablet=&#8221;inherit&#8221; column_padding_phone=&#8221;inherit&#8221; column_padding_position=&#8221;right&#8221; column_element_direction_desktop=&#8221;default&#8221; column_element_spacing=&#8221;default&#8221; desktop_text_alignment=&#8221;default&#8221; tablet_text_alignment=&#8221;default&#8221; phone_text_alignment=&#8221;default&#8221; background_color_opacity=&#8221;1&#8243; background_hover_color_opacity=&#8221;1&#8243; column_backdrop_filter=&#8221;none&#8221; column_shadow=&#8221;none&#8221; column_border_radius=&#8221;none&#8221; column_link_target=&#8221;_self&#8221; column_position=&#8221;default&#8221; advanced_gradient_angle=&#8221;0&#8243; gradient_direction=&#8221;left_to_right&#8221; overlay_strength=&#8221;0.3&#8243; width=&#8221;1\/2&#8243; tablet_width_inherit=&#8221;default&#8221; animation_type=&#8221;default&#8221; bg_image_animation=&#8221;none&#8221; border_type=&#8221;simple&#8221; column_border_width=&#8221;none&#8221; column_border_style=&#8221;solid&#8221; gradient_type=&#8221;default&#8221;][nectar_btn size=&#8221;large&#8221; open_new_tab=&#8221;true&#8221; button_style=&#8221;regular&#8221; button_color_2=&#8221;Accent-Color&#8221; icon_family=&#8221;none&#8221; text=&#8221;Medborgarinstitutets kurser \u00bb&#8221; url=&#8221;https:\/\/uusi.opistopalvelut.fi\/aurala\/fi\/&#8221; margin_bottom=&#8221;30&#8243;][vc_column_text css=&#8221;&#8221; text_direction=&#8221;default&#8221;]\n<p data-start=\"146\" data-end=\"397\">I Aurala kan barn och ungdomar hitta en meningsfull och inspirerande hobby i en trygg och uppmuntrande milj\u00f6. Hos oss kan man dyka in i kreativitetens v\u00e4rld genom till exempel <strong data-start=\"328\" data-end=\"343\">bildkonst<\/strong>, <strong data-start=\"345\" data-end=\"357\">musiklek<\/strong>, <strong data-start=\"359\" data-end=\"370\">dans, teateruttryck<\/strong> eller <strong data-start=\"375\" data-end=\"388\">akrobatik<\/strong>. <\/p>\n<p data-start=\"399\" data-end=\"566\">Vi erbjuder ocks\u00e5 <strong data-start=\"416\" data-end=\"507\">m\u00e5nga hobbyer och kortkurser d\u00e4r barn och vuxna kan delta tillsammans<\/strong> \u2013 gemensam tid, gl\u00e4dje i att g\u00f6ra saker och of\u00f6rgl\u00f6mliga stunder!<\/p>\n<p data-start=\"568\" data-end=\"645\">V\u00e4lkommen att delta i hobbyer och l\u00e4ra dig \u2013 p\u00e5 ditt eget s\u00e4tt, i din egen takt.<\/p>\n[\/vc_column_text][divider line_type=&#8221;No Line&#8221;][vc_column_text css=&#8221;&#8221; text_direction=&#8221;default&#8221;]\n<h3>Veckoschema 2025<\/h3>\n<p>Klicka p\u00e5 schemat f\u00f6r att bekanta dig med barnens kurser<\/p>\n<p>&nbsp;<\/p>\n<p><a href=\"https:\/\/aurala.fi\/wp-content\/uploads\/2025\/06\/lasten-lukkari-k25-3.pdf\" rel=\"attachment wp-att-10322\"><img loading=\"lazy\" decoding=\"async\" class=\"alignnone wp-image-10322 size-full\" src=\"https:\/\/aurala.fi\/wp-content\/uploads\/2025\/06\/lasten-lukkari-k25-4.jpg\" alt=\"barnens schema v ()\" width=\"2000\" height=\"943\" srcset=\"https:\/\/aurala.fi\/wp-content\/uploads\/2025\/06\/lasten-lukkari-k25-4.jpg 2000w, https:\/\/aurala.fi\/wp-content\/uploads\/2025\/06\/lasten-lukkari-k25-4-300x141.jpg 300w, https:\/\/aurala.fi\/wp-content\/uploads\/2025\/06\/lasten-lukkari-k25-4-1024x483.jpg 1024w, https:\/\/aurala.fi\/wp-content\/uploads\/2025\/06\/lasten-lukkari-k25-4-768x362.jpg 768w, https:\/\/aurala.fi\/wp-content\/uploads\/2025\/06\/lasten-lukkari-k25-4-1536x724.jpg 1536w\" sizes=\"auto, (max-width: 2000px) 100vw, 2000px\" \/><\/a>[\/vc_column_text][vc_column_text]Det l\u00f6nar sig ocks\u00e5 att bekanta sig med medborgarinstitutets andra kurser, varav s\u00e5ng- och instrumentundervisning, spr\u00e5k, hantverk och bildkonst passar f\u00f6r ungdomar.<\/p>\n<p><a href=\"https:\/\/uusi.opistopalvelut.fi\/aurala\/fi\/\" target=\"_blank\" rel=\"noopener\">Utforska h\u00e4r!<\/a>[\/vc_column_text][\/vc_column][vc_column column_padding=&#8221;no-extra-padding&#8221; column_padding_tablet=&#8221;inherit&#8221; column_padding_phone=&#8221;inherit&#8221; column_padding_position=&#8221;all&#8221; column_element_direction_desktop=&#8221;default&#8221; column_element_spacing=&#8221;default&#8221; desktop_text_alignment=&#8221;default&#8221; tablet_text_alignment=&#8221;default&#8221; phone_text_alignment=&#8221;default&#8221; background_color_opacity=&#8221;1&#8243; background_hover_color_opacity=&#8221;1&#8243; column_backdrop_filter=&#8221;none&#8221; column_shadow=&#8221;none&#8221; column_border_radius=&#8221;none&#8221; column_link_target=&#8221;_self&#8221; column_position=&#8221;default&#8221; gradient_direction=&#8221;left_to_right&#8221; overlay_strength=&#8221;0.3&#8243; width=&#8221;1\/2&#8243; tablet_width_inherit=&#8221;default&#8221; animation_type=&#8221;default&#8221; bg_image_animation=&#8221;none&#8221; border_type=&#8221;simple&#8221; column_border_width=&#8221;none&#8221; column_border_style=&#8221;solid&#8221;][image_with_animation image_url=&#8221;6857&#8243; image_size=&#8221;full&#8221; animation_type=&#8221;entrance&#8221; animation=&#8221;Fade In&#8221; animation_easing=&#8221;default&#8221; animation_movement_type=&#8221;transform_y&#8221; hover_animation=&#8221;none&#8221; alignment=&#8221;&#8221; border_radius=&#8221;none&#8221; box_shadow=&#8221;none&#8221; image_loading=&#8221;default&#8221; max_width=&#8221;100%&#8221; max_width_mobile=&#8221;default&#8221;][\/vc_column][\/vc_row]\n","protected":false},"excerpt":{"rendered":"<p>[vc_row type=&#8221;full_width_background&#8221; full_screen_row_position=&#8221;middle&#8221; column_margin=&#8221;default&#8221; column_direction=&#8221;default&#8221; column_direction_tablet=&#8221;default&#8221; column_direction_phone=&#8221;default&#8221; bg_image=&#8221;6859&#8243; bg_position=&#8221;left top&#8221; background_image_loading=&#8221;default&#8221; bg_repeat=&#8221;no-repeat&#8221;&#8230;<\/p>\n","protected":false},"author":2,"featured_media":0,"parent":0,"menu_order":0,"comment_status":"closed","ping_status":"closed","template":"","meta":{"footnotes":""},"class_list":["post-11356","page","type-page","status-publish"],"yoast_head":"<!-- This site is optimized with the Yoast SEO plugin v26.8 - https:\/\/yoast.com\/product\/yoast-seo-wordpress\/ -->\n<title>Hobbyer f\u00f6r barn och ungdomar - Auralan Setlementti<\/title>\n<meta name=\"description\" content=\"I Aurala kan barn eller ungdomar hitta en trevlig hobby. Hos oss kan man bland annat \u00e4gna sig \u00e5t bildkonst, musiklek, dans eller idrott.\" \/>\n<meta name=\"robots\" content=\"index, follow, max-snippet:-1, max-image-preview:large, max-video-preview:-1\" \/>\n<link rel=\"canonical\" href=\"https:\/\/aurala.fi\/sv\/hobbyer-for-barn-och-ungdomar\" \/>\n<meta property=\"og:locale\" content=\"sv_SE\" \/>\n<meta property=\"og:type\" content=\"article\" \/>\n<meta property=\"og:title\" content=\"Hobbyer f\u00f6r barn och ungdomar - Auralan Setlementti\" \/>\n<meta property=\"og:description\" content=\"I Aurala kan barn eller ungdomar hitta en trevlig hobby. Hos oss kan man bland annat \u00e4gna sig \u00e5t bildkonst, musiklek, dans eller idrott.\" \/>\n<meta property=\"og:url\" content=\"https:\/\/aurala.fi\/sv\/hobbyer-for-barn-och-ungdomar\" \/>\n<meta property=\"og:site_name\" content=\"Auralan Setlementti\" \/>\n<meta property=\"article:publisher\" content=\"https:\/\/www.facebook.com\/AuralaTurku\" \/>\n<meta property=\"article:modified_time\" content=\"2025-11-04T08:00:48+00:00\" \/>\n<meta property=\"og:image\" content=\"https:\/\/aurala.fi\/wp-content\/uploads\/2025\/06\/lasten-lukkari-k25-4.jpg?wsr\" \/>\n\t<meta property=\"og:image:width\" content=\"2000\" \/>\n\t<meta property=\"og:image:height\" content=\"943\" \/>\n\t<meta property=\"og:image:type\" content=\"image\/jpeg\" \/>\n<meta name=\"twitter:card\" content=\"summary_large_image\" \/>\n<meta name=\"twitter:site\" content=\"@auralaturku\" \/>\n<meta name=\"twitter:label1\" content=\"Ber\u00e4knad l\u00e4stid\" \/>\n\t<meta name=\"twitter:data1\" content=\"4 minuter\" \/>\n<script type=\"application\/ld+json\" class=\"yoast-schema-graph\">{\"@context\":\"https:\/\/schema.org\",\"@graph\":[{\"@type\":\"WebPage\",\"@id\":\"https:\/\/aurala.fi\/sv\/hobbyer-for-barn-och-ungdomar\",\"url\":\"https:\/\/aurala.fi\/sv\/hobbyer-for-barn-och-ungdomar\",\"name\":\"Hobbyer f\u00f6r barn och ungdomar - Auralan Setlementti\",\"isPartOf\":{\"@id\":\"https:\/\/aurala.fi\/sv#website\"},\"primaryImageOfPage\":{\"@id\":\"https:\/\/aurala.fi\/sv\/hobbyer-for-barn-och-ungdomar#primaryimage\"},\"image\":{\"@id\":\"https:\/\/aurala.fi\/sv\/hobbyer-for-barn-och-ungdomar#primaryimage\"},\"thumbnailUrl\":\"https:\/\/aurala.fi\/wp-content\/uploads\/2025\/06\/lasten-lukkari-k25-4.jpg\",\"datePublished\":\"2022-05-03T11:44:30+00:00\",\"dateModified\":\"2025-11-04T08:00:48+00:00\",\"description\":\"I Aurala kan barn eller ungdomar hitta en trevlig hobby. Hos oss kan man bland annat \u00e4gna sig \u00e5t bildkonst, musiklek, dans eller idrott.\",\"breadcrumb\":{\"@id\":\"https:\/\/aurala.fi\/sv\/hobbyer-for-barn-och-ungdomar#breadcrumb\"},\"inLanguage\":\"sv-SE\",\"potentialAction\":[{\"@type\":\"ReadAction\",\"target\":[\"https:\/\/aurala.fi\/sv\/hobbyer-for-barn-och-ungdomar\"]}]},{\"@type\":\"ImageObject\",\"inLanguage\":\"sv-SE\",\"@id\":\"https:\/\/aurala.fi\/sv\/hobbyer-for-barn-och-ungdomar#primaryimage\",\"url\":\"https:\/\/aurala.fi\/wp-content\/uploads\/2025\/06\/lasten-lukkari-k25-4.jpg\",\"contentUrl\":\"https:\/\/aurala.fi\/wp-content\/uploads\/2025\/06\/lasten-lukkari-k25-4.jpg\"},{\"@type\":\"BreadcrumbList\",\"@id\":\"https:\/\/aurala.fi\/sv\/hobbyer-for-barn-och-ungdomar#breadcrumb\",\"itemListElement\":[{\"@type\":\"ListItem\",\"position\":1,\"name\":\"Etusivu\",\"item\":\"https:\/\/aurala.fi\/sv\"},{\"@type\":\"ListItem\",\"position\":2,\"name\":\"Hobbyer f\u00f6r barn och ungdomar\"}]},{\"@type\":\"WebSite\",\"@id\":\"https:\/\/aurala.fi\/sv#website\",\"url\":\"https:\/\/aurala.fi\/sv\",\"name\":\"Auralan Setlementti\",\"description\":\"Kohtaamispaikka Turussa\",\"publisher\":{\"@id\":\"https:\/\/aurala.fi\/sv#organization\"},\"potentialAction\":[{\"@type\":\"SearchAction\",\"target\":{\"@type\":\"EntryPoint\",\"urlTemplate\":\"https:\/\/aurala.fi\/sv?s={search_term_string}\"},\"query-input\":{\"@type\":\"PropertyValueSpecification\",\"valueRequired\":true,\"valueName\":\"search_term_string\"}}],\"inLanguage\":\"sv-SE\"},{\"@type\":\"Organization\",\"@id\":\"https:\/\/aurala.fi\/sv#organization\",\"name\":\"Auralan Setlementti ry\",\"url\":\"https:\/\/aurala.fi\/sv\",\"logo\":{\"@type\":\"ImageObject\",\"inLanguage\":\"sv-SE\",\"@id\":\"https:\/\/aurala.fi\/sv#\/schema\/logo\/image\/\",\"url\":\"https:\/\/aurala.fi\/wp-content\/uploads\/2022\/02\/aurala_tunnus_rgb-600.jpg\",\"contentUrl\":\"https:\/\/aurala.fi\/wp-content\/uploads\/2022\/02\/aurala_tunnus_rgb-600.jpg\",\"width\":600,\"height\":265,\"caption\":\"Auralan Setlementti ry\"},\"image\":{\"@id\":\"https:\/\/aurala.fi\/sv#\/schema\/logo\/image\/\"},\"sameAs\":[\"https:\/\/www.facebook.com\/AuralaTurku\",\"https:\/\/x.com\/auralaturku\",\"https:\/\/www.instagram.com\/auralankansalaisopisto\/\",\"https:\/\/www.youtube.com\/channel\/UCCxfr4jr7uJWYZKY5erVGyg\"]}]}<\/script>\n<!-- \/ Yoast SEO plugin. -->","yoast_head_json":{"title":"Hobbyer f\u00f6r barn och ungdomar - Auralan Setlementti","description":"I Aurala kan barn eller ungdomar hitta en trevlig hobby. Hos oss kan man bland annat \u00e4gna sig \u00e5t bildkonst, musiklek, dans eller idrott.","robots":{"index":"index","follow":"follow","max-snippet":"max-snippet:-1","max-image-preview":"max-image-preview:large","max-video-preview":"max-video-preview:-1"},"canonical":"https:\/\/aurala.fi\/sv\/hobbyer-for-barn-och-ungdomar","og_locale":"sv_SE","og_type":"article","og_title":"Hobbyer f\u00f6r barn och ungdomar - Auralan Setlementti","og_description":"I Aurala kan barn eller ungdomar hitta en trevlig hobby. Hos oss kan man bland annat \u00e4gna sig \u00e5t bildkonst, musiklek, dans eller idrott.","og_url":"https:\/\/aurala.fi\/sv\/hobbyer-for-barn-och-ungdomar","og_site_name":"Auralan Setlementti","article_publisher":"https:\/\/www.facebook.com\/AuralaTurku","article_modified_time":"2025-11-04T08:00:48+00:00","og_image":[{"width":2000,"height":943,"url":"https:\/\/aurala.fi\/wp-content\/uploads\/2025\/06\/lasten-lukkari-k25-4.jpg?wsr","type":"image\/jpeg"}],"twitter_card":"summary_large_image","twitter_site":"@auralaturku","twitter_misc":{"Ber\u00e4knad l\u00e4stid":"4 minuter"},"schema":{"@context":"https:\/\/schema.org","@graph":[{"@type":"WebPage","@id":"https:\/\/aurala.fi\/sv\/hobbyer-for-barn-och-ungdomar","url":"https:\/\/aurala.fi\/sv\/hobbyer-for-barn-och-ungdomar","name":"Hobbyer f\u00f6r barn och ungdomar - Auralan Setlementti","isPartOf":{"@id":"https:\/\/aurala.fi\/sv#website"},"primaryImageOfPage":{"@id":"https:\/\/aurala.fi\/sv\/hobbyer-for-barn-och-ungdomar#primaryimage"},"image":{"@id":"https:\/\/aurala.fi\/sv\/hobbyer-for-barn-och-ungdomar#primaryimage"},"thumbnailUrl":"https:\/\/aurala.fi\/wp-content\/uploads\/2025\/06\/lasten-lukkari-k25-4.jpg","datePublished":"2022-05-03T11:44:30+00:00","dateModified":"2025-11-04T08:00:48+00:00","description":"I Aurala kan barn eller ungdomar hitta en trevlig hobby. Hos oss kan man bland annat \u00e4gna sig \u00e5t bildkonst, musiklek, dans eller idrott.","breadcrumb":{"@id":"https:\/\/aurala.fi\/sv\/hobbyer-for-barn-och-ungdomar#breadcrumb"},"inLanguage":"sv-SE","potentialAction":[{"@type":"ReadAction","target":["https:\/\/aurala.fi\/sv\/hobbyer-for-barn-och-ungdomar"]}]},{"@type":"ImageObject","inLanguage":"sv-SE","@id":"https:\/\/aurala.fi\/sv\/hobbyer-for-barn-och-ungdomar#primaryimage","url":"https:\/\/aurala.fi\/wp-content\/uploads\/2025\/06\/lasten-lukkari-k25-4.jpg","contentUrl":"https:\/\/aurala.fi\/wp-content\/uploads\/2025\/06\/lasten-lukkari-k25-4.jpg"},{"@type":"BreadcrumbList","@id":"https:\/\/aurala.fi\/sv\/hobbyer-for-barn-och-ungdomar#breadcrumb","itemListElement":[{"@type":"ListItem","position":1,"name":"Etusivu","item":"https:\/\/aurala.fi\/sv"},{"@type":"ListItem","position":2,"name":"Hobbyer f\u00f6r barn och ungdomar"}]},{"@type":"WebSite","@id":"https:\/\/aurala.fi\/sv#website","url":"https:\/\/aurala.fi\/sv","name":"Auralan Setlementti","description":"Kohtaamispaikka Turussa","publisher":{"@id":"https:\/\/aurala.fi\/sv#organization"},"potentialAction":[{"@type":"SearchAction","target":{"@type":"EntryPoint","urlTemplate":"https:\/\/aurala.fi\/sv?s={search_term_string}"},"query-input":{"@type":"PropertyValueSpecification","valueRequired":true,"valueName":"search_term_string"}}],"inLanguage":"sv-SE"},{"@type":"Organization","@id":"https:\/\/aurala.fi\/sv#organization","name":"Auralan Setlementti ry","url":"https:\/\/aurala.fi\/sv","logo":{"@type":"ImageObject","inLanguage":"sv-SE","@id":"https:\/\/aurala.fi\/sv#\/schema\/logo\/image\/","url":"https:\/\/aurala.fi\/wp-content\/uploads\/2022\/02\/aurala_tunnus_rgb-600.jpg","contentUrl":"https:\/\/aurala.fi\/wp-content\/uploads\/2022\/02\/aurala_tunnus_rgb-600.jpg","width":600,"height":265,"caption":"Auralan Setlementti ry"},"image":{"@id":"https:\/\/aurala.fi\/sv#\/schema\/logo\/image\/"},"sameAs":["https:\/\/www.facebook.com\/AuralaTurku","https:\/\/x.com\/auralaturku","https:\/\/www.instagram.com\/auralankansalaisopisto\/","https:\/\/www.youtube.com\/channel\/UCCxfr4jr7uJWYZKY5erVGyg"]}]}},"_links":{"self":[{"href":"https:\/\/aurala.fi\/sv\/wp-json\/wp\/v2\/pages\/11356","targetHints":{"allow":["GET"]}}],"collection":[{"href":"https:\/\/aurala.fi\/sv\/wp-json\/wp\/v2\/pages"}],"about":[{"href":"https:\/\/aurala.fi\/sv\/wp-json\/wp\/v2\/types\/page"}],"author":[{"embeddable":true,"href":"https:\/\/aurala.fi\/sv\/wp-json\/wp\/v2\/users\/2"}],"replies":[{"embeddable":true,"href":"https:\/\/aurala.fi\/sv\/wp-json\/wp\/v2\/comments?post=11356"}],"version-history":[{"count":1,"href":"https:\/\/aurala.fi\/sv\/wp-json\/wp\/v2\/pages\/11356\/revisions"}],"predecessor-version":[{"id":11381,"href":"https:\/\/aurala.fi\/sv\/wp-json\/wp\/v2\/pages\/11356\/revisions\/11381"}],"wp:attachment":[{"href":"https:\/\/aurala.fi\/sv\/wp-json\/wp\/v2\/media?parent=11356"}],"curies":[{"name":"wp","href":"https:\/\/api.w.org\/{rel}","templated":true}]}}