{"id":11461,"date":"2022-08-05T15:21:22","date_gmt":"2022-08-05T12:21:22","guid":{"rendered":"https:\/\/aurala.fi\/kurser\/studiepoangskurser"},"modified":"2025-11-04T10:01:35","modified_gmt":"2025-11-04T08:01:35","slug":"studiepoangskurser","status":"publish","type":"page","link":"https:\/\/aurala.fi\/sv\/kurser\/studiepoangskurser","title":{"rendered":"Studiepo\u00e4ngskurser"},"content":{"rendered":"[vc_row type=&#8221;full_width_background&#8221; full_screen_row_position=&#8221;middle&#8221; column_margin=&#8221;default&#8221; column_direction=&#8221;default&#8221; column_direction_tablet=&#8221;default&#8221; column_direction_phone=&#8221;default&#8221; bg_image=&#8221;9644&#8243; bg_position=&#8221;left center&#8221; background_image_loading=&#8221;default&#8221; bg_repeat=&#8221;no-repeat&#8221; scene_position=&#8221;center&#8221; top_padding=&#8221;12%&#8221; constrain_group_1=&#8221;yes&#8221; bottom_padding=&#8221;12%&#8221; text_color=&#8221;dark&#8221; text_align=&#8221;left&#8221; row_border_radius=&#8221;none&#8221; row_border_radius_applies=&#8221;bg&#8221; overflow=&#8221;visible&#8221; enable_gradient=&#8221;true&#8221; color_overlay=&#8221;#000000&#8243; advanced_gradient_angle=&#8221;0&#8243; overlay_strength=&#8221;0.3&#8243; gradient_direction=&#8221;left_to_right&#8221; shape_divider_color=&#8221;#ffffff&#8221; shape_divider_position=&#8221;bottom&#8221; shape_divider_height=&#8221;250&#8243; bg_image_animation=&#8221;none&#8221; gradient_type=&#8221;default&#8221; shape_type=&#8221;waves&#8221;][vc_column column_padding=&#8221;no-extra-padding&#8221; column_padding_tablet=&#8221;inherit&#8221; column_padding_phone=&#8221;inherit&#8221; column_padding_position=&#8221;all&#8221; column_element_direction_desktop=&#8221;default&#8221; column_element_spacing=&#8221;default&#8221; desktop_text_alignment=&#8221;default&#8221; tablet_text_alignment=&#8221;default&#8221; phone_text_alignment=&#8221;default&#8221; background_color_opacity=&#8221;1&#8243; background_hover_color_opacity=&#8221;1&#8243; column_backdrop_filter=&#8221;none&#8221; column_shadow=&#8221;none&#8221; column_border_radius=&#8221;none&#8221; column_link_target=&#8221;_self&#8221; column_position=&#8221;default&#8221; gradient_direction=&#8221;left_to_right&#8221; overlay_strength=&#8221;0.3&#8243; width=&#8221;1\/1&#8243; tablet_width_inherit=&#8221;default&#8221; animation_type=&#8221;default&#8221; bg_image_animation=&#8221;none&#8221; border_type=&#8221;simple&#8221; column_border_width=&#8221;none&#8221; column_border_style=&#8221;solid&#8221;][vc_custom_heading text=&#8221;Studiepo\u00e4ngskurser&#8221; font_container=&#8221;tag:h1|font_size:8vh|text_align:left|color:%23ffffff|line_height:1.1&#8243; use_theme_fonts=&#8221;yes&#8221;][\/vc_column][\/vc_row][vc_row type=&#8221;in_container&#8221; full_screen_row_position=&#8221;middle&#8221; column_margin=&#8221;default&#8221; column_direction=&#8221;default&#8221; column_direction_tablet=&#8221;default&#8221; column_direction_phone=&#8221;default&#8221; scene_position=&#8221;center&#8221; top_padding=&#8221;5%&#8221; constrain_group_1=&#8221;yes&#8221; bottom_padding=&#8221;5%&#8221; text_color=&#8221;dark&#8221; text_align=&#8221;left&#8221; row_border_radius=&#8221;none&#8221; row_border_radius_applies=&#8221;bg&#8221; overflow=&#8221;visible&#8221; id=&#8221;toiminta&#8221; advanced_gradient_angle=&#8221;0&#8243; overlay_strength=&#8221;0.3&#8243; gradient_direction=&#8221;left_to_right&#8221; shape_divider_position=&#8221;bottom&#8221; bg_image_animation=&#8221;none&#8221; gradient_type=&#8221;default&#8221; shape_type=&#8221;&#8221;][vc_column column_padding=&#8221;padding-3-percent&#8221; column_padding_tablet=&#8221;inherit&#8221; column_padding_phone=&#8221;inherit&#8221; column_padding_position=&#8221;right&#8221; column_element_direction_desktop=&#8221;default&#8221; column_element_spacing=&#8221;default&#8221; desktop_text_alignment=&#8221;default&#8221; tablet_text_alignment=&#8221;default&#8221; phone_text_alignment=&#8221;default&#8221; background_color_opacity=&#8221;1&#8243; background_hover_color_opacity=&#8221;1&#8243; column_backdrop_filter=&#8221;none&#8221; column_shadow=&#8221;none&#8221; column_border_radius=&#8221;none&#8221; column_link_target=&#8221;_self&#8221; column_position=&#8221;default&#8221; advanced_gradient_angle=&#8221;0&#8243; gradient_direction=&#8221;left_to_right&#8221; overlay_strength=&#8221;0.3&#8243; width=&#8221;1\/2&#8243; tablet_width_inherit=&#8221;default&#8221; animation_type=&#8221;default&#8221; bg_image_animation=&#8221;none&#8221; border_type=&#8221;simple&#8221; column_border_width=&#8221;none&#8221; column_border_style=&#8221;solid&#8221; gradient_type=&#8221;default&#8221;][vc_column_text]\n<h2>Vad betyder studiepo\u00e4ngskurs?<\/h2>\n<p>En studiepo\u00e4ngskurs inneb\u00e4r att du om du vill kan f\u00e5 studiepo\u00e4ng och ett prestationsbetyg registrerat i Utbildningsstyrelsens register f\u00f6r kursen. Du kan ocks\u00e5 delta i kursen fritt som hobby, precis som f\u00f6rut. F\u00f6r en godk\u00e4nd kurs f\u00e5r du studiepo\u00e4ng i <a href=\"https:\/\/opintopolku.fi\/oma-opintopolku\/\" target=\"_blank\" rel=\"noopener\">Min Studieinfo<\/a>, varifr\u00e5n du kan dela prestationsbetyg som en l\u00e4nk till exempelvis en arbetsgivare.  <\/p>\n<ul>\n<li>Kursernas l\u00e4randem\u00e5l beskriver vad du l\u00e4r dig p\u00e5 kursen och vad du kan efter att ha g\u00e5tt kursen.<\/li>\n<li>Bed\u00f6mningskriterierna f\u00f6r studiepo\u00e4ngskurserna beskriver mer detaljerat vilka kunskaper som kr\u00e4vs f\u00f6r att bli godk\u00e4nd p\u00e5 kursen.<\/li>\n<li>En studiepo\u00e4ng motsvarar 27 timmars studier inklusive undervisning och till exempel sj\u00e4lvst\u00e4ndigt arbete.<\/li>\n<\/ul>\n[\/vc_column_text][divider line_type=&#8221;No Line&#8221;][vc_column_text css=&#8221;&#8221; text_direction=&#8221;default&#8221;]\n<h2>S\u00e5 h\u00e4r f\u00e5r du studiepo\u00e4ng<\/h2>\n<ol>\n<li>Anm\u00e4l dig till en studiepo\u00e4ngskurs.<\/li>\n<li>Ber\u00e4tta f\u00f6r kursl\u00e4raren direkt i b\u00f6rjan att du vill ha studiepo\u00e4ng. L\u00e4raren ber\u00e4ttar mer om bed\u00f6mningskriterierna och bed\u00f6mningen. <\/li>\n<li>Du f\u00e5r en inbjudan att signera via e-post.<\/li>\n<li>Signera <strong>samtyckesformul\u00e4ret<\/strong> elektroniskt s\u00e5 att vi kan f\u00f6ra in prestationsbetyget och studiepo\u00e4ngen i Min Studieinfo. Vid behov, kontakta Auralas kontor: <a href=\"mailto:toimisto@aurala.fi\">toimisto@aurala.fi<\/a> eller <a href=\"tel:+358503167702\">050 316 7702<\/a> <\/li>\n<li>Delta aktivt i kursen, studera och utveckla dina kunskaper. En godk\u00e4nd kursprestation kr\u00e4ver att de angivna bed\u00f6mningskriterierna uppfylls. N\u00e4rvaro p\u00e5 minst \u00be av kursen skulle vara \u00f6nskv\u00e4rt.  <\/li>\n<li>L\u00e4raren bed\u00f6mer din kursprestation enligt angiven tidtabell med skalan Godk\u00e4nd\/Underk\u00e4nd och du f\u00e5r information om bed\u00f6mningen.<\/li>\n<li>Se ditt prestationsbetyg i <a href=\"https:\/\/opintopolku.fi\/oma-opintopolku\/\">Min Studieinfo<\/a>-systemet.<\/li>\n<\/ol>\n<p><strong>Du hittar Aurala medborgarinstituts studiepo\u00e4ngskurser <a href=\"https:\/\/uusi.opistopalvelut.fi\/aurala\/fi\/?q=tag%3A4&amp;page=1\" target=\"_blank\" rel=\"noopener\">h\u00e4r<\/a>!<\/strong><\/p>\n<p>Studenten kan \u00e5terkalla sin beg\u00e4ran om bed\u00f6mning under kursens g\u00e5ng genom att meddela den bed\u00f6mande l\u00e4raren. D\u00e5 \u00e5terkallas \u00e4ven samtycket till att f\u00f6ra in prestationsanteckningen i det nationella Koski-registret (MinStudieinfo).<\/p>\n<p>Studenten kan beg\u00e4ra en ompr\u00f6vning av bed\u00f6mningen fr\u00e5n rektorn inom tv\u00e5 m\u00e5nader efter att ha f\u00e5tt informationen. Studenten kan kr\u00e4va r\u00e4ttelse av den nya bed\u00f6mningen som gjorts p\u00e5 beg\u00e4ran eller av beslutet att avsl\u00e5 beg\u00e4ran, vidare fr\u00e5n regionf\u00f6rvaltningsverket inom 14 dagar fr\u00e5n delgivningen av beslutet.[\/vc_column_text][image_with_animation image_url=&#8221;7521&#8243; image_size=&#8221;full&#8221; animation_type=&#8221;entrance&#8221; animation=&#8221;Fade In&#8221; animation_easing=&#8221;default&#8221; animation_movement_type=&#8221;transform_y&#8221; hover_animation=&#8221;none&#8221; alignment=&#8221;&#8221; border_radius=&#8221;none&#8221; box_shadow=&#8221;none&#8221; image_loading=&#8221;default&#8221; max_width=&#8221;100%&#8221; max_width_mobile=&#8221;default&#8221;][\/vc_column][vc_column column_padding=&#8221;padding-5-percent&#8221; column_padding_tablet=&#8221;inherit&#8221; column_padding_phone=&#8221;inherit&#8221; column_padding_position=&#8221;all&#8221; column_element_direction_desktop=&#8221;default&#8221; column_element_spacing=&#8221;default&#8221; desktop_text_alignment=&#8221;default&#8221; tablet_text_alignment=&#8221;default&#8221; phone_text_alignment=&#8221;default&#8221; background_color=&#8221;#f7f7f7&#8243; background_color_opacity=&#8221;1&#8243; background_hover_color_opacity=&#8221;1&#8243; column_backdrop_filter=&#8221;none&#8221; column_shadow=&#8221;none&#8221; column_border_radius=&#8221;none&#8221; column_link_target=&#8221;_self&#8221; column_position=&#8221;default&#8221; advanced_gradient_angle=&#8221;0&#8243; gradient_direction=&#8221;left_to_right&#8221; overlay_strength=&#8221;0.3&#8243; width=&#8221;1\/2&#8243; tablet_width_inherit=&#8221;default&#8221; animation_type=&#8221;default&#8221; bg_image_animation=&#8221;none&#8221; border_type=&#8221;simple&#8221; column_border_width=&#8221;none&#8221; column_border_style=&#8221;solid&#8221; gradient_type=&#8221;default&#8221; column_padding_type=&#8221;default&#8221;][vc_column_text]\n<h3>Ta vara p\u00e5 dina kunskaper fr\u00e5n studiepo\u00e4ngskursen!<\/h3>\n[\/vc_column_text][vc_raw_html]PGlmcmFtZSB3aWR0aD0iNTYwIiBoZWlnaHQ9IjMxNSIgc3JjPSJodHRwczovL3d3dy55b3V0dWJlLmNvbS9lbWJlZC9hU0RvNFNlV0xQZyIgdGl0bGU9IllvdVR1YmUtdmlkZW9zcGVsYXJlIiBmcmFtZWJvcmRlcj0iMCIgYWxsb3c9ImFjY2VsZXJvbWV0ZXI7IGF1dG9wbGF5OyBjbGlwYm9hcmQtd3JpdGU7IGVuY3J5cHRlZC1tZWRpYTsgZ3lyb3Njb3BlOyBwaWN0dXJlLWluLXBpY3R1cmUiIGFsbG93ZnVsbHNjcmVlbj0iIj48L2lmcmFtZT4=[\/vc_raw_html][\/vc_column][\/vc_row][vc_row type=&#8221;in_container&#8221; full_screen_row_position=&#8221;middle&#8221; column_margin=&#8221;default&#8221; equal_height=&#8221;yes&#8221; content_placement=&#8221;top&#8221; column_direction=&#8221;default&#8221; column_direction_tablet=&#8221;default&#8221; column_direction_phone=&#8221;default&#8221; scene_position=&#8221;center&#8221; top_padding=&#8221;5%&#8221; constrain_group_1=&#8221;yes&#8221; bottom_padding=&#8221;5%&#8221; text_color=&#8221;dark&#8221; text_align=&#8221;left&#8221; row_border_radius=&#8221;none&#8221; row_border_radius_applies=&#8221;bg&#8221; overflow=&#8221;visible&#8221; id=&#8221;toiminta&#8221; advanced_gradient_angle=&#8221;0&#8243; overlay_strength=&#8221;0.3&#8243; gradient_direction=&#8221;left_to_right&#8221; shape_divider_position=&#8221;bottom&#8221; bg_image_animation=&#8221;none&#8221; gradient_type=&#8221;default&#8221; shape_type=&#8221;&#8221;][vc_column column_padding=&#8221;padding-3-percent&#8221; column_padding_tablet=&#8221;inherit&#8221; column_padding_phone=&#8221;inherit&#8221; column_padding_position=&#8221;right&#8221; column_element_direction_desktop=&#8221;default&#8221; column_element_spacing=&#8221;default&#8221; desktop_text_alignment=&#8221;default&#8221; tablet_text_alignment=&#8221;default&#8221; phone_text_alignment=&#8221;default&#8221; background_color_opacity=&#8221;1&#8243; background_hover_color_opacity=&#8221;1&#8243; column_backdrop_filter=&#8221;none&#8221; column_shadow=&#8221;none&#8221; column_border_radius=&#8221;none&#8221; column_link_target=&#8221;_self&#8221; column_position=&#8221;default&#8221; advanced_gradient_angle=&#8221;0&#8243; gradient_direction=&#8221;left_to_right&#8221; overlay_strength=&#8221;0.3&#8243; width=&#8221;1\/2&#8243; tablet_width_inherit=&#8221;default&#8221; animation_type=&#8221;default&#8221; bg_image_animation=&#8221;none&#8221; border_type=&#8221;simple&#8221; column_border_width=&#8221;none&#8221; column_border_style=&#8221;solid&#8221; gradient_type=&#8221;default&#8221;][\/vc_column][vc_column column_padding=&#8221;padding-3-percent&#8221; column_padding_tablet=&#8221;inherit&#8221; column_padding_phone=&#8221;inherit&#8221; column_padding_position=&#8221;right&#8221; column_element_direction_desktop=&#8221;default&#8221; column_element_spacing=&#8221;default&#8221; desktop_text_alignment=&#8221;default&#8221; tablet_text_alignment=&#8221;default&#8221; phone_text_alignment=&#8221;default&#8221; background_color_opacity=&#8221;1&#8243; background_hover_color_opacity=&#8221;1&#8243; column_backdrop_filter=&#8221;none&#8221; column_shadow=&#8221;none&#8221; column_border_radius=&#8221;none&#8221; column_link_target=&#8221;_self&#8221; column_position=&#8221;default&#8221; advanced_gradient_angle=&#8221;0&#8243; gradient_direction=&#8221;left_to_right&#8221; overlay_strength=&#8221;0.3&#8243; width=&#8221;1\/2&#8243; tablet_width_inherit=&#8221;default&#8221; animation_type=&#8221;default&#8221; bg_image_animation=&#8221;none&#8221; border_type=&#8221;simple&#8221; column_border_width=&#8221;none&#8221; column_border_style=&#8221;solid&#8221; gradient_type=&#8221;default&#8221;][\/vc_column][\/vc_row]\n","protected":false},"excerpt":{"rendered":"<p>[vc_row type=&#8221;full_width_background&#8221; full_screen_row_position=&#8221;middle&#8221; column_margin=&#8221;default&#8221; column_direction=&#8221;default&#8221; column_direction_tablet=&#8221;default&#8221; column_direction_phone=&#8221;default&#8221; bg_image=&#8221;9644&#8243; bg_position=&#8221;left center&#8221; background_image_loading=&#8221;default&#8221; bg_repeat=&#8221;no-repeat&#8221;&#8230;<\/p>\n","protected":false},"author":7,"featured_media":0,"parent":11139,"menu_order":0,"comment_status":"closed","ping_status":"closed","template":"","meta":{"footnotes":""},"class_list":["post-11461","page","type-page","status-publish"],"yoast_head":"<!-- This site is optimized with the Yoast SEO plugin v26.8 - https:\/\/yoast.com\/product\/yoast-seo-wordpress\/ -->\n<title>Studiepo\u00e4ngskurser - Auralan Setlementti<\/title>\n<meta name=\"description\" content=\"P\u00e5 Aurala medborgarinstitut hittar du ocks\u00e5 kurser med studiepo\u00e4ng, f\u00f6r vilka du kan beg\u00e4ra ett prestationsbetyg och f\u00e5 studiepo\u00e4ng i Din studiev\u00e4g.\" \/>\n<meta name=\"robots\" content=\"index, follow, max-snippet:-1, max-image-preview:large, max-video-preview:-1\" \/>\n<link rel=\"canonical\" href=\"https:\/\/aurala.fi\/sv\/kurser\/studiepoangskurser\" \/>\n<meta property=\"og:locale\" content=\"sv_SE\" \/>\n<meta property=\"og:type\" content=\"article\" \/>\n<meta property=\"og:title\" content=\"Studiepo\u00e4ngskurser - Auralan Setlementti\" \/>\n<meta property=\"og:description\" content=\"P\u00e5 Aurala medborgarinstitut hittar du ocks\u00e5 kurser med studiepo\u00e4ng, f\u00f6r vilka du kan beg\u00e4ra ett prestationsbetyg och f\u00e5 studiepo\u00e4ng i Din studiev\u00e4g.\" \/>\n<meta property=\"og:url\" content=\"https:\/\/aurala.fi\/sv\/kurser\/studiepoangskurser\" \/>\n<meta property=\"og:site_name\" content=\"Auralan Setlementti\" \/>\n<meta property=\"article:publisher\" content=\"https:\/\/www.facebook.com\/AuralaTurku\" \/>\n<meta property=\"article:modified_time\" content=\"2025-11-04T08:01:35+00:00\" \/>\n<meta property=\"og:image\" content=\"https:\/\/aurala.fi\/wp-content\/uploads\/2022\/03\/AURALAAACR1853artoarvilahtiKUVAKAS.jpg_1920_4-1200.jpg?wsr\" \/>\n\t<meta property=\"og:image:width\" content=\"1200\" \/>\n\t<meta property=\"og:image:height\" content=\"960\" \/>\n\t<meta property=\"og:image:type\" content=\"image\/jpeg\" \/>\n<meta name=\"twitter:card\" content=\"summary_large_image\" \/>\n<meta name=\"twitter:site\" content=\"@auralaturku\" \/>\n<meta name=\"twitter:label1\" content=\"Ber\u00e4knad l\u00e4stid\" \/>\n\t<meta name=\"twitter:data1\" content=\"6 minuter\" \/>\n<script type=\"application\/ld+json\" class=\"yoast-schema-graph\">{\"@context\":\"https:\/\/schema.org\",\"@graph\":[{\"@type\":\"WebPage\",\"@id\":\"https:\/\/aurala.fi\/sv\/kurser\/studiepoangskurser\",\"url\":\"https:\/\/aurala.fi\/sv\/kurser\/studiepoangskurser\",\"name\":\"Studiepo\u00e4ngskurser - Auralan Setlementti\",\"isPartOf\":{\"@id\":\"https:\/\/aurala.fi\/sv#website\"},\"datePublished\":\"2022-08-05T12:21:22+00:00\",\"dateModified\":\"2025-11-04T08:01:35+00:00\",\"description\":\"P\u00e5 Aurala medborgarinstitut hittar du ocks\u00e5 kurser med studiepo\u00e4ng, f\u00f6r vilka du kan beg\u00e4ra ett prestationsbetyg och f\u00e5 studiepo\u00e4ng i Din studiev\u00e4g.\",\"breadcrumb\":{\"@id\":\"https:\/\/aurala.fi\/sv\/kurser\/studiepoangskurser#breadcrumb\"},\"inLanguage\":\"sv-SE\",\"potentialAction\":[{\"@type\":\"ReadAction\",\"target\":[\"https:\/\/aurala.fi\/sv\/kurser\/studiepoangskurser\"]}]},{\"@type\":\"BreadcrumbList\",\"@id\":\"https:\/\/aurala.fi\/sv\/kurser\/studiepoangskurser#breadcrumb\",\"itemListElement\":[{\"@type\":\"ListItem\",\"position\":1,\"name\":\"Etusivu\",\"item\":\"https:\/\/aurala.fi\/sv\"},{\"@type\":\"ListItem\",\"position\":2,\"name\":\"Kurser\",\"item\":\"https:\/\/aurala.fi\/sv\/kurser\"},{\"@type\":\"ListItem\",\"position\":3,\"name\":\"Studiepo\u00e4ngskurser\"}]},{\"@type\":\"WebSite\",\"@id\":\"https:\/\/aurala.fi\/sv#website\",\"url\":\"https:\/\/aurala.fi\/sv\",\"name\":\"Auralan Setlementti\",\"description\":\"Kohtaamispaikka Turussa\",\"publisher\":{\"@id\":\"https:\/\/aurala.fi\/sv#organization\"},\"potentialAction\":[{\"@type\":\"SearchAction\",\"target\":{\"@type\":\"EntryPoint\",\"urlTemplate\":\"https:\/\/aurala.fi\/sv?s={search_term_string}\"},\"query-input\":{\"@type\":\"PropertyValueSpecification\",\"valueRequired\":true,\"valueName\":\"search_term_string\"}}],\"inLanguage\":\"sv-SE\"},{\"@type\":\"Organization\",\"@id\":\"https:\/\/aurala.fi\/sv#organization\",\"name\":\"Auralan Setlementti ry\",\"url\":\"https:\/\/aurala.fi\/sv\",\"logo\":{\"@type\":\"ImageObject\",\"inLanguage\":\"sv-SE\",\"@id\":\"https:\/\/aurala.fi\/sv#\/schema\/logo\/image\/\",\"url\":\"https:\/\/aurala.fi\/wp-content\/uploads\/2022\/02\/aurala_tunnus_rgb-600.jpg\",\"contentUrl\":\"https:\/\/aurala.fi\/wp-content\/uploads\/2022\/02\/aurala_tunnus_rgb-600.jpg\",\"width\":600,\"height\":265,\"caption\":\"Auralan Setlementti ry\"},\"image\":{\"@id\":\"https:\/\/aurala.fi\/sv#\/schema\/logo\/image\/\"},\"sameAs\":[\"https:\/\/www.facebook.com\/AuralaTurku\",\"https:\/\/x.com\/auralaturku\",\"https:\/\/www.instagram.com\/auralankansalaisopisto\/\",\"https:\/\/www.youtube.com\/channel\/UCCxfr4jr7uJWYZKY5erVGyg\"]}]}<\/script>\n<!-- \/ Yoast SEO plugin. -->","yoast_head_json":{"title":"Studiepo\u00e4ngskurser - Auralan Setlementti","description":"P\u00e5 Aurala medborgarinstitut hittar du ocks\u00e5 kurser med studiepo\u00e4ng, f\u00f6r vilka du kan beg\u00e4ra ett prestationsbetyg och f\u00e5 studiepo\u00e4ng i Din studiev\u00e4g.","robots":{"index":"index","follow":"follow","max-snippet":"max-snippet:-1","max-image-preview":"max-image-preview:large","max-video-preview":"max-video-preview:-1"},"canonical":"https:\/\/aurala.fi\/sv\/kurser\/studiepoangskurser","og_locale":"sv_SE","og_type":"article","og_title":"Studiepo\u00e4ngskurser - Auralan Setlementti","og_description":"P\u00e5 Aurala medborgarinstitut hittar du ocks\u00e5 kurser med studiepo\u00e4ng, f\u00f6r vilka du kan beg\u00e4ra ett prestationsbetyg och f\u00e5 studiepo\u00e4ng i Din studiev\u00e4g.","og_url":"https:\/\/aurala.fi\/sv\/kurser\/studiepoangskurser","og_site_name":"Auralan Setlementti","article_publisher":"https:\/\/www.facebook.com\/AuralaTurku","article_modified_time":"2025-11-04T08:01:35+00:00","og_image":[{"width":1200,"height":960,"url":"https:\/\/aurala.fi\/wp-content\/uploads\/2022\/03\/AURALAAACR1853artoarvilahtiKUVAKAS.jpg_1920_4-1200.jpg?wsr","type":"image\/jpeg"}],"twitter_card":"summary_large_image","twitter_site":"@auralaturku","twitter_misc":{"Ber\u00e4knad l\u00e4stid":"6 minuter"},"schema":{"@context":"https:\/\/schema.org","@graph":[{"@type":"WebPage","@id":"https:\/\/aurala.fi\/sv\/kurser\/studiepoangskurser","url":"https:\/\/aurala.fi\/sv\/kurser\/studiepoangskurser","name":"Studiepo\u00e4ngskurser - Auralan Setlementti","isPartOf":{"@id":"https:\/\/aurala.fi\/sv#website"},"datePublished":"2022-08-05T12:21:22+00:00","dateModified":"2025-11-04T08:01:35+00:00","description":"P\u00e5 Aurala medborgarinstitut hittar du ocks\u00e5 kurser med studiepo\u00e4ng, f\u00f6r vilka du kan beg\u00e4ra ett prestationsbetyg och f\u00e5 studiepo\u00e4ng i Din studiev\u00e4g.","breadcrumb":{"@id":"https:\/\/aurala.fi\/sv\/kurser\/studiepoangskurser#breadcrumb"},"inLanguage":"sv-SE","potentialAction":[{"@type":"ReadAction","target":["https:\/\/aurala.fi\/sv\/kurser\/studiepoangskurser"]}]},{"@type":"BreadcrumbList","@id":"https:\/\/aurala.fi\/sv\/kurser\/studiepoangskurser#breadcrumb","itemListElement":[{"@type":"ListItem","position":1,"name":"Etusivu","item":"https:\/\/aurala.fi\/sv"},{"@type":"ListItem","position":2,"name":"Kurser","item":"https:\/\/aurala.fi\/sv\/kurser"},{"@type":"ListItem","position":3,"name":"Studiepo\u00e4ngskurser"}]},{"@type":"WebSite","@id":"https:\/\/aurala.fi\/sv#website","url":"https:\/\/aurala.fi\/sv","name":"Auralan Setlementti","description":"Kohtaamispaikka Turussa","publisher":{"@id":"https:\/\/aurala.fi\/sv#organization"},"potentialAction":[{"@type":"SearchAction","target":{"@type":"EntryPoint","urlTemplate":"https:\/\/aurala.fi\/sv?s={search_term_string}"},"query-input":{"@type":"PropertyValueSpecification","valueRequired":true,"valueName":"search_term_string"}}],"inLanguage":"sv-SE"},{"@type":"Organization","@id":"https:\/\/aurala.fi\/sv#organization","name":"Auralan Setlementti ry","url":"https:\/\/aurala.fi\/sv","logo":{"@type":"ImageObject","inLanguage":"sv-SE","@id":"https:\/\/aurala.fi\/sv#\/schema\/logo\/image\/","url":"https:\/\/aurala.fi\/wp-content\/uploads\/2022\/02\/aurala_tunnus_rgb-600.jpg","contentUrl":"https:\/\/aurala.fi\/wp-content\/uploads\/2022\/02\/aurala_tunnus_rgb-600.jpg","width":600,"height":265,"caption":"Auralan Setlementti ry"},"image":{"@id":"https:\/\/aurala.fi\/sv#\/schema\/logo\/image\/"},"sameAs":["https:\/\/www.facebook.com\/AuralaTurku","https:\/\/x.com\/auralaturku","https:\/\/www.instagram.com\/auralankansalaisopisto\/","https:\/\/www.youtube.com\/channel\/UCCxfr4jr7uJWYZKY5erVGyg"]}]}},"_links":{"self":[{"href":"https:\/\/aurala.fi\/sv\/wp-json\/wp\/v2\/pages\/11461","targetHints":{"allow":["GET"]}}],"collection":[{"href":"https:\/\/aurala.fi\/sv\/wp-json\/wp\/v2\/pages"}],"about":[{"href":"https:\/\/aurala.fi\/sv\/wp-json\/wp\/v2\/types\/page"}],"author":[{"embeddable":true,"href":"https:\/\/aurala.fi\/sv\/wp-json\/wp\/v2\/users\/7"}],"replies":[{"embeddable":true,"href":"https:\/\/aurala.fi\/sv\/wp-json\/wp\/v2\/comments?post=11461"}],"version-history":[{"count":1,"href":"https:\/\/aurala.fi\/sv\/wp-json\/wp\/v2\/pages\/11461\/revisions"}],"predecessor-version":[{"id":11466,"href":"https:\/\/aurala.fi\/sv\/wp-json\/wp\/v2\/pages\/11461\/revisions\/11466"}],"up":[{"embeddable":true,"href":"https:\/\/aurala.fi\/sv\/wp-json\/wp\/v2\/pages\/11139"}],"wp:attachment":[{"href":"https:\/\/aurala.fi\/sv\/wp-json\/wp\/v2\/media?parent=11461"}],"curies":[{"name":"wp","href":"https:\/\/api.w.org\/{rel}","templated":true}]}}