{"id":11491,"date":"2023-11-07T08:57:18","date_gmt":"2023-11-07T06:57:18","guid":{"rendered":"https:\/\/aurala.fi\/grundlaggande-och-medborgerliga-fardigheter"},"modified":"2025-11-04T10:01:41","modified_gmt":"2025-11-04T08:01:41","slug":"grundlaggande-och-medborgerliga-fardigheter","status":"publish","type":"page","link":"https:\/\/aurala.fi\/sv\/grundlaggande-och-medborgerliga-fardigheter","title":{"rendered":"Grundl\u00e4ggande och medborgerliga f\u00e4rdigheter"},"content":{"rendered":"[vc_row type=&#8221;full_width_background&#8221; full_screen_row_position=&#8221;middle&#8221; column_margin=&#8221;default&#8221; column_direction=&#8221;default&#8221; column_direction_tablet=&#8221;default&#8221; column_direction_phone=&#8221;default&#8221; bg_image=&#8221;6747&#8243; bg_position=&#8221;center center&#8221; background_image_loading=&#8221;default&#8221; bg_repeat=&#8221;no-repeat&#8221; scene_position=&#8221;center&#8221; top_padding=&#8221;12%&#8221; constrain_group_1=&#8221;yes&#8221; bottom_padding=&#8221;12%&#8221; text_color=&#8221;dark&#8221; text_align=&#8221;left&#8221; row_border_radius=&#8221;none&#8221; row_border_radius_applies=&#8221;bg&#8221; overflow=&#8221;visible&#8221; enable_gradient=&#8221;true&#8221; color_overlay=&#8221;#000000&#8243; advanced_gradient_angle=&#8221;0&#8243; overlay_strength=&#8221;0.3&#8243; gradient_direction=&#8221;left_to_right&#8221; shape_divider_color=&#8221;#ffffff&#8221; shape_divider_position=&#8221;bottom&#8221; shape_divider_height=&#8221;250&#8243; bg_image_animation=&#8221;none&#8221; gradient_type=&#8221;default&#8221; shape_type=&#8221;waves&#8221;][vc_column column_padding=&#8221;no-extra-padding&#8221; column_padding_tablet=&#8221;inherit&#8221; column_padding_phone=&#8221;inherit&#8221; column_padding_position=&#8221;all&#8221; column_element_direction_desktop=&#8221;default&#8221; column_element_spacing=&#8221;default&#8221; desktop_text_alignment=&#8221;default&#8221; tablet_text_alignment=&#8221;default&#8221; phone_text_alignment=&#8221;default&#8221; background_color_opacity=&#8221;1&#8243; background_hover_color_opacity=&#8221;1&#8243; column_backdrop_filter=&#8221;none&#8221; column_shadow=&#8221;none&#8221; column_border_radius=&#8221;none&#8221; column_link_target=&#8221;_self&#8221; column_position=&#8221;default&#8221; gradient_direction=&#8221;left_to_right&#8221; overlay_strength=&#8221;0.3&#8243; width=&#8221;1\/1&#8243; tablet_width_inherit=&#8221;default&#8221; animation_type=&#8221;default&#8221; bg_image_animation=&#8221;none&#8221; border_type=&#8221;simple&#8221; column_border_width=&#8221;none&#8221; column_border_style=&#8221;solid&#8221;][vc_custom_heading text=&#8221;Grundl\u00e4ggande och medborgerliga f\u00e4rdigheter&#8221; font_container=&#8221;tag:h1|font_size:8vh|text_align:left|color:%23ffffff|line_height:1.1&#8243; use_theme_fonts=&#8221;yes&#8221; css=&#8221;&#8221;][\/vc_column][\/vc_row][vc_row type=&#8221;in_container&#8221; full_screen_row_position=&#8221;middle&#8221; column_margin=&#8221;default&#8221; equal_height=&#8221;yes&#8221; content_placement=&#8221;top&#8221; column_direction=&#8221;default&#8221; column_direction_tablet=&#8221;default&#8221; column_direction_phone=&#8221;default&#8221; scene_position=&#8221;center&#8221; top_padding=&#8221;5%&#8221; constrain_group_1=&#8221;yes&#8221; bottom_padding=&#8221;5%&#8221; text_color=&#8221;dark&#8221; text_align=&#8221;left&#8221; row_border_radius=&#8221;none&#8221; row_border_radius_applies=&#8221;bg&#8221; overflow=&#8221;visible&#8221; id=&#8221;toiminta&#8221; advanced_gradient_angle=&#8221;0&#8243; overlay_strength=&#8221;0.3&#8243; gradient_direction=&#8221;left_to_right&#8221; shape_divider_position=&#8221;bottom&#8221; bg_image_animation=&#8221;none&#8221; gradient_type=&#8221;default&#8221; shape_type=&#8221;&#8221;][vc_column column_padding=&#8221;no-extra-padding&#8221; column_padding_tablet=&#8221;inherit&#8221; column_padding_phone=&#8221;inherit&#8221; column_padding_position=&#8221;all&#8221; column_element_direction_desktop=&#8221;default&#8221; column_element_spacing=&#8221;default&#8221; desktop_text_alignment=&#8221;default&#8221; tablet_text_alignment=&#8221;default&#8221; phone_text_alignment=&#8221;default&#8221; background_color_opacity=&#8221;1&#8243; background_hover_color_opacity=&#8221;1&#8243; column_backdrop_filter=&#8221;none&#8221; column_shadow=&#8221;none&#8221; column_border_radius=&#8221;none&#8221; column_link_target=&#8221;_self&#8221; column_position=&#8221;default&#8221; gradient_direction=&#8221;left_to_right&#8221; overlay_strength=&#8221;0.3&#8243; width=&#8221;1\/2&#8243; tablet_width_inherit=&#8221;default&#8221; animation_type=&#8221;default&#8221; bg_image_animation=&#8221;none&#8221; border_type=&#8221;simple&#8221; column_border_width=&#8221;none&#8221; column_border_style=&#8221;solid&#8221;][vc_column_text css=&#8221;&#8221; text_direction=&#8221;default&#8221;]\n<p style=\"font-weight: 400;\">Grundl\u00e4ggande och medborgerliga f\u00e4rdigheter utg\u00f6r grunden f\u00f6r att fungera i vardagen och underl\u00e4ttar v\u00e4gen mot studier och arbete.<\/p>\n<p style=\"font-weight: 400;\">Grundl\u00e4ggande f\u00e4rdigheter inkluderar bland annat inl\u00e4rningsf\u00f6rm\u00e5ga, digitala f\u00e4rdigheter, matematiska f\u00e4rdigheter, textf\u00e4rdigheter och kommunikationsf\u00f6rm\u00e5ga.<\/p>\n<p style=\"font-weight: 400;\">Hos oss p\u00e5 Aurala kan du st\u00e4rka dina grundl\u00e4ggande f\u00e4rdigheter b\u00e5de genom kurser p\u00e5 medborgarinstitutet och genom kostnadsfria grupper i v\u00e5ra projekt.<\/p>\n<p><span style=\"font-weight: 400;\">Fr\u00e5n och med h\u00f6sten 2024 har det blivit m\u00f6jligt att synligg\u00f6ra kompetensen i grundl\u00e4ggande f\u00e4rdigheter genom nationella kompetensbevis f\u00f6r fritt bildningsarbete (KAPOS-m\u00e4rken). Mer information om m\u00e4rkena finns h\u00e4r <a href=\"https:\/\/eperusteet.opintopolku.fi\/#\/fi\/osaamismerkit\">Kompetensbevis &#8211; eGrunder<\/a>.  <\/span><\/p>\n<h3><span data-contrast=\"auto\">Aktuell verksamhet:<\/span><\/h3>\n<ul>\n<li>Se medborgar- och grundl\u00e4ggande f\u00e4rdighetskurser h\u00e4r: <a href=\"https:\/\/uusi.opistopalvelut.fi\/aurala\/fi\/?q=tag%3A11&amp;page=1\">Alla medborgarinstitutets kurser i grundl\u00e4ggande och medborgerliga f\u00e4rdigheter<\/a><\/li>\n<li><strong>Blev du utan studieplats den h\u00e4r h\u00f6sten? Kolla in det h\u00e4r! <\/strong>\n<div>\n<div>\n<p>Kom och utveckla dina studief\u00e4rdigheter p\u00e5 Aurala medborgarinstitut!<\/p>\n<p>Vi erbjuder en liten grupp, kamratst\u00f6djande diskussioner och m\u00e5ngsidiga uppgifter.<\/p>\n<\/div>\n<div>\n<p>Inneh\u00e5ll:<\/p>\n<\/div>\n<ul>\n<li>eget l\u00e4rande<\/li>\n<li>tidshantering<\/li>\n<li>studietekniker<\/li>\n<\/ul>\n<div>\n<p>Vid behov \u00e4r det m\u00f6jligt att f\u00e5 st\u00f6d \u00e4ven f\u00f6r yrkesval.<\/p>\n<div>\n<div>\n<div>\n<p>VAR? Aurala medborgarinstitut, \u00c5bo <\/p>\n<\/div>\n<div>\n<p>VAD KOSTAR DET? Kostnadsfritt! <\/p>\n<\/div>\n<div>\n<p>F\u00d6R VEM? F\u00f6r 18\u201335-\u00e5ringar <\/p>\n<\/div>\n<div>\n<p>N\u00c4R? onsdagar och\/eller torsdagar dagtid <\/p>\n<p>&nbsp;<\/p>\n<\/div>\n<div>\n<p>Gruppen startar n\u00e4r det finns minst tre deltagare.<\/p>\n<\/div>\n<div>\n<p>Anm\u00e4l ditt intresse till gruppledaren Hanne, tel. 050 316 7784 eller hanne.makinen@aurala.fi <\/p>\n<p><a href=\"https:\/\/aurala.fi\/sv\/perus-ja-kansalaistaidot\/kapos-ryhma-syksy25-a5-210-x-148-mm-4\" rel=\"attachment wp-att-10633\">Annons (pdf)<\/a><\/p>\n<\/div>\n<\/div>\n<\/div>\n<\/div>\n<\/div>\n<\/li>\n<\/ul>\n<h3><\/h3>\n<h3><span class=\"TextRun SCXW161459427 BCX0\" lang=\"FI-FI\" xml:lang=\"FI-FI\" data-contrast=\"auto\"><span class=\"NormalTextRun SCXW161459427 BCX0\">V\u00e5ra<\/span><span class=\"NormalTextRun SCXW161459427 BCX0\"> p\u00e5g\u00e5<\/span><span class=\"NormalTextRun SCXW161459427 BCX0\">ende pr<\/span><span class=\"NormalTextRun SCXW161459427 BCX0\">ojekt <\/span><span class=\"NormalTextRun SCXW161459427 BCX0\">f\u00f6r gr<\/span><span class=\"NormalTextRun SCXW161459427 BCX0\">undl\u00e4gg<\/span><span class=\"NormalTextRun SCXW161459427 BCX0\">ande f\u00e4rdigheter:<\/span><\/span><\/h3>\n<p><a href=\"https:\/\/aurala.fi\/sv\/grundlaggande-och-medborgerliga-fardigheter\/kappas-kaposta\"><strong>Kappas Kaposta<\/strong><\/a><\/p>\n<p>&nbsp;<\/p>\n<p><strong>\u00c4ven andra l\u00e4roanstalter f\u00f6r fritt bildningsarbete i \u00c5boregionen<\/strong> erbjuder kurser i grundl\u00e4ggande och medborgerliga f\u00e4rdigheter. Kurserna hj\u00e4lper dig att uppdatera dina kunskaper. Bekanta dig med l\u00e4roanstalternas utbildningsutbud: <a href=\"https:\/\/aurala.fi\/wp-content\/uploads\/2025\/05\/JOE-palvelukartta-2504-2.pdf\" rel=\"attachment wp-att-10284\">Tj\u00e4nstekarta<\/a>  <\/p>\n<p>Fr\u00e5ga mer: <a href=\"mailto:hanne.makinen@aurala.fi\">hanne.makinen@aurala.fi<\/a> eller <a href=\"mailto:sannaleena.harkonen@aurala.fi\">sannaleena.harkonen@aurala.fi<\/a><\/p>\n<p><a href=\"https:\/\/aurala.fi\/wp-content\/uploads\/2025\/05\/JOE-palvelukartta-2504-2.pdf\" rel=\"attachment wp-att-10271\"><img loading=\"lazy\" decoding=\"async\" class=\"alignnone size-large wp-image-10271\" src=\"https:\/\/aurala.fi\/wp-content\/uploads\/2025\/05\/JOE-palvelukartta-2504-2.pdf-1024x724.jpg\" alt=\"JOE tj\u00e4nstekarta\" width=\"1024\" height=\"724\" srcset=\"https:\/\/aurala.fi\/wp-content\/uploads\/2025\/05\/JOE-palvelukartta-2504-2.pdf-1024x724.jpg 1024w, https:\/\/aurala.fi\/wp-content\/uploads\/2025\/05\/JOE-palvelukartta-2504-2.pdf-300x212.jpg 300w, https:\/\/aurala.fi\/wp-content\/uploads\/2025\/05\/JOE-palvelukartta-2504-2.pdf-768x543.jpg 768w, https:\/\/aurala.fi\/wp-content\/uploads\/2025\/05\/JOE-palvelukartta-2504-2.pdf-1536x1086.jpg 1536w, https:\/\/aurala.fi\/wp-content\/uploads\/2025\/05\/JOE-palvelukartta-2504-2.pdf.jpg 2000w\" sizes=\"auto, (max-width: 1024px) 100vw, 1024px\" \/><\/a>[\/vc_column_text][\/vc_column][vc_column column_padding=&#8221;no-extra-padding&#8221; column_padding_tablet=&#8221;inherit&#8221; column_padding_phone=&#8221;inherit&#8221; column_padding_position=&#8221;all&#8221; column_element_direction_desktop=&#8221;default&#8221; column_element_spacing=&#8221;default&#8221; desktop_text_alignment=&#8221;default&#8221; tablet_text_alignment=&#8221;default&#8221; phone_text_alignment=&#8221;default&#8221; background_color_opacity=&#8221;1&#8243; background_hover_color_opacity=&#8221;1&#8243; column_backdrop_filter=&#8221;none&#8221; column_shadow=&#8221;none&#8221; column_border_radius=&#8221;none&#8221; column_link_target=&#8221;_self&#8221; column_position=&#8221;default&#8221; gradient_direction=&#8221;left_to_right&#8221; overlay_strength=&#8221;0.3&#8243; width=&#8221;1\/2&#8243; tablet_width_inherit=&#8221;default&#8221; animation_type=&#8221;default&#8221; bg_image_animation=&#8221;none&#8221; border_type=&#8221;simple&#8221; column_border_width=&#8221;none&#8221; column_border_style=&#8221;solid&#8221;][image_with_animation image_url=&#8221;10505&#8243; image_size=&#8221;large&#8221; animation_type=&#8221;entrance&#8221; animation=&#8221;None&#8221; animation_movement_type=&#8221;transform_y&#8221; hover_animation=&#8221;none&#8221; alignment=&#8221;&#8221; img_link_large=&#8221;yes&#8221; border_radius=&#8221;none&#8221; box_shadow=&#8221;none&#8221; image_loading=&#8221;default&#8221; max_width=&#8221;100%&#8221; max_width_mobile=&#8221;default&#8221;][\/vc_column][\/vc_row]\n","protected":false},"excerpt":{"rendered":"<p>[vc_row type=&#8221;full_width_background&#8221; full_screen_row_position=&#8221;middle&#8221; column_margin=&#8221;default&#8221; column_direction=&#8221;default&#8221; column_direction_tablet=&#8221;default&#8221; column_direction_phone=&#8221;default&#8221; bg_image=&#8221;6747&#8243; bg_position=&#8221;center center&#8221; background_image_loading=&#8221;default&#8221; bg_repeat=&#8221;no-repeat&#8221;&#8230;<\/p>\n","protected":false},"author":7,"featured_media":0,"parent":0,"menu_order":0,"comment_status":"closed","ping_status":"closed","template":"","meta":{"footnotes":""},"class_list":["post-11491","page","type-page","status-publish"],"yoast_head":"<!-- This site is optimized with the Yoast SEO plugin v26.8 - https:\/\/yoast.com\/product\/yoast-seo-wordpress\/ -->\n<title>Grundl\u00e4ggande och medborgerliga f\u00e4rdigheter - Auralan Setlementti<\/title>\n<meta name=\"robots\" content=\"index, follow, max-snippet:-1, max-image-preview:large, max-video-preview:-1\" \/>\n<link rel=\"canonical\" href=\"https:\/\/aurala.fi\/sv\/grundlaggande-och-medborgerliga-fardigheter\" \/>\n<meta property=\"og:locale\" content=\"sv_SE\" \/>\n<meta property=\"og:type\" content=\"article\" \/>\n<meta property=\"og:title\" content=\"Grundl\u00e4ggande och medborgerliga f\u00e4rdigheter - Auralan Setlementti\" \/>\n<meta property=\"og:description\" content=\"[vc_row type=&#8221;full_width_background&#8221; full_screen_row_position=&#8221;middle&#8221; column_margin=&#8221;default&#8221; column_direction=&#8221;default&#8221; column_direction_tablet=&#8221;default&#8221; column_direction_phone=&#8221;default&#8221; bg_image=&#8221;6747&#8243; bg_position=&#8221;center center&#8221; background_image_loading=&#8221;default&#8221; bg_repeat=&#8221;no-repeat&#8221;...\" \/>\n<meta property=\"og:url\" content=\"https:\/\/aurala.fi\/sv\/grundlaggande-och-medborgerliga-fardigheter\" \/>\n<meta property=\"og:site_name\" content=\"Auralan Setlementti\" \/>\n<meta property=\"article:publisher\" content=\"https:\/\/www.facebook.com\/AuralaTurku\" \/>\n<meta property=\"article:modified_time\" content=\"2025-11-04T08:01:41+00:00\" \/>\n<meta property=\"og:image\" content=\"https:\/\/aurala.fi\/wp-content\/uploads\/2025\/05\/JOE-palvelukartta-2504-2.pdf.jpg?wsr\" \/>\n\t<meta property=\"og:image:width\" content=\"2000\" \/>\n\t<meta property=\"og:image:height\" content=\"1414\" \/>\n\t<meta property=\"og:image:type\" content=\"image\/jpeg\" \/>\n<meta name=\"twitter:card\" content=\"summary_large_image\" \/>\n<meta name=\"twitter:site\" content=\"@auralaturku\" \/>\n<meta name=\"twitter:label1\" content=\"Ber\u00e4knad l\u00e4stid\" \/>\n\t<meta name=\"twitter:data1\" content=\"4 minuter\" \/>\n<script type=\"application\/ld+json\" class=\"yoast-schema-graph\">{\"@context\":\"https:\/\/schema.org\",\"@graph\":[{\"@type\":\"WebPage\",\"@id\":\"https:\/\/aurala.fi\/sv\/grundlaggande-och-medborgerliga-fardigheter\",\"url\":\"https:\/\/aurala.fi\/sv\/grundlaggande-och-medborgerliga-fardigheter\",\"name\":\"Grundl\u00e4ggande och medborgerliga f\u00e4rdigheter - Auralan Setlementti\",\"isPartOf\":{\"@id\":\"https:\/\/aurala.fi\/sv#website\"},\"primaryImageOfPage\":{\"@id\":\"https:\/\/aurala.fi\/sv\/grundlaggande-och-medborgerliga-fardigheter#primaryimage\"},\"image\":{\"@id\":\"https:\/\/aurala.fi\/sv\/grundlaggande-och-medborgerliga-fardigheter#primaryimage\"},\"thumbnailUrl\":\"https:\/\/aurala.fi\/wp-content\/uploads\/2025\/05\/JOE-palvelukartta-2504-2.pdf-1024x724.jpg\",\"datePublished\":\"2023-11-07T06:57:18+00:00\",\"dateModified\":\"2025-11-04T08:01:41+00:00\",\"breadcrumb\":{\"@id\":\"https:\/\/aurala.fi\/sv\/grundlaggande-och-medborgerliga-fardigheter#breadcrumb\"},\"inLanguage\":\"sv-SE\",\"potentialAction\":[{\"@type\":\"ReadAction\",\"target\":[\"https:\/\/aurala.fi\/sv\/grundlaggande-och-medborgerliga-fardigheter\"]}]},{\"@type\":\"ImageObject\",\"inLanguage\":\"sv-SE\",\"@id\":\"https:\/\/aurala.fi\/sv\/grundlaggande-och-medborgerliga-fardigheter#primaryimage\",\"url\":\"https:\/\/aurala.fi\/wp-content\/uploads\/2025\/05\/JOE-palvelukartta-2504-2.pdf-1024x724.jpg\",\"contentUrl\":\"https:\/\/aurala.fi\/wp-content\/uploads\/2025\/05\/JOE-palvelukartta-2504-2.pdf-1024x724.jpg\"},{\"@type\":\"BreadcrumbList\",\"@id\":\"https:\/\/aurala.fi\/sv\/grundlaggande-och-medborgerliga-fardigheter#breadcrumb\",\"itemListElement\":[{\"@type\":\"ListItem\",\"position\":1,\"name\":\"Etusivu\",\"item\":\"https:\/\/aurala.fi\/sv\"},{\"@type\":\"ListItem\",\"position\":2,\"name\":\"Grundl\u00e4ggande och medborgerliga f\u00e4rdigheter\"}]},{\"@type\":\"WebSite\",\"@id\":\"https:\/\/aurala.fi\/sv#website\",\"url\":\"https:\/\/aurala.fi\/sv\",\"name\":\"Auralan Setlementti\",\"description\":\"Kohtaamispaikka Turussa\",\"publisher\":{\"@id\":\"https:\/\/aurala.fi\/sv#organization\"},\"potentialAction\":[{\"@type\":\"SearchAction\",\"target\":{\"@type\":\"EntryPoint\",\"urlTemplate\":\"https:\/\/aurala.fi\/sv?s={search_term_string}\"},\"query-input\":{\"@type\":\"PropertyValueSpecification\",\"valueRequired\":true,\"valueName\":\"search_term_string\"}}],\"inLanguage\":\"sv-SE\"},{\"@type\":\"Organization\",\"@id\":\"https:\/\/aurala.fi\/sv#organization\",\"name\":\"Auralan Setlementti ry\",\"url\":\"https:\/\/aurala.fi\/sv\",\"logo\":{\"@type\":\"ImageObject\",\"inLanguage\":\"sv-SE\",\"@id\":\"https:\/\/aurala.fi\/sv#\/schema\/logo\/image\/\",\"url\":\"https:\/\/aurala.fi\/wp-content\/uploads\/2022\/02\/aurala_tunnus_rgb-600.jpg\",\"contentUrl\":\"https:\/\/aurala.fi\/wp-content\/uploads\/2022\/02\/aurala_tunnus_rgb-600.jpg\",\"width\":600,\"height\":265,\"caption\":\"Auralan Setlementti ry\"},\"image\":{\"@id\":\"https:\/\/aurala.fi\/sv#\/schema\/logo\/image\/\"},\"sameAs\":[\"https:\/\/www.facebook.com\/AuralaTurku\",\"https:\/\/x.com\/auralaturku\",\"https:\/\/www.instagram.com\/auralankansalaisopisto\/\",\"https:\/\/www.youtube.com\/channel\/UCCxfr4jr7uJWYZKY5erVGyg\"]}]}<\/script>\n<!-- \/ Yoast SEO plugin. -->","yoast_head_json":{"title":"Grundl\u00e4ggande och medborgerliga f\u00e4rdigheter - Auralan Setlementti","robots":{"index":"index","follow":"follow","max-snippet":"max-snippet:-1","max-image-preview":"max-image-preview:large","max-video-preview":"max-video-preview:-1"},"canonical":"https:\/\/aurala.fi\/sv\/grundlaggande-och-medborgerliga-fardigheter","og_locale":"sv_SE","og_type":"article","og_title":"Grundl\u00e4ggande och medborgerliga f\u00e4rdigheter - Auralan Setlementti","og_description":"[vc_row type=&#8221;full_width_background&#8221; full_screen_row_position=&#8221;middle&#8221; column_margin=&#8221;default&#8221; column_direction=&#8221;default&#8221; column_direction_tablet=&#8221;default&#8221; column_direction_phone=&#8221;default&#8221; bg_image=&#8221;6747&#8243; bg_position=&#8221;center center&#8221; background_image_loading=&#8221;default&#8221; bg_repeat=&#8221;no-repeat&#8221;...","og_url":"https:\/\/aurala.fi\/sv\/grundlaggande-och-medborgerliga-fardigheter","og_site_name":"Auralan Setlementti","article_publisher":"https:\/\/www.facebook.com\/AuralaTurku","article_modified_time":"2025-11-04T08:01:41+00:00","og_image":[{"width":2000,"height":1414,"url":"https:\/\/aurala.fi\/wp-content\/uploads\/2025\/05\/JOE-palvelukartta-2504-2.pdf.jpg?wsr","type":"image\/jpeg"}],"twitter_card":"summary_large_image","twitter_site":"@auralaturku","twitter_misc":{"Ber\u00e4knad l\u00e4stid":"4 minuter"},"schema":{"@context":"https:\/\/schema.org","@graph":[{"@type":"WebPage","@id":"https:\/\/aurala.fi\/sv\/grundlaggande-och-medborgerliga-fardigheter","url":"https:\/\/aurala.fi\/sv\/grundlaggande-och-medborgerliga-fardigheter","name":"Grundl\u00e4ggande och medborgerliga f\u00e4rdigheter - Auralan Setlementti","isPartOf":{"@id":"https:\/\/aurala.fi\/sv#website"},"primaryImageOfPage":{"@id":"https:\/\/aurala.fi\/sv\/grundlaggande-och-medborgerliga-fardigheter#primaryimage"},"image":{"@id":"https:\/\/aurala.fi\/sv\/grundlaggande-och-medborgerliga-fardigheter#primaryimage"},"thumbnailUrl":"https:\/\/aurala.fi\/wp-content\/uploads\/2025\/05\/JOE-palvelukartta-2504-2.pdf-1024x724.jpg","datePublished":"2023-11-07T06:57:18+00:00","dateModified":"2025-11-04T08:01:41+00:00","breadcrumb":{"@id":"https:\/\/aurala.fi\/sv\/grundlaggande-och-medborgerliga-fardigheter#breadcrumb"},"inLanguage":"sv-SE","potentialAction":[{"@type":"ReadAction","target":["https:\/\/aurala.fi\/sv\/grundlaggande-och-medborgerliga-fardigheter"]}]},{"@type":"ImageObject","inLanguage":"sv-SE","@id":"https:\/\/aurala.fi\/sv\/grundlaggande-och-medborgerliga-fardigheter#primaryimage","url":"https:\/\/aurala.fi\/wp-content\/uploads\/2025\/05\/JOE-palvelukartta-2504-2.pdf-1024x724.jpg","contentUrl":"https:\/\/aurala.fi\/wp-content\/uploads\/2025\/05\/JOE-palvelukartta-2504-2.pdf-1024x724.jpg"},{"@type":"BreadcrumbList","@id":"https:\/\/aurala.fi\/sv\/grundlaggande-och-medborgerliga-fardigheter#breadcrumb","itemListElement":[{"@type":"ListItem","position":1,"name":"Etusivu","item":"https:\/\/aurala.fi\/sv"},{"@type":"ListItem","position":2,"name":"Grundl\u00e4ggande och medborgerliga f\u00e4rdigheter"}]},{"@type":"WebSite","@id":"https:\/\/aurala.fi\/sv#website","url":"https:\/\/aurala.fi\/sv","name":"Auralan Setlementti","description":"Kohtaamispaikka Turussa","publisher":{"@id":"https:\/\/aurala.fi\/sv#organization"},"potentialAction":[{"@type":"SearchAction","target":{"@type":"EntryPoint","urlTemplate":"https:\/\/aurala.fi\/sv?s={search_term_string}"},"query-input":{"@type":"PropertyValueSpecification","valueRequired":true,"valueName":"search_term_string"}}],"inLanguage":"sv-SE"},{"@type":"Organization","@id":"https:\/\/aurala.fi\/sv#organization","name":"Auralan Setlementti ry","url":"https:\/\/aurala.fi\/sv","logo":{"@type":"ImageObject","inLanguage":"sv-SE","@id":"https:\/\/aurala.fi\/sv#\/schema\/logo\/image\/","url":"https:\/\/aurala.fi\/wp-content\/uploads\/2022\/02\/aurala_tunnus_rgb-600.jpg","contentUrl":"https:\/\/aurala.fi\/wp-content\/uploads\/2022\/02\/aurala_tunnus_rgb-600.jpg","width":600,"height":265,"caption":"Auralan Setlementti ry"},"image":{"@id":"https:\/\/aurala.fi\/sv#\/schema\/logo\/image\/"},"sameAs":["https:\/\/www.facebook.com\/AuralaTurku","https:\/\/x.com\/auralaturku","https:\/\/www.instagram.com\/auralankansalaisopisto\/","https:\/\/www.youtube.com\/channel\/UCCxfr4jr7uJWYZKY5erVGyg"]}]}},"_links":{"self":[{"href":"https:\/\/aurala.fi\/sv\/wp-json\/wp\/v2\/pages\/11491","targetHints":{"allow":["GET"]}}],"collection":[{"href":"https:\/\/aurala.fi\/sv\/wp-json\/wp\/v2\/pages"}],"about":[{"href":"https:\/\/aurala.fi\/sv\/wp-json\/wp\/v2\/types\/page"}],"author":[{"embeddable":true,"href":"https:\/\/aurala.fi\/sv\/wp-json\/wp\/v2\/users\/7"}],"replies":[{"embeddable":true,"href":"https:\/\/aurala.fi\/sv\/wp-json\/wp\/v2\/comments?post=11491"}],"version-history":[{"count":1,"href":"https:\/\/aurala.fi\/sv\/wp-json\/wp\/v2\/pages\/11491\/revisions"}],"predecessor-version":[{"id":11496,"href":"https:\/\/aurala.fi\/sv\/wp-json\/wp\/v2\/pages\/11491\/revisions\/11496"}],"wp:attachment":[{"href":"https:\/\/aurala.fi\/sv\/wp-json\/wp\/v2\/media?parent=11491"}],"curies":[{"name":"wp","href":"https:\/\/api.w.org\/{rel}","templated":true}]}}