{"id":11499,"date":"2024-11-19T10:32:00","date_gmt":"2024-11-19T08:32:00","guid":{"rendered":"https:\/\/aurala.fi\/vanliga-fragor"},"modified":"2026-04-23T12:57:21","modified_gmt":"2026-04-23T09:57:21","slug":"vanliga-fragor","status":"publish","type":"page","link":"https:\/\/aurala.fi\/sv\/vanliga-fragor","title":{"rendered":"Vanliga fr\u00e5gor"},"content":{"rendered":"[vc_row type=&#8221;full_width_background&#8221; full_screen_row_position=&#8221;middle&#8221; column_margin=&#8221;default&#8221; column_direction=&#8221;default&#8221; column_direction_tablet=&#8221;default&#8221; column_direction_phone=&#8221;default&#8221; bg_image=&#8221;12791&#8243; bg_image_type=&#8221;default&#8221; bg_position=&#8221;center center&#8221; background_image_loading=&#8221;default&#8221; bg_repeat=&#8221;no-repeat&#8221; scene_position=&#8221;center&#8221; top_padding=&#8221;12%&#8221; constrain_group_1=&#8221;yes&#8221; bottom_padding=&#8221;12%&#8221; text_color=&#8221;dark&#8221; text_align=&#8221;left&#8221; row_border_radius=&#8221;none&#8221; row_border_radius_applies=&#8221;bg&#8221; row_position_desktop=&#8221;default&#8221; row_position_tablet=&#8221;inherit&#8221; row_position_phone=&#8221;inherit&#8221; overflow=&#8221;visible&#8221; enable_gradient=&#8221;true&#8221; color_overlay=&#8221;#000000&#8243; advanced_gradient_angle=&#8221;0&#8243; overlay_strength=&#8221;0.3&#8243; gradient_direction=&#8221;left_to_right&#8221; shape_divider_color=&#8221;#ffffff&#8221; shape_divider_position=&#8221;bottom&#8221; shape_divider_height=&#8221;250&#8243; bg_image_animation=&#8221;none&#8221; gradient_type=&#8221;default&#8221; shape_type=&#8221;waves&#8221;][vc_column column_padding=&#8221;no-extra-padding&#8221; column_padding_tablet=&#8221;inherit&#8221; column_padding_phone=&#8221;inherit&#8221; column_padding_position=&#8221;all&#8221; flex_gap_desktop=&#8221;10px&#8221; column_element_direction_desktop=&#8221;default&#8221; column_element_spacing=&#8221;default&#8221; desktop_text_alignment=&#8221;default&#8221; tablet_text_alignment=&#8221;default&#8221; phone_text_alignment=&#8221;default&#8221; background_color_opacity=&#8221;1&#8243; background_hover_color_opacity=&#8221;1&#8243; column_backdrop_filter=&#8221;none&#8221; column_shadow=&#8221;none&#8221; column_border_radius=&#8221;none&#8221; column_link_target=&#8221;_self&#8221; column_position=&#8221;default&#8221; gradient_direction=&#8221;left_to_right&#8221; overlay_strength=&#8221;0.3&#8243; width=&#8221;1\/1&#8243; tablet_width_inherit=&#8221;default&#8221; animation_type=&#8221;default&#8221; bg_image_animation=&#8221;none&#8221; border_type=&#8221;simple&#8221; column_border_width=&#8221;none&#8221; column_border_style=&#8221;solid&#8221;][vc_custom_heading text=&#8221;Vanliga fr\u00e5gor&#8221; font_container=&#8221;tag:h1|font_size:8vh|text_align:left|color:%23ffffff|line_height:1.1&#8243; use_theme_fonts=&#8221;yes&#8221; css=&#8221;&#8221;][\/vc_column][\/vc_row][vc_row type=&#8221;in_container&#8221; full_screen_row_position=&#8221;middle&#8221; column_margin=&#8221;default&#8221; equal_height=&#8221;yes&#8221; content_placement=&#8221;top&#8221; column_direction=&#8221;default&#8221; column_direction_tablet=&#8221;default&#8221; column_direction_phone=&#8221;default&#8221; scene_position=&#8221;center&#8221; top_padding=&#8221;5%&#8221; constrain_group_1=&#8221;yes&#8221; bottom_padding=&#8221;5%&#8221; text_color=&#8221;dark&#8221; text_align=&#8221;left&#8221; row_border_radius=&#8221;none&#8221; row_border_radius_applies=&#8221;bg&#8221; row_position_desktop=&#8221;default&#8221; row_position_tablet=&#8221;inherit&#8221; row_position_phone=&#8221;inherit&#8221; overflow=&#8221;visible&#8221; id=&#8221;toiminta&#8221; advanced_gradient_angle=&#8221;0&#8243; overlay_strength=&#8221;0.3&#8243; gradient_direction=&#8221;left_to_right&#8221; shape_divider_position=&#8221;bottom&#8221; bg_image_animation=&#8221;none&#8221; gradient_type=&#8221;default&#8221; shape_type=&#8221;&#8221;][vc_column column_padding=&#8221;padding-3-percent&#8221; column_padding_tablet=&#8221;inherit&#8221; column_padding_phone=&#8221;inherit&#8221; column_padding_position=&#8221;right&#8221; flex_gap_desktop=&#8221;10px&#8221; column_element_direction_desktop=&#8221;default&#8221; column_element_spacing=&#8221;default&#8221; desktop_text_alignment=&#8221;default&#8221; tablet_text_alignment=&#8221;default&#8221; phone_text_alignment=&#8221;default&#8221; background_color_opacity=&#8221;1&#8243; background_hover_color_opacity=&#8221;1&#8243; column_backdrop_filter=&#8221;none&#8221; column_shadow=&#8221;none&#8221; column_border_radius=&#8221;none&#8221; column_link_target=&#8221;_self&#8221; column_position=&#8221;default&#8221; advanced_gradient_angle=&#8221;0&#8243; gradient_direction=&#8221;left_to_right&#8221; overlay_strength=&#8221;0.3&#8243; width=&#8221;5\/6&#8243; tablet_width_inherit=&#8221;default&#8221; animation_type=&#8221;default&#8221; bg_image_animation=&#8221;none&#8221; border_type=&#8221;simple&#8221; column_border_width=&#8221;none&#8221; column_border_style=&#8221;solid&#8221; gradient_type=&#8221;default&#8221;][toggles style=&#8221;minimal&#8221;][toggle color=&#8221;Default&#8221; heading_tag=&#8221;default&#8221; heading_tag_functionality=&#8221;default&#8221; title=&#8221;\u00c4r Aurala \u00f6ppet under skolornas lov?&#8221;][vc_column_text css=&#8221;&#8221; text_direction=&#8221;default&#8221;]Aurala folkh\u00f6gskola har ingen undervisning under skolornas h\u00f6stlovsvecka 42 eller sportlovsvecka 8.<\/p>\n<p>Aurala vardagsrumsaktiviteter anordnas ofta under skolornas lov. Kolla m\u00f6testiderna p\u00e5 vardagsrumsaktiviteternas webbsida: <a href=\"https:\/\/aurala.fi\/sv\/vardagsrumsverksamhet\">Vardagsrumsaktiviteter<\/a> <\/p>\n<p>Du hittar Auralas kontorstider <a href=\"https:\/\/aurala.fi\/sv\/kontaktuppgifter\">h\u00e4r<\/a>[\/vc_column_text][\/toggle][toggle color=&#8221;Default&#8221; heading_tag=&#8221;default&#8221; heading_tag_functionality=&#8221;default&#8221; title=&#8221;Hur tar jag mig till Aurala?&#8221;][vc_column_text css=&#8221;&#8221; text_direction=&#8221;default&#8221;]Auralas adress \u00e4r Satakunnantie 10 \/ Louhenpolku 3. Du kan ta dig till Aurala till fots, med cykel, buss eller bil. Aurala ligger p\u00e5 g\u00e5ng-\/cykelavst\u00e5nd fr\u00e5n \u00c5bo centrum, n\u00e4ra busstationen. Du kan ta dig till Aurala fr\u00e5n \u00c5bo centrum med bussarna 2, 6, 3A, 6A, 302 och 301 (mot Reso).   <\/p>\n<p>Vi uppmuntrar dig att komma till fots, med cykel eller buss, eftersom parkeringsplatserna \u00e4r begr\u00e4nsade. Parkeringsplatserna finns p\u00e5 Auralas innerg\u00e5rd (Louhenpolku 3). Fler platser finns i tr\u00e4husomr\u00e5det bakom Aurala (Bilmarksgatan, Pohjolankatu).[\/vc_column_text][\/toggle][toggle color=&#8221;Default&#8221; heading_tag=&#8221;default&#8221; heading_tag_functionality=&#8221;default&#8221; title=&#8221;Vad betyder Aurala vardagsrum?&#8221;][vc_column_text css=&#8221;&#8221; text_direction=&#8221;default&#8221;]Aurala vardagsrum \u00e4r en m\u00f6tesplats och samlingslokal som \u00e4r \u00f6ppen f\u00f6r alla. V\u00e5rt omr\u00e5desvardagsrum \u00e4r \u00f6ppet f\u00f6r sj\u00e4lvst\u00e4ndig anv\u00e4ndning varje vardag! Det betyder att du kan komma och g\u00e5 i lugn och ro, l\u00e4sa dagens tidning eller ta ett spel fr\u00e5n br\u00e4dspelshyllan, vara ensam eller tillsammans. I vardagsrummet finns gratis toaletter och en prisv\u00e4rd kaffeautomat d\u00e4r du kan k\u00f6pa vanligt kaffe samt kakao och specialkaffe. Vi har ocks\u00e5 en bokbytesplats d\u00e4r du kan hitta nya b\u00f6cker att l\u00e4sa eller l\u00e4mna dina oanv\u00e4nda b\u00f6cker f\u00f6r cirkulation. Dessutom anordnar vi olika evenemang och aktiviteter i vardagsrummet.     <\/p>\n<p>Alla vardagsrumsaktiviteter \u00e4r kostnadsfria.<\/p>\n<p>L\u00e4s mer om v\u00e5ra vardagsrumsaktiviteter: <a href=\"https:\/\/aurala.fi\/sv\/vardagsrumsverksamhet\">Vardagsrumsaktiviteter<\/a>[\/vc_column_text][\/toggle][toggle color=&#8221;Default&#8221; heading_tag=&#8221;default&#8221; heading_tag_functionality=&#8221;default&#8221; title=&#8221;Kan jag g\u00e5 med i en kurs p\u00e5 Aurala folkh\u00f6gskola mitt i terminen?&#8221;][vc_column_text css=&#8221;&#8221; text_direction=&#8221;default&#8221;]Det \u00e4r m\u00f6jligt att g\u00e5 med i n\u00e4stan alla kurser mitt i terminen om det finns plats. Du f\u00e5r kursen till ett rabatterat pris. Du kan anm\u00e4la dig direkt via n\u00e4tet, men kontakta Auralas kontor f\u00f6r att f\u00e5 det rabatterade kurspriset.  <\/p>\n<p>Om du beh\u00f6ver mer information eller extra st\u00f6d f\u00f6r att b\u00f6rja kursen, kontakta Hanne, tel. 050 316 7784.[\/vc_column_text][\/toggle][toggle color=&#8221;Default&#8221; heading_tag=&#8221;default&#8221; heading_tag_functionality=&#8221;default&#8221; title=&#8221;Om jag inte kan komma till kursen f\u00f6rsta g\u00e5ngen eller inte kan delta n\u00e5gon g\u00e5ng, beh\u00f6ver jag meddela det?&#8221;][vc_column_text css=&#8221;&#8221; text_direction=&#8221;default&#8221;]Du beh\u00f6ver inte meddela om du \u00e4r fr\u00e5nvarande f\u00f6rsta kursg\u00e5ngen. Du f\u00f6rlorar inte din kursplats. Du beh\u00f6ver inte heller meddela om du \u00e4r fr\u00e5nvarande n\u00e5gon annan kursg\u00e5ng.  <\/p>\n<p>F\u00f6r individuell undervisning, meddela din fr\u00e5nvaro direkt till l\u00e4raren. Om du inte har l\u00e4rarens kontaktuppgifter, ring kontoret tel.  050 316 7702. [\/vc_column_text][\/toggle][toggle color=&#8221;Default&#8221; heading_tag=&#8221;default&#8221; heading_tag_functionality=&#8221;default&#8221; title=&#8221;Kan jag f\u00e5 rabatt p\u00e5 kursavgifterna?&#8221;][vc_column_text css=&#8221;&#8221; text_direction=&#8221;default&#8221;]Arbetsl\u00f6sa kan f\u00e5 20 % rabatt p\u00e5 kursavgiften. Du f\u00e5r det rabatterade priset genom att bes\u00f6ka kontoret eller skicka e-post. Intyg om arbetsl\u00f6shet ska visas upp p\u00e5 beg\u00e4ran.  <\/p>\n<p>L\u00e5ginkomsttagare kan beviljas ett studiestipendie som ger r\u00e4tt till 50 % rabatt p\u00e5 kursavgiften. Studiestipendie ans\u00f6ks om fr\u00e5n rektorn genom en fritt formulerad ans\u00f6kan. Om du beh\u00f6ver hj\u00e4lp med att g\u00f6ra ans\u00f6kan, kontakta Hanne, tel.   050 316 7784.<\/p>\n<p>Medlemmar i Aurala Setlementti ry f\u00e5r 10 % rabatt p\u00e5 kursavgiften.<\/p>\n<p>Rabatterna g\u00e4ller inte kurser som anordnas tillsammans med samarbetspartners.<\/p>\n<p>Kursavgiften kan ocks\u00e5 betalas i delar. Kom \u00f6verens om betalningen genom att ringa kontoret, tel.  050 316 7702. [\/vc_column_text][\/toggle][toggle color=&#8221;Default&#8221; heading_tag=&#8221;default&#8221; heading_tag_functionality=&#8221;default&#8221; title=&#8221;Beh\u00f6ver jag skaffa spr\u00e5kkursens l\u00e4robok sj\u00e4lv?&#8221;][vc_column_text css=&#8221;&#8221; text_direction=&#8221;default&#8221;]I kursbeskrivningen n\u00e4mns namnet p\u00e5 l\u00e4roboken som anv\u00e4nds p\u00e5 kursen, och du m\u00e5ste skaffa boken sj\u00e4lv. Du b\u00f6r dock inte skaffa boken f\u00f6rr\u00e4n det \u00e4r s\u00e4kert att kursen genomf\u00f6rs. Det g\u00f6r inget om du inte har boken f\u00f6rsta g\u00e5ngen. Kursl\u00e4raren ger ocks\u00e5 tips om var du kan k\u00f6pa boken. [\/vc_column_text][\/toggle][toggle color=&#8221;Default&#8221; heading_tag=&#8221;default&#8221; heading_tag_functionality=&#8221;default&#8221; title=&#8221;Kan jag avboka min kursanm\u00e4lan?&#8221;][vc_column_text css=&#8221;&#8221; text_direction=&#8221;default&#8221;]Kursanm\u00e4lan \u00e4r bindande, men om du av n\u00e5gon anledning inte kan delta i kursen, kontakta kontoret antingen via e-post <a href=\"mailto:toimisto@aurala.fi\">toimisto@aurala.fi<\/a> eller ring tel. 050 316 7702.[\/vc_column_text][\/toggle][toggle color=&#8221;Default&#8221; heading_tag=&#8221;default&#8221; heading_tag_functionality=&#8221;default&#8221; title=&#8221;I vilka fall kan Aurala folkh\u00f6gskola avboka en kurs?&#8221;][vc_column_text css=&#8221;&#8221; text_direction=&#8221;default&#8221;]Om det inte finns tillr\u00e4ckligt m\u00e5nga anm\u00e4lda deltagare cirka 5 dagar f\u00f6re kursstart, kan den avbokas. Avbokning meddelas via SMS. I force majeure-situationer f\u00f6ljs separata instruktioner: <a href=\"https:\/\/aurala.fi\/sv\/kurser\/instruktioner-for-studenter\">Instruktioner f\u00f6r studenter<\/a>[\/vc_column_text][\/toggle][toggle color=&#8221;Default&#8221; heading_tag=&#8221;default&#8221; heading_tag_functionality=&#8221;default&#8221; title=&#8221;P\u00e5 vilka s\u00e4tt kan jag betala?&#8221;][vc_column_text css=&#8221;&#8221; text_direction=&#8221;default&#8221;]Du kan betala kursen direkt efter anm\u00e4lan med kreditkort, internetbankskoder samt SmartumPay eller ePassi. Med dessa kan du betala om saldot t\u00e4cker hela kursavgiften. <\/p>\n<p>Du kan ocks\u00e5 betala kursen via bank\u00f6verf\u00f6ring eller p\u00e5 kontoret med kort eller kontant.<\/p>\n<p>Betalning med SmartumPay eller kuponger, Edenred-appen, kort eller kuponger och ePassi g\u00f6rs p\u00e5 kontoret om det inte g\u00f6rs direkt efter anm\u00e4lan som onlinebetalning. Det betalda beloppet g\u00e5r inte direkt till fakturan fr\u00e5n dessa f\u00f6rm\u00e5nssystem. <\/p>\n<p>Observera att Smartum, Edenred och ePassi endast kan anv\u00e4ndas f\u00f6r din egen kursavgift, eftersom det \u00e4r en skattefri f\u00f6rm\u00e5n som erbjuds av arbetsgivaren[\/vc_column_text][\/toggle][toggle color=&#8221;Default&#8221; heading_tag=&#8221;default&#8221; heading_tag_functionality=&#8221;default&#8221; title=&#8221;Jag gl\u00f6mde min anm\u00e4lan och kursinformation. Hur hittar jag dem? &#8221;][vc_column_text css=&#8221;&#8221; text_direction=&#8221;default&#8221;]G\u00e5 till adressen <a href=\"https:\/\/uusi.opistopalvelut.fi\/aurala\/fi\/my-registrations\/login-link\/\" target=\"_blank\" rel=\"noopener\">Kursinformation<\/a> och skriv in den e-postadress som anv\u00e4ndes vid anm\u00e4lan. Du f\u00e5r en kod till din e-post som l\u00e5ter dig se dina egna kursanm\u00e4lningar och fakturor.[\/vc_column_text][\/toggle][toggle color=&#8221;Default&#8221; heading_tag=&#8221;default&#8221; heading_tag_functionality=&#8221;default&#8221; title=&#8221;Beh\u00f6ver jag kunna n\u00e5got i f\u00f6rv\u00e4g n\u00e4r jag deltar i en kurs?&#8221;][vc_column_text css=&#8221;&#8221; text_direction=&#8221;default&#8221;]Oftast inte. I kursbeskrivningen anges om kursen har n\u00e5gra f\u00f6rkunskapskrav. S\u00e5dana kan finnas till exempel p\u00e5 spr\u00e5kkurser om kursen \u00e4r avsedd f\u00f6r mer avancerade deltagare.  <\/p>\n<p>Aurala har ocks\u00e5 grund- och medborgarf\u00e4rdighetskurser som fokuserar specifikt p\u00e5 grunderna i det aktuella temat. Du hittar kurserna h\u00e4r <a href=\"https:\/\/uusi.opistopalvelut.fi\/aurala\/fi\/?q=tag%3A11&amp;page=1\" target=\"_blank\" rel=\"noopener\">Grund- och medborgarf\u00e4rdigheter.<\/a>[\/vc_column_text][\/toggle][toggle color=&#8221;Default&#8221; heading_tag=&#8221;default&#8221; heading_tag_functionality=&#8221;default&#8221; title=&#8221;Har ni kurser i finska?&#8221;][vc_column_text css=&#8221;&#8221; text_direction=&#8221;default&#8221;]Ja. Aurala har \u00e5rligen kurser p\u00e5 olika niv\u00e5er b\u00e5de p\u00e5 dagen och kv\u00e4llen. Vi anordnar b\u00e5de n\u00e4rkurser och onlinekurser. Du hittar kurserna h\u00e4r: <a href=\"https:\/\/uusi.opistopalvelut.fi\/aurala\/fi\/?q=category%3A29&amp;page=1\" target=\"_blank\" rel=\"noopener\">Kurser i finska<\/a>[\/vc_column_text][\/toggle][toggle color=&#8221;Default&#8221; heading_tag=&#8221;default&#8221; heading_tag_functionality=&#8221;default&#8221; title=&#8221;Vilken annan typ av st\u00f6d har ni f\u00f6r invandrare?&#8221;][vc_column_text css=&#8221;&#8221; text_direction=&#8221;default&#8221;]F\u00f6r n\u00e4rvarande erbjuder Ty\u00f6sS\u00e4 parempi-projektet (ESF+, till 2\/2026) st\u00f6d och hj\u00e4lp med syssels\u00e4ttning, riktat till invandrare i utsatt position.<\/p>\n<p>Institutets kurser \u00e4r \u00f6ppna f\u00f6r alla och \u00e4r ett utm\u00e4rkt s\u00e4tt att tr\u00e4ffa nya m\u00e4nniskor och l\u00e4ra sig finska spr\u00e5ket och kulturen. [\/vc_column_text][\/toggle][\/toggles][\/vc_column][vc_column column_padding=&#8221;no-extra-padding&#8221; column_padding_tablet=&#8221;inherit&#8221; column_padding_phone=&#8221;inherit&#8221; column_padding_position=&#8221;all&#8221; flex_gap_desktop=&#8221;10px&#8221; column_element_direction_desktop=&#8221;default&#8221; column_element_spacing=&#8221;default&#8221; desktop_text_alignment=&#8221;default&#8221; tablet_text_alignment=&#8221;default&#8221; phone_text_alignment=&#8221;default&#8221; background_color_opacity=&#8221;1&#8243; background_hover_color_opacity=&#8221;1&#8243; column_backdrop_filter=&#8221;none&#8221; column_shadow=&#8221;none&#8221; column_border_radius=&#8221;none&#8221; column_link_target=&#8221;_self&#8221; column_position=&#8221;default&#8221; gradient_direction=&#8221;left_to_right&#8221; overlay_strength=&#8221;0.3&#8243; width=&#8221;1\/6&#8243; tablet_width_inherit=&#8221;default&#8221; animation_type=&#8221;default&#8221; bg_image_animation=&#8221;none&#8221; border_type=&#8221;simple&#8221; column_border_width=&#8221;none&#8221; column_border_style=&#8221;solid&#8221;][\/vc_column][\/vc_row]\n","protected":false},"excerpt":{"rendered":"<p>[vc_row type=&#8221;full_width_background&#8221; full_screen_row_position=&#8221;middle&#8221; column_margin=&#8221;default&#8221; column_direction=&#8221;default&#8221; column_direction_tablet=&#8221;default&#8221; column_direction_phone=&#8221;default&#8221; bg_image=&#8221;12791&#8243; bg_image_type=&#8221;default&#8221; bg_position=&#8221;center center&#8221; background_image_loading=&#8221;default&#8221;&#8230;<\/p>\n","protected":false},"author":2,"featured_media":0,"parent":0,"menu_order":0,"comment_status":"closed","ping_status":"closed","template":"","meta":{"footnotes":""},"class_list":["post-11499","page","type-page","status-publish"],"yoast_head":"<!-- This site is optimized with the Yoast SEO plugin v26.8 - https:\/\/yoast.com\/product\/yoast-seo-wordpress\/ -->\n<title>Vanliga fr\u00e5gor - Auralan Setlementti<\/title>\n<meta name=\"description\" content=\"Hos oss hittar du \u00f6ver 400 kurser under samma tak, trevliga l\u00e4rare och en h\u00e4rlig atmosf\u00e4r. Att studera \u00e4r allt annat \u00e4n stelt!\" \/>\n<meta name=\"robots\" content=\"index, follow, max-snippet:-1, max-image-preview:large, max-video-preview:-1\" \/>\n<link rel=\"canonical\" href=\"https:\/\/aurala.fi\/sv\/vanliga-fragor\" \/>\n<meta property=\"og:locale\" content=\"sv_SE\" \/>\n<meta property=\"og:type\" content=\"article\" \/>\n<meta property=\"og:title\" content=\"Vanliga fr\u00e5gor - Auralan Setlementti\" \/>\n<meta property=\"og:description\" content=\"Hos oss hittar du \u00f6ver 400 kurser under samma tak, trevliga l\u00e4rare och en h\u00e4rlig atmosf\u00e4r. Att studera \u00e4r allt annat \u00e4n stelt!\" \/>\n<meta property=\"og:url\" content=\"https:\/\/aurala.fi\/sv\/vanliga-fragor\" \/>\n<meta property=\"og:site_name\" content=\"Auralan Setlementti\" \/>\n<meta property=\"article:publisher\" content=\"https:\/\/www.facebook.com\/AuralaTurku\" \/>\n<meta property=\"article:modified_time\" content=\"2026-04-23T09:57:21+00:00\" \/>\n<meta property=\"og:image\" content=\"https:\/\/aurala.fi\/wp-content\/uploads\/2022\/03\/AURALAAACR1853artoarvilahtiKUVAKAS.jpg_1920_4-1200.jpg?wsr\" \/>\n\t<meta property=\"og:image:width\" content=\"1200\" \/>\n\t<meta property=\"og:image:height\" content=\"960\" \/>\n\t<meta property=\"og:image:type\" content=\"image\/jpeg\" \/>\n<meta name=\"twitter:card\" content=\"summary_large_image\" \/>\n<meta name=\"twitter:site\" content=\"@auralaturku\" \/>\n<meta name=\"twitter:label1\" content=\"Ber\u00e4knad l\u00e4stid\" \/>\n\t<meta name=\"twitter:data1\" content=\"9 minuter\" \/>\n<script type=\"application\/ld+json\" class=\"yoast-schema-graph\">{\"@context\":\"https:\/\/schema.org\",\"@graph\":[{\"@type\":\"WebPage\",\"@id\":\"https:\/\/aurala.fi\/sv\/vanliga-fragor\",\"url\":\"https:\/\/aurala.fi\/sv\/vanliga-fragor\",\"name\":\"Vanliga fr\u00e5gor - Auralan Setlementti\",\"isPartOf\":{\"@id\":\"https:\/\/aurala.fi\/sv#website\"},\"datePublished\":\"2024-11-19T08:32:00+00:00\",\"dateModified\":\"2026-04-23T09:57:21+00:00\",\"description\":\"Hos oss hittar du \u00f6ver 400 kurser under samma tak, trevliga l\u00e4rare och en h\u00e4rlig atmosf\u00e4r. Att studera \u00e4r allt annat \u00e4n stelt!\",\"breadcrumb\":{\"@id\":\"https:\/\/aurala.fi\/sv\/vanliga-fragor#breadcrumb\"},\"inLanguage\":\"sv-SE\",\"potentialAction\":[{\"@type\":\"ReadAction\",\"target\":[\"https:\/\/aurala.fi\/sv\/vanliga-fragor\"]}]},{\"@type\":\"BreadcrumbList\",\"@id\":\"https:\/\/aurala.fi\/sv\/vanliga-fragor#breadcrumb\",\"itemListElement\":[{\"@type\":\"ListItem\",\"position\":1,\"name\":\"Etusivu\",\"item\":\"https:\/\/aurala.fi\/sv\"},{\"@type\":\"ListItem\",\"position\":2,\"name\":\"Vanliga fr\u00e5gor\"}]},{\"@type\":\"WebSite\",\"@id\":\"https:\/\/aurala.fi\/sv#website\",\"url\":\"https:\/\/aurala.fi\/sv\",\"name\":\"Auralan Setlementti\",\"description\":\"Kohtaamispaikka Turussa\",\"publisher\":{\"@id\":\"https:\/\/aurala.fi\/sv#organization\"},\"potentialAction\":[{\"@type\":\"SearchAction\",\"target\":{\"@type\":\"EntryPoint\",\"urlTemplate\":\"https:\/\/aurala.fi\/sv?s={search_term_string}\"},\"query-input\":{\"@type\":\"PropertyValueSpecification\",\"valueRequired\":true,\"valueName\":\"search_term_string\"}}],\"inLanguage\":\"sv-SE\"},{\"@type\":\"Organization\",\"@id\":\"https:\/\/aurala.fi\/sv#organization\",\"name\":\"Auralan Setlementti ry\",\"url\":\"https:\/\/aurala.fi\/sv\",\"logo\":{\"@type\":\"ImageObject\",\"inLanguage\":\"sv-SE\",\"@id\":\"https:\/\/aurala.fi\/sv#\/schema\/logo\/image\/\",\"url\":\"https:\/\/aurala.fi\/wp-content\/uploads\/2022\/02\/aurala_tunnus_rgb-600.jpg\",\"contentUrl\":\"https:\/\/aurala.fi\/wp-content\/uploads\/2022\/02\/aurala_tunnus_rgb-600.jpg\",\"width\":600,\"height\":265,\"caption\":\"Auralan Setlementti ry\"},\"image\":{\"@id\":\"https:\/\/aurala.fi\/sv#\/schema\/logo\/image\/\"},\"sameAs\":[\"https:\/\/www.facebook.com\/AuralaTurku\",\"https:\/\/x.com\/auralaturku\",\"https:\/\/www.instagram.com\/auralankansalaisopisto\/\",\"https:\/\/www.youtube.com\/channel\/UCCxfr4jr7uJWYZKY5erVGyg\"]}]}<\/script>\n<!-- \/ Yoast SEO plugin. -->","yoast_head_json":{"title":"Vanliga fr\u00e5gor - Auralan Setlementti","description":"Hos oss hittar du \u00f6ver 400 kurser under samma tak, trevliga l\u00e4rare och en h\u00e4rlig atmosf\u00e4r. Att studera \u00e4r allt annat \u00e4n stelt!","robots":{"index":"index","follow":"follow","max-snippet":"max-snippet:-1","max-image-preview":"max-image-preview:large","max-video-preview":"max-video-preview:-1"},"canonical":"https:\/\/aurala.fi\/sv\/vanliga-fragor","og_locale":"sv_SE","og_type":"article","og_title":"Vanliga fr\u00e5gor - Auralan Setlementti","og_description":"Hos oss hittar du \u00f6ver 400 kurser under samma tak, trevliga l\u00e4rare och en h\u00e4rlig atmosf\u00e4r. Att studera \u00e4r allt annat \u00e4n stelt!","og_url":"https:\/\/aurala.fi\/sv\/vanliga-fragor","og_site_name":"Auralan Setlementti","article_publisher":"https:\/\/www.facebook.com\/AuralaTurku","article_modified_time":"2026-04-23T09:57:21+00:00","og_image":[{"width":1200,"height":960,"url":"https:\/\/aurala.fi\/wp-content\/uploads\/2022\/03\/AURALAAACR1853artoarvilahtiKUVAKAS.jpg_1920_4-1200.jpg?wsr","type":"image\/jpeg"}],"twitter_card":"summary_large_image","twitter_site":"@auralaturku","twitter_misc":{"Ber\u00e4knad l\u00e4stid":"9 minuter"},"schema":{"@context":"https:\/\/schema.org","@graph":[{"@type":"WebPage","@id":"https:\/\/aurala.fi\/sv\/vanliga-fragor","url":"https:\/\/aurala.fi\/sv\/vanliga-fragor","name":"Vanliga fr\u00e5gor - Auralan Setlementti","isPartOf":{"@id":"https:\/\/aurala.fi\/sv#website"},"datePublished":"2024-11-19T08:32:00+00:00","dateModified":"2026-04-23T09:57:21+00:00","description":"Hos oss hittar du \u00f6ver 400 kurser under samma tak, trevliga l\u00e4rare och en h\u00e4rlig atmosf\u00e4r. Att studera \u00e4r allt annat \u00e4n stelt!","breadcrumb":{"@id":"https:\/\/aurala.fi\/sv\/vanliga-fragor#breadcrumb"},"inLanguage":"sv-SE","potentialAction":[{"@type":"ReadAction","target":["https:\/\/aurala.fi\/sv\/vanliga-fragor"]}]},{"@type":"BreadcrumbList","@id":"https:\/\/aurala.fi\/sv\/vanliga-fragor#breadcrumb","itemListElement":[{"@type":"ListItem","position":1,"name":"Etusivu","item":"https:\/\/aurala.fi\/sv"},{"@type":"ListItem","position":2,"name":"Vanliga fr\u00e5gor"}]},{"@type":"WebSite","@id":"https:\/\/aurala.fi\/sv#website","url":"https:\/\/aurala.fi\/sv","name":"Auralan Setlementti","description":"Kohtaamispaikka Turussa","publisher":{"@id":"https:\/\/aurala.fi\/sv#organization"},"potentialAction":[{"@type":"SearchAction","target":{"@type":"EntryPoint","urlTemplate":"https:\/\/aurala.fi\/sv?s={search_term_string}"},"query-input":{"@type":"PropertyValueSpecification","valueRequired":true,"valueName":"search_term_string"}}],"inLanguage":"sv-SE"},{"@type":"Organization","@id":"https:\/\/aurala.fi\/sv#organization","name":"Auralan Setlementti ry","url":"https:\/\/aurala.fi\/sv","logo":{"@type":"ImageObject","inLanguage":"sv-SE","@id":"https:\/\/aurala.fi\/sv#\/schema\/logo\/image\/","url":"https:\/\/aurala.fi\/wp-content\/uploads\/2022\/02\/aurala_tunnus_rgb-600.jpg","contentUrl":"https:\/\/aurala.fi\/wp-content\/uploads\/2022\/02\/aurala_tunnus_rgb-600.jpg","width":600,"height":265,"caption":"Auralan Setlementti ry"},"image":{"@id":"https:\/\/aurala.fi\/sv#\/schema\/logo\/image\/"},"sameAs":["https:\/\/www.facebook.com\/AuralaTurku","https:\/\/x.com\/auralaturku","https:\/\/www.instagram.com\/auralankansalaisopisto\/","https:\/\/www.youtube.com\/channel\/UCCxfr4jr7uJWYZKY5erVGyg"]}]}},"_links":{"self":[{"href":"https:\/\/aurala.fi\/sv\/wp-json\/wp\/v2\/pages\/11499","targetHints":{"allow":["GET"]}}],"collection":[{"href":"https:\/\/aurala.fi\/sv\/wp-json\/wp\/v2\/pages"}],"about":[{"href":"https:\/\/aurala.fi\/sv\/wp-json\/wp\/v2\/types\/page"}],"author":[{"embeddable":true,"href":"https:\/\/aurala.fi\/sv\/wp-json\/wp\/v2\/users\/2"}],"replies":[{"embeddable":true,"href":"https:\/\/aurala.fi\/sv\/wp-json\/wp\/v2\/comments?post=11499"}],"version-history":[{"count":20,"href":"https:\/\/aurala.fi\/sv\/wp-json\/wp\/v2\/pages\/11499\/revisions"}],"predecessor-version":[{"id":12807,"href":"https:\/\/aurala.fi\/sv\/wp-json\/wp\/v2\/pages\/11499\/revisions\/12807"}],"wp:attachment":[{"href":"https:\/\/aurala.fi\/sv\/wp-json\/wp\/v2\/media?parent=11499"}],"curies":[{"name":"wp","href":"https:\/\/api.w.org\/{rel}","templated":true}]}}