{"id":11517,"date":"2024-02-05T15:33:37","date_gmt":"2024-02-05T13:33:37","guid":{"rendered":"https:\/\/aurala.fi\/tillganglighetsutlatande"},"modified":"2025-11-04T10:01:48","modified_gmt":"2025-11-04T08:01:48","slug":"tillganglighetsutlatande","status":"publish","type":"page","link":"https:\/\/aurala.fi\/sv\/tillganglighetsutlatande","title":{"rendered":"Tillg\u00e4nglighetsutl\u00e5tande"},"content":{"rendered":"[vc_row type=&#8221;full_width_background&#8221; full_screen_row_position=&#8221;middle&#8221; column_margin=&#8221;default&#8221; column_direction=&#8221;default&#8221; column_direction_tablet=&#8221;default&#8221; column_direction_phone=&#8221;default&#8221; bg_image=&#8221;6791&#8243; bg_position=&#8221;left top&#8221; background_image_loading=&#8221;default&#8221; bg_repeat=&#8221;no-repeat&#8221; scene_position=&#8221;center&#8221; top_padding=&#8221;12%&#8221; constrain_group_1=&#8221;yes&#8221; bottom_padding=&#8221;12%&#8221; text_color=&#8221;dark&#8221; text_align=&#8221;left&#8221; row_border_radius=&#8221;none&#8221; row_border_radius_applies=&#8221;bg&#8221; overflow=&#8221;visible&#8221; enable_gradient=&#8221;true&#8221; color_overlay=&#8221;#000000&#8243; advanced_gradient_angle=&#8221;0&#8243; overlay_strength=&#8221;0.3&#8243; gradient_direction=&#8221;left_to_right&#8221; shape_divider_color=&#8221;#ffffff&#8221; shape_divider_position=&#8221;bottom&#8221; shape_divider_height=&#8221;250&#8243; bg_image_animation=&#8221;none&#8221; gradient_type=&#8221;default&#8221; shape_type=&#8221;waves&#8221;][vc_column column_padding=&#8221;no-extra-padding&#8221; column_padding_tablet=&#8221;inherit&#8221; column_padding_phone=&#8221;inherit&#8221; column_padding_position=&#8221;all&#8221; column_element_direction_desktop=&#8221;default&#8221; column_element_spacing=&#8221;default&#8221; desktop_text_alignment=&#8221;default&#8221; tablet_text_alignment=&#8221;default&#8221; phone_text_alignment=&#8221;default&#8221; background_color_opacity=&#8221;1&#8243; background_hover_color_opacity=&#8221;1&#8243; column_backdrop_filter=&#8221;none&#8221; column_shadow=&#8221;none&#8221; column_border_radius=&#8221;none&#8221; column_link_target=&#8221;_self&#8221; column_position=&#8221;default&#8221; gradient_direction=&#8221;left_to_right&#8221; overlay_strength=&#8221;0.3&#8243; width=&#8221;1\/1&#8243; tablet_width_inherit=&#8221;default&#8221; animation_type=&#8221;default&#8221; bg_image_animation=&#8221;none&#8221; border_type=&#8221;simple&#8221; column_border_width=&#8221;none&#8221; column_border_style=&#8221;solid&#8221;][vc_custom_heading text=&#8221;Tillg\u00e4nglighetsutl\u00e5tande&#8221; font_container=&#8221;tag:h1|font_size:8vh|text_align:left|color:%23ffffff|line_height:1.1&#8243; use_theme_fonts=&#8221;yes&#8221;][\/vc_column][\/vc_row][vc_row type=&#8221;in_container&#8221; full_screen_row_position=&#8221;middle&#8221; column_margin=&#8221;default&#8221; equal_height=&#8221;yes&#8221; content_placement=&#8221;top&#8221; column_direction=&#8221;default&#8221; column_direction_tablet=&#8221;default&#8221; column_direction_phone=&#8221;default&#8221; scene_position=&#8221;center&#8221; top_padding=&#8221;5%&#8221; constrain_group_1=&#8221;yes&#8221; bottom_padding=&#8221;5%&#8221; text_color=&#8221;dark&#8221; text_align=&#8221;left&#8221; row_border_radius=&#8221;none&#8221; row_border_radius_applies=&#8221;bg&#8221; overflow=&#8221;visible&#8221; id=&#8221;toiminta&#8221; advanced_gradient_angle=&#8221;0&#8243; overlay_strength=&#8221;0.3&#8243; gradient_direction=&#8221;left_to_right&#8221; shape_divider_position=&#8221;bottom&#8221; bg_image_animation=&#8221;none&#8221; gradient_type=&#8221;default&#8221; shape_type=&#8221;&#8221;][vc_column column_padding=&#8221;padding-3-percent&#8221; column_padding_tablet=&#8221;inherit&#8221; column_padding_phone=&#8221;inherit&#8221; column_padding_position=&#8221;right&#8221; column_element_direction_desktop=&#8221;default&#8221; column_element_spacing=&#8221;default&#8221; desktop_text_alignment=&#8221;default&#8221; tablet_text_alignment=&#8221;default&#8221; phone_text_alignment=&#8221;default&#8221; background_color_opacity=&#8221;1&#8243; background_hover_color_opacity=&#8221;1&#8243; column_backdrop_filter=&#8221;none&#8221; column_shadow=&#8221;none&#8221; column_border_radius=&#8221;none&#8221; column_link_target=&#8221;_self&#8221; column_position=&#8221;default&#8221; advanced_gradient_angle=&#8221;0&#8243; gradient_direction=&#8221;left_to_right&#8221; overlay_strength=&#8221;0.3&#8243; width=&#8221;1\/1&#8243; tablet_width_inherit=&#8221;default&#8221; animation_type=&#8221;default&#8221; bg_image_animation=&#8221;none&#8221; border_type=&#8221;simple&#8221; column_border_width=&#8221;none&#8221; column_border_style=&#8221;solid&#8221; gradient_type=&#8221;default&#8221;][vc_column_text]\n<h2>V\u00e4lkommen, detta \u00e4r organisationen Auralan Setlementti ry:s tillg\u00e4nglighetsutl\u00e5tande<\/h2>\n<p>Detta tillg\u00e4nglighetsutl\u00e5tande g\u00e4ller tj\u00e4nsten https:\/\/aurala.fi\/ och har uppr\u00e4ttats\/uppdaterats 05.02.2024. Tj\u00e4nsten omfattas av lagen om tillhandah\u00e5llande av digitala tj\u00e4nster, som kr\u00e4ver att offentliga webbtj\u00e4nster ska vara tillg\u00e4ngliga. <\/p>\n<h3>Tj\u00e4nstens tillg\u00e4nglighet har utv\u00e4rderats av en extern expertorganisation<\/h3>\n<p>Kajahdus Oy har gjort utv\u00e4rderingen 5.2.2024<\/p>\n<h4>Den digitala tj\u00e4nstens tillg\u00e4nglighetsstatus<\/h4>\n<ul>\n<li>Uppfyller tillg\u00e4nglighetskraven delvis.<\/li>\n<\/ul>\n<h4>Icke-tillg\u00e4ngligt inneh\u00e5ll<\/h4>\n<ul>\n<li>3. Webbplatsen uppfyller \u00e4nnu inte kraven i alla avseenden<\/li>\n<\/ul>\n<h4>Uppfattbar: Knapparnas f\u00e4rgkontrast \u00e4r delvis bristf\u00e4llig<\/h4>\n<p><strong>Otillg\u00e4ngligt inneh\u00e5ll och dess brister<\/strong><\/p>\n<ul>\n<li>Kontrasten mellan bakgrundsf\u00e4rg och text \u00e4r f\u00f6r l\u00e5g p\u00e5 knapparna. L\u00e4nkknappar och texter i orange och gult uppfyller inte tillg\u00e4nglighetskraven g\u00e4llande kontrast. Bl\u00e5 uppfyller kraven.  <\/li>\n<li>Tillg\u00e4nglighetskrav som inte uppfylls\n<ul>\n<li>1.4.3 Kontrast (minimum)<\/li>\n<\/ul>\n<\/li>\n<\/ul>\n<h4>Hanterbar: Webbplatsen har delvis brister i l\u00e4nkstyrningen<\/h4>\n<p><strong>Otillg\u00e4ngligt inneh\u00e5ll och dess brister<\/strong><\/p>\n<ul>\n<li>Webbplatsen har intilliggande l\u00e4nkar som pekar till samma sida och en brist i rubrikniv\u00e5strukturen. Till exempel leder knappen Kontaktuppgifter till samma sida som menyns Kontaktuppgifter. <\/li>\n<li>Tillg\u00e4nglighetskrav som inte uppfylls\n<ul>\n<li>2.4.4 L\u00e4nkens syfte (i sitt sammanhang)<\/li>\n<li>2.4.6 Rubriker och etiketter<\/li>\n<\/ul>\n<\/li>\n<\/ul>\n<p><strong>Uppt\u00e4ckte du en tillg\u00e4nglighetsbrist i v\u00e5r digitala tj\u00e4nst? Ber\u00e4tta det f\u00f6r oss s\u00e5 g\u00f6r vi v\u00e5rt b\u00e4sta f\u00f6r att \u00e5tg\u00e4rda bristen <\/strong><\/p>\n<p>Via e-post <a href=\"mailto:toimisto@aurala.fi\">toimisto@aurala.fi<\/a><\/p>\n<p><strong>Tillsynsmyndighet<\/strong><br \/>\nOm du uppt\u00e4cker tillg\u00e4nglighetsproblem p\u00e5 webbplatsen, ge f\u00f6rst feedback till oss, dvs. webbplatsens administrat\u00f6r. Det kan ta 14 dagar att f\u00e5 svar. Om du inte \u00e4r n\u00f6jd med svaret du f\u00e5r eller om du inte f\u00e5r n\u00e5got svar alls inom tv\u00e5 veckor, kan du g\u00f6ra en anm\u00e4lan till Regionf\u00f6rvaltningsverket i S\u00f6dra Finland \u00d6ppnas i ett nytt f\u00f6nster. P\u00e5 Regionf\u00f6rvaltningsverket i S\u00f6dra Finlands webbplats beskrivs i detalj hur man kan g\u00f6ra en anm\u00e4lan och hur \u00e4rendet behandlas.   <\/p>\n<p><strong>Tillsynsmyndighetens kontaktuppgifter<\/strong><br \/>\nRegionf\u00f6rvaltningsverket i S\u00f6dra Finland<br \/>\nEnheten f\u00f6r tillsyn \u00f6ver tillg\u00e4nglighet<br \/>\nwww.tillg\u00e4nglighetskrav.fi<br \/>\nsaavutettavuus(at)avi.fi<br \/>\ntelefonnummer v\u00e4xel 0295 016 000[\/vc_column_text][\/vc_column][\/vc_row]\n","protected":false},"excerpt":{"rendered":"<p>[vc_row type=&#8221;full_width_background&#8221; full_screen_row_position=&#8221;middle&#8221; column_margin=&#8221;default&#8221; column_direction=&#8221;default&#8221; column_direction_tablet=&#8221;default&#8221; column_direction_phone=&#8221;default&#8221; bg_image=&#8221;6791&#8243; bg_position=&#8221;left top&#8221; background_image_loading=&#8221;default&#8221; bg_repeat=&#8221;no-repeat&#8221;&#8230;<\/p>\n","protected":false},"author":2,"featured_media":0,"parent":0,"menu_order":0,"comment_status":"closed","ping_status":"closed","template":"","meta":{"footnotes":""},"class_list":["post-11517","page","type-page","status-publish"],"yoast_head":"<!-- This site is optimized with the Yoast SEO plugin v26.8 - https:\/\/yoast.com\/product\/yoast-seo-wordpress\/ -->\n<title>Tillg\u00e4nglighetsutl\u00e5tande - Auralan Setlementti<\/title>\n<meta name=\"description\" content=\"F\u00f6reningens medlemmar samlas tv\u00e5 g\u00e5nger om \u00e5ret f\u00f6r att besluta om stadgeenliga \u00e4renden, s\u00e5som ekonomi och verksamhet.\" \/>\n<meta name=\"robots\" content=\"index, follow, max-snippet:-1, max-image-preview:large, max-video-preview:-1\" \/>\n<link rel=\"canonical\" href=\"https:\/\/aurala.fi\/sv\/tillganglighetsutlatande\" \/>\n<meta property=\"og:locale\" content=\"sv_SE\" \/>\n<meta property=\"og:type\" content=\"article\" \/>\n<meta property=\"og:title\" content=\"Tillg\u00e4nglighetsutl\u00e5tande - Auralan Setlementti\" \/>\n<meta property=\"og:description\" content=\"F\u00f6reningens medlemmar samlas tv\u00e5 g\u00e5nger om \u00e5ret f\u00f6r att besluta om stadgeenliga \u00e4renden, s\u00e5som ekonomi och verksamhet.\" \/>\n<meta property=\"og:url\" content=\"https:\/\/aurala.fi\/sv\/tillganglighetsutlatande\" \/>\n<meta property=\"og:site_name\" content=\"Auralan Setlementti\" \/>\n<meta property=\"article:publisher\" content=\"https:\/\/www.facebook.com\/AuralaTurku\" \/>\n<meta property=\"article:modified_time\" content=\"2025-11-04T08:01:48+00:00\" \/>\n<meta property=\"og:image\" content=\"https:\/\/aurala.fi\/wp-content\/uploads\/2022\/03\/AURALAAACR1853artoarvilahtiKUVAKAS.jpg_1920_4-1200.jpg?wsr\" \/>\n\t<meta property=\"og:image:width\" content=\"1200\" \/>\n\t<meta property=\"og:image:height\" content=\"960\" \/>\n\t<meta property=\"og:image:type\" content=\"image\/jpeg\" \/>\n<meta name=\"twitter:card\" content=\"summary_large_image\" \/>\n<meta name=\"twitter:site\" content=\"@auralaturku\" \/>\n<meta name=\"twitter:label1\" content=\"Ber\u00e4knad l\u00e4stid\" \/>\n\t<meta name=\"twitter:data1\" content=\"4 minuter\" \/>\n<script type=\"application\/ld+json\" class=\"yoast-schema-graph\">{\"@context\":\"https:\/\/schema.org\",\"@graph\":[{\"@type\":\"WebPage\",\"@id\":\"https:\/\/aurala.fi\/sv\/tillganglighetsutlatande\",\"url\":\"https:\/\/aurala.fi\/sv\/tillganglighetsutlatande\",\"name\":\"Tillg\u00e4nglighetsutl\u00e5tande - Auralan Setlementti\",\"isPartOf\":{\"@id\":\"https:\/\/aurala.fi\/sv#website\"},\"datePublished\":\"2024-02-05T13:33:37+00:00\",\"dateModified\":\"2025-11-04T08:01:48+00:00\",\"description\":\"F\u00f6reningens medlemmar samlas tv\u00e5 g\u00e5nger om \u00e5ret f\u00f6r att besluta om stadgeenliga \u00e4renden, s\u00e5som ekonomi och verksamhet.\",\"breadcrumb\":{\"@id\":\"https:\/\/aurala.fi\/sv\/tillganglighetsutlatande#breadcrumb\"},\"inLanguage\":\"sv-SE\",\"potentialAction\":[{\"@type\":\"ReadAction\",\"target\":[\"https:\/\/aurala.fi\/sv\/tillganglighetsutlatande\"]}]},{\"@type\":\"BreadcrumbList\",\"@id\":\"https:\/\/aurala.fi\/sv\/tillganglighetsutlatande#breadcrumb\",\"itemListElement\":[{\"@type\":\"ListItem\",\"position\":1,\"name\":\"Etusivu\",\"item\":\"https:\/\/aurala.fi\/sv\"},{\"@type\":\"ListItem\",\"position\":2,\"name\":\"Tillg\u00e4nglighetsutl\u00e5tande\"}]},{\"@type\":\"WebSite\",\"@id\":\"https:\/\/aurala.fi\/sv#website\",\"url\":\"https:\/\/aurala.fi\/sv\",\"name\":\"Auralan Setlementti\",\"description\":\"Kohtaamispaikka Turussa\",\"publisher\":{\"@id\":\"https:\/\/aurala.fi\/sv#organization\"},\"potentialAction\":[{\"@type\":\"SearchAction\",\"target\":{\"@type\":\"EntryPoint\",\"urlTemplate\":\"https:\/\/aurala.fi\/sv?s={search_term_string}\"},\"query-input\":{\"@type\":\"PropertyValueSpecification\",\"valueRequired\":true,\"valueName\":\"search_term_string\"}}],\"inLanguage\":\"sv-SE\"},{\"@type\":\"Organization\",\"@id\":\"https:\/\/aurala.fi\/sv#organization\",\"name\":\"Auralan Setlementti ry\",\"url\":\"https:\/\/aurala.fi\/sv\",\"logo\":{\"@type\":\"ImageObject\",\"inLanguage\":\"sv-SE\",\"@id\":\"https:\/\/aurala.fi\/sv#\/schema\/logo\/image\/\",\"url\":\"https:\/\/aurala.fi\/wp-content\/uploads\/2022\/02\/aurala_tunnus_rgb-600.jpg\",\"contentUrl\":\"https:\/\/aurala.fi\/wp-content\/uploads\/2022\/02\/aurala_tunnus_rgb-600.jpg\",\"width\":600,\"height\":265,\"caption\":\"Auralan Setlementti ry\"},\"image\":{\"@id\":\"https:\/\/aurala.fi\/sv#\/schema\/logo\/image\/\"},\"sameAs\":[\"https:\/\/www.facebook.com\/AuralaTurku\",\"https:\/\/x.com\/auralaturku\",\"https:\/\/www.instagram.com\/auralankansalaisopisto\/\",\"https:\/\/www.youtube.com\/channel\/UCCxfr4jr7uJWYZKY5erVGyg\"]}]}<\/script>\n<!-- \/ Yoast SEO plugin. -->","yoast_head_json":{"title":"Tillg\u00e4nglighetsutl\u00e5tande - Auralan Setlementti","description":"F\u00f6reningens medlemmar samlas tv\u00e5 g\u00e5nger om \u00e5ret f\u00f6r att besluta om stadgeenliga \u00e4renden, s\u00e5som ekonomi och verksamhet.","robots":{"index":"index","follow":"follow","max-snippet":"max-snippet:-1","max-image-preview":"max-image-preview:large","max-video-preview":"max-video-preview:-1"},"canonical":"https:\/\/aurala.fi\/sv\/tillganglighetsutlatande","og_locale":"sv_SE","og_type":"article","og_title":"Tillg\u00e4nglighetsutl\u00e5tande - Auralan Setlementti","og_description":"F\u00f6reningens medlemmar samlas tv\u00e5 g\u00e5nger om \u00e5ret f\u00f6r att besluta om stadgeenliga \u00e4renden, s\u00e5som ekonomi och verksamhet.","og_url":"https:\/\/aurala.fi\/sv\/tillganglighetsutlatande","og_site_name":"Auralan Setlementti","article_publisher":"https:\/\/www.facebook.com\/AuralaTurku","article_modified_time":"2025-11-04T08:01:48+00:00","og_image":[{"width":1200,"height":960,"url":"https:\/\/aurala.fi\/wp-content\/uploads\/2022\/03\/AURALAAACR1853artoarvilahtiKUVAKAS.jpg_1920_4-1200.jpg?wsr","type":"image\/jpeg"}],"twitter_card":"summary_large_image","twitter_site":"@auralaturku","twitter_misc":{"Ber\u00e4knad l\u00e4stid":"4 minuter"},"schema":{"@context":"https:\/\/schema.org","@graph":[{"@type":"WebPage","@id":"https:\/\/aurala.fi\/sv\/tillganglighetsutlatande","url":"https:\/\/aurala.fi\/sv\/tillganglighetsutlatande","name":"Tillg\u00e4nglighetsutl\u00e5tande - Auralan Setlementti","isPartOf":{"@id":"https:\/\/aurala.fi\/sv#website"},"datePublished":"2024-02-05T13:33:37+00:00","dateModified":"2025-11-04T08:01:48+00:00","description":"F\u00f6reningens medlemmar samlas tv\u00e5 g\u00e5nger om \u00e5ret f\u00f6r att besluta om stadgeenliga \u00e4renden, s\u00e5som ekonomi och verksamhet.","breadcrumb":{"@id":"https:\/\/aurala.fi\/sv\/tillganglighetsutlatande#breadcrumb"},"inLanguage":"sv-SE","potentialAction":[{"@type":"ReadAction","target":["https:\/\/aurala.fi\/sv\/tillganglighetsutlatande"]}]},{"@type":"BreadcrumbList","@id":"https:\/\/aurala.fi\/sv\/tillganglighetsutlatande#breadcrumb","itemListElement":[{"@type":"ListItem","position":1,"name":"Etusivu","item":"https:\/\/aurala.fi\/sv"},{"@type":"ListItem","position":2,"name":"Tillg\u00e4nglighetsutl\u00e5tande"}]},{"@type":"WebSite","@id":"https:\/\/aurala.fi\/sv#website","url":"https:\/\/aurala.fi\/sv","name":"Auralan Setlementti","description":"Kohtaamispaikka Turussa","publisher":{"@id":"https:\/\/aurala.fi\/sv#organization"},"potentialAction":[{"@type":"SearchAction","target":{"@type":"EntryPoint","urlTemplate":"https:\/\/aurala.fi\/sv?s={search_term_string}"},"query-input":{"@type":"PropertyValueSpecification","valueRequired":true,"valueName":"search_term_string"}}],"inLanguage":"sv-SE"},{"@type":"Organization","@id":"https:\/\/aurala.fi\/sv#organization","name":"Auralan Setlementti ry","url":"https:\/\/aurala.fi\/sv","logo":{"@type":"ImageObject","inLanguage":"sv-SE","@id":"https:\/\/aurala.fi\/sv#\/schema\/logo\/image\/","url":"https:\/\/aurala.fi\/wp-content\/uploads\/2022\/02\/aurala_tunnus_rgb-600.jpg","contentUrl":"https:\/\/aurala.fi\/wp-content\/uploads\/2022\/02\/aurala_tunnus_rgb-600.jpg","width":600,"height":265,"caption":"Auralan Setlementti ry"},"image":{"@id":"https:\/\/aurala.fi\/sv#\/schema\/logo\/image\/"},"sameAs":["https:\/\/www.facebook.com\/AuralaTurku","https:\/\/x.com\/auralaturku","https:\/\/www.instagram.com\/auralankansalaisopisto\/","https:\/\/www.youtube.com\/channel\/UCCxfr4jr7uJWYZKY5erVGyg"]}]}},"_links":{"self":[{"href":"https:\/\/aurala.fi\/sv\/wp-json\/wp\/v2\/pages\/11517","targetHints":{"allow":["GET"]}}],"collection":[{"href":"https:\/\/aurala.fi\/sv\/wp-json\/wp\/v2\/pages"}],"about":[{"href":"https:\/\/aurala.fi\/sv\/wp-json\/wp\/v2\/types\/page"}],"author":[{"embeddable":true,"href":"https:\/\/aurala.fi\/sv\/wp-json\/wp\/v2\/users\/2"}],"replies":[{"embeddable":true,"href":"https:\/\/aurala.fi\/sv\/wp-json\/wp\/v2\/comments?post=11517"}],"version-history":[{"count":1,"href":"https:\/\/aurala.fi\/sv\/wp-json\/wp\/v2\/pages\/11517\/revisions"}],"predecessor-version":[{"id":11520,"href":"https:\/\/aurala.fi\/sv\/wp-json\/wp\/v2\/pages\/11517\/revisions\/11520"}],"wp:attachment":[{"href":"https:\/\/aurala.fi\/sv\/wp-json\/wp\/v2\/media?parent=11517"}],"curies":[{"name":"wp","href":"https:\/\/api.w.org\/{rel}","templated":true}]}}