{"id":11576,"date":"2024-11-25T09:47:09","date_gmt":"2024-11-25T07:47:09","guid":{"rendered":"https:\/\/aurala.fi\/kurser\/kapos-marken"},"modified":"2025-11-04T10:01:49","modified_gmt":"2025-11-04T08:01:49","slug":"kapos-marken","status":"publish","type":"page","link":"https:\/\/aurala.fi\/sv\/kurser\/kapos-marken","title":{"rendered":"KAPOS-m\u00e4rken"},"content":{"rendered":"[vc_row type=&#8221;full_width_background&#8221; full_screen_row_position=&#8221;middle&#8221; column_margin=&#8221;default&#8221; column_direction=&#8221;default&#8221; column_direction_tablet=&#8221;default&#8221; column_direction_phone=&#8221;default&#8221; bg_image=&#8221;6236&#8243; bg_position=&#8221;left center&#8221; background_image_loading=&#8221;default&#8221; bg_repeat=&#8221;no-repeat&#8221; scene_position=&#8221;center&#8221; top_padding=&#8221;12%&#8221; constrain_group_1=&#8221;yes&#8221; bottom_padding=&#8221;12%&#8221; text_color=&#8221;dark&#8221; text_align=&#8221;left&#8221; row_border_radius=&#8221;none&#8221; row_border_radius_applies=&#8221;bg&#8221; overflow=&#8221;visible&#8221; enable_gradient=&#8221;true&#8221; color_overlay=&#8221;#000000&#8243; advanced_gradient_angle=&#8221;0&#8243; overlay_strength=&#8221;0.3&#8243; gradient_direction=&#8221;left_to_right&#8221; shape_divider_color=&#8221;#ffffff&#8221; shape_divider_position=&#8221;bottom&#8221; shape_divider_height=&#8221;250&#8243; bg_image_animation=&#8221;none&#8221; gradient_type=&#8221;default&#8221; shape_type=&#8221;waves&#8221;][vc_column column_padding=&#8221;no-extra-padding&#8221; column_padding_tablet=&#8221;inherit&#8221; column_padding_phone=&#8221;inherit&#8221; column_padding_position=&#8221;all&#8221; column_element_direction_desktop=&#8221;default&#8221; column_element_spacing=&#8221;default&#8221; desktop_text_alignment=&#8221;default&#8221; tablet_text_alignment=&#8221;default&#8221; phone_text_alignment=&#8221;default&#8221; background_color_opacity=&#8221;1&#8243; background_hover_color_opacity=&#8221;1&#8243; column_backdrop_filter=&#8221;none&#8221; column_shadow=&#8221;none&#8221; column_border_radius=&#8221;none&#8221; column_link_target=&#8221;_self&#8221; column_position=&#8221;default&#8221; gradient_direction=&#8221;left_to_right&#8221; overlay_strength=&#8221;0.3&#8243; width=&#8221;1\/1&#8243; tablet_width_inherit=&#8221;default&#8221; animation_type=&#8221;default&#8221; bg_image_animation=&#8221;none&#8221; border_type=&#8221;simple&#8221; column_border_width=&#8221;none&#8221; column_border_style=&#8221;solid&#8221;][vc_custom_heading text=&#8221;KAPOS-m\u00e4rken&#8221; font_container=&#8221;tag:h1|font_size:8vh|text_align:left|color:%23ffffff|line_height:1.1&#8243; use_theme_fonts=&#8221;yes&#8221; css=&#8221;&#8221;][\/vc_column][\/vc_row][vc_row type=&#8221;in_container&#8221; full_screen_row_position=&#8221;middle&#8221; column_margin=&#8221;default&#8221; column_direction=&#8221;default&#8221; column_direction_tablet=&#8221;default&#8221; column_direction_phone=&#8221;default&#8221; scene_position=&#8221;center&#8221; top_padding=&#8221;5%&#8221; constrain_group_1=&#8221;yes&#8221; bottom_padding=&#8221;5%&#8221; text_color=&#8221;dark&#8221; text_align=&#8221;left&#8221; row_border_radius=&#8221;none&#8221; row_border_radius_applies=&#8221;bg&#8221; overflow=&#8221;visible&#8221; id=&#8221;toiminta&#8221; advanced_gradient_angle=&#8221;0&#8243; overlay_strength=&#8221;0.3&#8243; gradient_direction=&#8221;left_to_right&#8221; shape_divider_position=&#8221;bottom&#8221; bg_image_animation=&#8221;none&#8221; gradient_type=&#8221;default&#8221; shape_type=&#8221;&#8221;][vc_column column_padding=&#8221;padding-3-percent&#8221; column_padding_tablet=&#8221;inherit&#8221; column_padding_phone=&#8221;inherit&#8221; column_padding_position=&#8221;right&#8221; column_element_direction_desktop=&#8221;default&#8221; column_element_spacing=&#8221;default&#8221; desktop_text_alignment=&#8221;default&#8221; tablet_text_alignment=&#8221;default&#8221; phone_text_alignment=&#8221;default&#8221; background_color_opacity=&#8221;1&#8243; background_hover_color_opacity=&#8221;1&#8243; column_backdrop_filter=&#8221;none&#8221; column_shadow=&#8221;none&#8221; column_border_radius=&#8221;none&#8221; column_link_target=&#8221;_self&#8221; column_position=&#8221;default&#8221; advanced_gradient_angle=&#8221;0&#8243; gradient_direction=&#8221;left_to_right&#8221; overlay_strength=&#8221;0.3&#8243; width=&#8221;2\/3&#8243; tablet_width_inherit=&#8221;default&#8221; animation_type=&#8221;default&#8221; bg_image_animation=&#8221;none&#8221; border_type=&#8221;simple&#8221; column_border_width=&#8221;none&#8221; column_border_style=&#8221;solid&#8221; gradient_type=&#8221;default&#8221;][vc_column_text css=&#8221;&#8221; text_direction=&#8221;default&#8221;]\n<h2><strong>Nationella kompetensm\u00e4rken f\u00f6r grundl\u00e4ggande f\u00e4rdigheter, eller KAPOS-m\u00e4rken<\/strong><\/h2>\n<p>KAPOS-m\u00e4rken anv\u00e4nds f\u00f6r att identifiera, erk\u00e4nna och synligg\u00f6ra bred kompetens. M\u00e4rkena fokuserar p\u00e5 grundl\u00e4ggande f\u00e4rdigheter som beh\u00f6vs b\u00e5de i vardagen och i studie- och arbetslivet. Utbildningsstyrelsen har definierat nationella kompetensm\u00e5l och bed\u00f6mningskriterier f\u00f6r m\u00e4rkena, som finns h\u00e4r <a href=\"https:\/\/eperusteet.opintopolku.fi\/#\/fi\/osaamismerkit\" target=\"_blank\" rel=\"noopener\">Kompetensm\u00e4rken &#8211; eGrunder<\/a>. M\u00e4rken kan erh\u00e5llas vid l\u00e4roanstalter f\u00f6r fritt bildningsarbete. Med kundens samtycke registreras en godk\u00e4nd prestation i Koski-datalagret, och kunden kan se sina m\u00e4rken i tj\u00e4nsten Min Studieinfo, varifr\u00e5n de kan bifogas till t.ex. CV:n.<\/p>\n<p><strong>Teman f\u00f6r kompetensm\u00e4rken<\/strong><\/p>\n<ul>\n<li>Inl\u00e4rningsf\u00e4rdigheter<\/li>\n<li>Textf\u00e4rdigheter<\/li>\n<li>Numeriska och ekonomiska f\u00e4rdigheter<\/li>\n<li>Interaktions- och arbetsv\u00e4lbefinnandef\u00e4rdigheter<\/li>\n<li>Digitala f\u00e4rdigheter<\/li>\n<li>H\u00e5llbarhetskompetens<\/li>\n<\/ul>\n<p><a href=\"https:\/\/uusi.opistopalvelut.fi\/aurala\/fi\/?q=kapos&amp;page=1\">KAPOS-kurser h\u00f6sten 2025<\/a><\/p>\n<p><strong>S\u00e5 h\u00e4r kan du erh\u00e5lla KAPOS-m\u00e4rken p\u00e5 Aurala medborgarinstitut:<\/strong><\/p>\n<ol>\n<li>Anm\u00e4l dig till en kurs vars kursbeskrivning anger m\u00f6jligheten att erh\u00e5lla KAPOS-m\u00e4rke(n).<\/li>\n<li>I b\u00f6rjan av kursen informerar l\u00e4raren om kompetensm\u00e5len och bed\u00f6mningskriterierna f\u00f6r m\u00e4rket\/m\u00e4rkena som \u00e4r kopplade till kursen.<\/li>\n<li>Best\u00e4m om du vill erh\u00e5lla m\u00e4rket\/m\u00e4rkena och meddela l\u00e4raren, helst senast vid det andra kurstillf\u00e4llet.<\/li>\n<li>Du f\u00e5r en inbjudan via e-post att underteckna ett samtyckesformul\u00e4r som ger Aurala medborgarinstitut tillst\u00e5nd att lagra din prestation i Koski-datalagret.<\/li>\n<li>L\u00e4raren bed\u00f6mer din prestation enligt nationella kriterier, och en godk\u00e4nd prestation registreras i Koski inom tv\u00e5 veckor efter att prestationen \u00e4r klar.<\/li>\n<li>Kontrollera i tj\u00e4nsten Min Studieinfo att m\u00e4rket syns d\u00e4r. Du kan kopiera m\u00e4rket till t.ex. ditt eget CV.<\/li>\n<\/ol>\n[\/vc_column_text][vc_row_inner column_margin=&#8221;default&#8221; column_direction=&#8221;default&#8221; column_direction_tablet=&#8221;default&#8221; column_direction_phone=&#8221;default&#8221; text_align=&#8221;left&#8221; row_position=&#8221;default&#8221; row_position_tablet=&#8221;inherit&#8221; row_position_phone=&#8221;inherit&#8221; overflow=&#8221;visible&#8221; pointer_events=&#8221;all&#8221;][vc_column_inner column_padding=&#8221;padding-5-percent&#8221; column_padding_tablet=&#8221;inherit&#8221; column_padding_phone=&#8221;inherit&#8221; column_padding_position=&#8221;all&#8221; column_element_direction_desktop=&#8221;default&#8221; column_element_spacing=&#8221;default&#8221; desktop_text_alignment=&#8221;left&#8221; tablet_text_alignment=&#8221;default&#8221; phone_text_alignment=&#8221;default&#8221; background_color=&#8221;#f7f7f7&#8243; background_color_opacity=&#8221;1&#8243; background_hover_color_opacity=&#8221;1&#8243; column_backdrop_filter=&#8221;none&#8221; column_shadow=&#8221;none&#8221; column_border_radius=&#8221;none&#8221; column_link_target=&#8221;_self&#8221; overflow=&#8221;visible&#8221; gradient_direction=&#8221;left_to_right&#8221; overlay_strength=&#8221;0.3&#8243; width=&#8221;1\/1&#8243; tablet_width_inherit=&#8221;default&#8221; animation_type=&#8221;default&#8221; bg_image_animation=&#8221;none&#8221; border_type=&#8221;simple&#8221; column_border_width=&#8221;none&#8221; column_border_style=&#8221;solid&#8221; column_padding_type=&#8221;default&#8221; gradient_type=&#8221;default&#8221;][vc_column_text css=&#8221;&#8221; text_direction=&#8221;default&#8221;]Studenten kan \u00e5terkalla sin beg\u00e4ran om bed\u00f6mning under kursens g\u00e5ng genom att meddela den bed\u00f6mande l\u00e4raren. I s\u00e5 fall \u00e5terkallas \u00e4ven samtycket till att f\u00f6ra in prestationsanteckningen i det nationella Koski-registret (Min Studieinfo).<\/p>\n<p>Studenten kan beg\u00e4ra en ompr\u00f6vning av bed\u00f6mningen fr\u00e5n rektorn inom tv\u00e5 m\u00e5nader efter att ha f\u00e5tt informationen. Studenten kan kr\u00e4va r\u00e4ttelse av den nya bed\u00f6mningen som gjorts p\u00e5 beg\u00e4ran eller av beslutet att avsl\u00e5 beg\u00e4ran, vidare fr\u00e5n regionf\u00f6rvaltningsverket inom 14 dagar fr\u00e5n delgivningen av beslutet.[\/vc_column_text][\/vc_column_inner][\/vc_row_inner][\/vc_column][vc_column column_padding=&#8221;no-extra-padding&#8221; column_padding_tablet=&#8221;inherit&#8221; column_padding_phone=&#8221;inherit&#8221; column_padding_position=&#8221;all&#8221; column_element_direction_desktop=&#8221;default&#8221; column_element_spacing=&#8221;50px&#8221; centered_text=&#8221;true&#8221; desktop_text_alignment=&#8221;default&#8221; tablet_text_alignment=&#8221;default&#8221; phone_text_alignment=&#8221;default&#8221; background_color_opacity=&#8221;1&#8243; background_hover_color_opacity=&#8221;1&#8243; column_backdrop_filter=&#8221;none&#8221; column_shadow=&#8221;none&#8221; column_border_radius=&#8221;none&#8221; column_link_target=&#8221;_self&#8221; column_position=&#8221;default&#8221; advanced_gradient_angle=&#8221;0&#8243; gradient_direction=&#8221;left_to_right&#8221; overlay_strength=&#8221;0.3&#8243; width=&#8221;1\/3&#8243; tablet_width_inherit=&#8221;default&#8221; animation_type=&#8221;default&#8221; bg_image_animation=&#8221;none&#8221; border_type=&#8221;simple&#8221; column_border_width=&#8221;none&#8221; column_border_style=&#8221;solid&#8221; gradient_type=&#8221;default&#8221; column_padding_type=&#8221;default&#8221;][image_with_animation image_url=&#8221;9603&#8243; image_size=&#8221;full&#8221; animation_type=&#8221;entrance&#8221; animation=&#8221;Fade In&#8221; animation_easing=&#8221;default&#8221; animation_movement_type=&#8221;transform_y&#8221; hover_animation=&#8221;none&#8221; alignment=&#8221;center&#8221; border_radius=&#8221;none&#8221; box_shadow=&#8221;none&#8221; image_loading=&#8221;default&#8221; max_width=&#8221;125%&#8221; max_width_mobile=&#8221;default&#8221;][\/vc_column][\/vc_row]\n","protected":false},"excerpt":{"rendered":"<p>[vc_row type=&#8221;full_width_background&#8221; full_screen_row_position=&#8221;middle&#8221; column_margin=&#8221;default&#8221; column_direction=&#8221;default&#8221; column_direction_tablet=&#8221;default&#8221; column_direction_phone=&#8221;default&#8221; bg_image=&#8221;6236&#8243; bg_position=&#8221;left center&#8221; background_image_loading=&#8221;default&#8221; bg_repeat=&#8221;no-repeat&#8221;&#8230;<\/p>\n","protected":false},"author":2,"featured_media":0,"parent":11139,"menu_order":0,"comment_status":"closed","ping_status":"closed","template":"","meta":{"footnotes":""},"class_list":["post-11576","page","type-page","status-publish"],"yoast_head":"<!-- This site is optimized with the Yoast SEO plugin v26.8 - https:\/\/yoast.com\/product\/yoast-seo-wordpress\/ -->\n<title>KAPOS-m\u00e4rken - Auralan Setlementti<\/title>\n<meta name=\"description\" content=\"P\u00e5 Aurala medborgarinstitut hittar du ocks\u00e5 kurser med studiepo\u00e4ng, f\u00f6r vilka du kan beg\u00e4ra ett prestationsbetyg och f\u00e5 studiepo\u00e4ng i Din studiev\u00e4g.\" \/>\n<meta name=\"robots\" content=\"index, follow, max-snippet:-1, max-image-preview:large, max-video-preview:-1\" \/>\n<link rel=\"canonical\" href=\"https:\/\/aurala.fi\/sv\/kurser\/kapos-marken\" \/>\n<meta property=\"og:locale\" content=\"sv_SE\" \/>\n<meta property=\"og:type\" content=\"article\" \/>\n<meta property=\"og:title\" content=\"KAPOS-m\u00e4rken - Auralan Setlementti\" \/>\n<meta property=\"og:description\" content=\"P\u00e5 Aurala medborgarinstitut hittar du ocks\u00e5 kurser med studiepo\u00e4ng, f\u00f6r vilka du kan beg\u00e4ra ett prestationsbetyg och f\u00e5 studiepo\u00e4ng i Din studiev\u00e4g.\" \/>\n<meta property=\"og:url\" content=\"https:\/\/aurala.fi\/sv\/kurser\/kapos-marken\" \/>\n<meta property=\"og:site_name\" content=\"Auralan Setlementti\" \/>\n<meta property=\"article:publisher\" content=\"https:\/\/www.facebook.com\/AuralaTurku\" \/>\n<meta property=\"article:modified_time\" content=\"2025-11-04T08:01:49+00:00\" \/>\n<meta property=\"og:image\" content=\"https:\/\/aurala.fi\/wp-content\/uploads\/2022\/03\/AURALAAACR1853artoarvilahtiKUVAKAS.jpg_1920_4-1200.jpg?wsr\" \/>\n\t<meta property=\"og:image:width\" content=\"1200\" \/>\n\t<meta property=\"og:image:height\" content=\"960\" \/>\n\t<meta property=\"og:image:type\" content=\"image\/jpeg\" \/>\n<meta name=\"twitter:card\" content=\"summary_large_image\" \/>\n<meta name=\"twitter:site\" content=\"@auralaturku\" \/>\n<meta name=\"twitter:label1\" content=\"Ber\u00e4knad l\u00e4stid\" \/>\n\t<meta name=\"twitter:data1\" content=\"6 minuter\" \/>\n<script type=\"application\/ld+json\" class=\"yoast-schema-graph\">{\"@context\":\"https:\/\/schema.org\",\"@graph\":[{\"@type\":\"WebPage\",\"@id\":\"https:\/\/aurala.fi\/sv\/kurser\/kapos-marken\",\"url\":\"https:\/\/aurala.fi\/sv\/kurser\/kapos-marken\",\"name\":\"KAPOS-m\u00e4rken - Auralan Setlementti\",\"isPartOf\":{\"@id\":\"https:\/\/aurala.fi\/sv#website\"},\"datePublished\":\"2024-11-25T07:47:09+00:00\",\"dateModified\":\"2025-11-04T08:01:49+00:00\",\"description\":\"P\u00e5 Aurala medborgarinstitut hittar du ocks\u00e5 kurser med studiepo\u00e4ng, f\u00f6r vilka du kan beg\u00e4ra ett prestationsbetyg och f\u00e5 studiepo\u00e4ng i Din studiev\u00e4g.\",\"breadcrumb\":{\"@id\":\"https:\/\/aurala.fi\/sv\/kurser\/kapos-marken#breadcrumb\"},\"inLanguage\":\"sv-SE\",\"potentialAction\":[{\"@type\":\"ReadAction\",\"target\":[\"https:\/\/aurala.fi\/sv\/kurser\/kapos-marken\"]}]},{\"@type\":\"BreadcrumbList\",\"@id\":\"https:\/\/aurala.fi\/sv\/kurser\/kapos-marken#breadcrumb\",\"itemListElement\":[{\"@type\":\"ListItem\",\"position\":1,\"name\":\"Etusivu\",\"item\":\"https:\/\/aurala.fi\/sv\"},{\"@type\":\"ListItem\",\"position\":2,\"name\":\"Kurser\",\"item\":\"https:\/\/aurala.fi\/sv\/kurser\"},{\"@type\":\"ListItem\",\"position\":3,\"name\":\"KAPOS-m\u00e4rken\"}]},{\"@type\":\"WebSite\",\"@id\":\"https:\/\/aurala.fi\/sv#website\",\"url\":\"https:\/\/aurala.fi\/sv\",\"name\":\"Auralan Setlementti\",\"description\":\"Kohtaamispaikka Turussa\",\"publisher\":{\"@id\":\"https:\/\/aurala.fi\/sv#organization\"},\"potentialAction\":[{\"@type\":\"SearchAction\",\"target\":{\"@type\":\"EntryPoint\",\"urlTemplate\":\"https:\/\/aurala.fi\/sv?s={search_term_string}\"},\"query-input\":{\"@type\":\"PropertyValueSpecification\",\"valueRequired\":true,\"valueName\":\"search_term_string\"}}],\"inLanguage\":\"sv-SE\"},{\"@type\":\"Organization\",\"@id\":\"https:\/\/aurala.fi\/sv#organization\",\"name\":\"Auralan Setlementti ry\",\"url\":\"https:\/\/aurala.fi\/sv\",\"logo\":{\"@type\":\"ImageObject\",\"inLanguage\":\"sv-SE\",\"@id\":\"https:\/\/aurala.fi\/sv#\/schema\/logo\/image\/\",\"url\":\"https:\/\/aurala.fi\/wp-content\/uploads\/2022\/02\/aurala_tunnus_rgb-600.jpg\",\"contentUrl\":\"https:\/\/aurala.fi\/wp-content\/uploads\/2022\/02\/aurala_tunnus_rgb-600.jpg\",\"width\":600,\"height\":265,\"caption\":\"Auralan Setlementti ry\"},\"image\":{\"@id\":\"https:\/\/aurala.fi\/sv#\/schema\/logo\/image\/\"},\"sameAs\":[\"https:\/\/www.facebook.com\/AuralaTurku\",\"https:\/\/x.com\/auralaturku\",\"https:\/\/www.instagram.com\/auralankansalaisopisto\/\",\"https:\/\/www.youtube.com\/channel\/UCCxfr4jr7uJWYZKY5erVGyg\"]}]}<\/script>\n<!-- \/ Yoast SEO plugin. -->","yoast_head_json":{"title":"KAPOS-m\u00e4rken - Auralan Setlementti","description":"P\u00e5 Aurala medborgarinstitut hittar du ocks\u00e5 kurser med studiepo\u00e4ng, f\u00f6r vilka du kan beg\u00e4ra ett prestationsbetyg och f\u00e5 studiepo\u00e4ng i Din studiev\u00e4g.","robots":{"index":"index","follow":"follow","max-snippet":"max-snippet:-1","max-image-preview":"max-image-preview:large","max-video-preview":"max-video-preview:-1"},"canonical":"https:\/\/aurala.fi\/sv\/kurser\/kapos-marken","og_locale":"sv_SE","og_type":"article","og_title":"KAPOS-m\u00e4rken - Auralan Setlementti","og_description":"P\u00e5 Aurala medborgarinstitut hittar du ocks\u00e5 kurser med studiepo\u00e4ng, f\u00f6r vilka du kan beg\u00e4ra ett prestationsbetyg och f\u00e5 studiepo\u00e4ng i Din studiev\u00e4g.","og_url":"https:\/\/aurala.fi\/sv\/kurser\/kapos-marken","og_site_name":"Auralan Setlementti","article_publisher":"https:\/\/www.facebook.com\/AuralaTurku","article_modified_time":"2025-11-04T08:01:49+00:00","og_image":[{"width":1200,"height":960,"url":"https:\/\/aurala.fi\/wp-content\/uploads\/2022\/03\/AURALAAACR1853artoarvilahtiKUVAKAS.jpg_1920_4-1200.jpg?wsr","type":"image\/jpeg"}],"twitter_card":"summary_large_image","twitter_site":"@auralaturku","twitter_misc":{"Ber\u00e4knad l\u00e4stid":"6 minuter"},"schema":{"@context":"https:\/\/schema.org","@graph":[{"@type":"WebPage","@id":"https:\/\/aurala.fi\/sv\/kurser\/kapos-marken","url":"https:\/\/aurala.fi\/sv\/kurser\/kapos-marken","name":"KAPOS-m\u00e4rken - Auralan Setlementti","isPartOf":{"@id":"https:\/\/aurala.fi\/sv#website"},"datePublished":"2024-11-25T07:47:09+00:00","dateModified":"2025-11-04T08:01:49+00:00","description":"P\u00e5 Aurala medborgarinstitut hittar du ocks\u00e5 kurser med studiepo\u00e4ng, f\u00f6r vilka du kan beg\u00e4ra ett prestationsbetyg och f\u00e5 studiepo\u00e4ng i Din studiev\u00e4g.","breadcrumb":{"@id":"https:\/\/aurala.fi\/sv\/kurser\/kapos-marken#breadcrumb"},"inLanguage":"sv-SE","potentialAction":[{"@type":"ReadAction","target":["https:\/\/aurala.fi\/sv\/kurser\/kapos-marken"]}]},{"@type":"BreadcrumbList","@id":"https:\/\/aurala.fi\/sv\/kurser\/kapos-marken#breadcrumb","itemListElement":[{"@type":"ListItem","position":1,"name":"Etusivu","item":"https:\/\/aurala.fi\/sv"},{"@type":"ListItem","position":2,"name":"Kurser","item":"https:\/\/aurala.fi\/sv\/kurser"},{"@type":"ListItem","position":3,"name":"KAPOS-m\u00e4rken"}]},{"@type":"WebSite","@id":"https:\/\/aurala.fi\/sv#website","url":"https:\/\/aurala.fi\/sv","name":"Auralan Setlementti","description":"Kohtaamispaikka Turussa","publisher":{"@id":"https:\/\/aurala.fi\/sv#organization"},"potentialAction":[{"@type":"SearchAction","target":{"@type":"EntryPoint","urlTemplate":"https:\/\/aurala.fi\/sv?s={search_term_string}"},"query-input":{"@type":"PropertyValueSpecification","valueRequired":true,"valueName":"search_term_string"}}],"inLanguage":"sv-SE"},{"@type":"Organization","@id":"https:\/\/aurala.fi\/sv#organization","name":"Auralan Setlementti ry","url":"https:\/\/aurala.fi\/sv","logo":{"@type":"ImageObject","inLanguage":"sv-SE","@id":"https:\/\/aurala.fi\/sv#\/schema\/logo\/image\/","url":"https:\/\/aurala.fi\/wp-content\/uploads\/2022\/02\/aurala_tunnus_rgb-600.jpg","contentUrl":"https:\/\/aurala.fi\/wp-content\/uploads\/2022\/02\/aurala_tunnus_rgb-600.jpg","width":600,"height":265,"caption":"Auralan Setlementti ry"},"image":{"@id":"https:\/\/aurala.fi\/sv#\/schema\/logo\/image\/"},"sameAs":["https:\/\/www.facebook.com\/AuralaTurku","https:\/\/x.com\/auralaturku","https:\/\/www.instagram.com\/auralankansalaisopisto\/","https:\/\/www.youtube.com\/channel\/UCCxfr4jr7uJWYZKY5erVGyg"]}]}},"_links":{"self":[{"href":"https:\/\/aurala.fi\/sv\/wp-json\/wp\/v2\/pages\/11576","targetHints":{"allow":["GET"]}}],"collection":[{"href":"https:\/\/aurala.fi\/sv\/wp-json\/wp\/v2\/pages"}],"about":[{"href":"https:\/\/aurala.fi\/sv\/wp-json\/wp\/v2\/types\/page"}],"author":[{"embeddable":true,"href":"https:\/\/aurala.fi\/sv\/wp-json\/wp\/v2\/users\/2"}],"replies":[{"embeddable":true,"href":"https:\/\/aurala.fi\/sv\/wp-json\/wp\/v2\/comments?post=11576"}],"version-history":[{"count":1,"href":"https:\/\/aurala.fi\/sv\/wp-json\/wp\/v2\/pages\/11576\/revisions"}],"predecessor-version":[{"id":11581,"href":"https:\/\/aurala.fi\/sv\/wp-json\/wp\/v2\/pages\/11576\/revisions\/11581"}],"up":[{"embeddable":true,"href":"https:\/\/aurala.fi\/sv\/wp-json\/wp\/v2\/pages\/11139"}],"wp:attachment":[{"href":"https:\/\/aurala.fi\/sv\/wp-json\/wp\/v2\/media?parent=11576"}],"curies":[{"name":"wp","href":"https:\/\/api.w.org\/{rel}","templated":true}]}}