{"id":12207,"date":"2026-01-20T14:22:44","date_gmt":"2026-01-20T12:22:44","guid":{"rendered":"https:\/\/aurala.fi\/?page_id=12207"},"modified":"2026-01-20T14:22:44","modified_gmt":"2026-01-20T12:22:44","slug":"donera-kopio","status":"publish","type":"page","link":"https:\/\/aurala.fi\/sv\/donera-kopio","title":{"rendered":"Donera (kopio)"},"content":{"rendered":"[vc_row type=&#8221;full_width_background&#8221; full_screen_row_position=&#8221;middle&#8221; column_margin=&#8221;default&#8221; column_direction=&#8221;default&#8221; column_direction_tablet=&#8221;default&#8221; column_direction_phone=&#8221;default&#8221; bg_image=&#8221;6494&#8243; bg_position=&#8221;left top&#8221; background_image_loading=&#8221;default&#8221; bg_repeat=&#8221;no-repeat&#8221; scene_position=&#8221;center&#8221; top_padding=&#8221;12%&#8221; constrain_group_1=&#8221;yes&#8221; bottom_padding=&#8221;12%&#8221; text_color=&#8221;dark&#8221; text_align=&#8221;left&#8221; row_border_radius=&#8221;none&#8221; row_border_radius_applies=&#8221;bg&#8221; overflow=&#8221;visible&#8221; enable_gradient=&#8221;true&#8221; color_overlay=&#8221;#000000&#8243; advanced_gradient_angle=&#8221;0&#8243; overlay_strength=&#8221;0.3&#8243; gradient_direction=&#8221;left_to_right&#8221; shape_divider_color=&#8221;#ffffff&#8221; shape_divider_position=&#8221;bottom&#8221; shape_divider_height=&#8221;250&#8243; bg_image_animation=&#8221;none&#8221; gradient_type=&#8221;default&#8221; shape_type=&#8221;waves&#8221;][vc_column column_padding=&#8221;no-extra-padding&#8221; column_padding_tablet=&#8221;inherit&#8221; column_padding_phone=&#8221;inherit&#8221; column_padding_position=&#8221;all&#8221; column_element_spacing=&#8221;default&#8221; background_color_opacity=&#8221;1&#8243; background_hover_color_opacity=&#8221;1&#8243; column_shadow=&#8221;none&#8221; column_border_radius=&#8221;none&#8221; column_link_target=&#8221;_self&#8221; column_position=&#8221;default&#8221; gradient_direction=&#8221;left_to_right&#8221; overlay_strength=&#8221;0.3&#8243; width=&#8221;2\/3&#8243; tablet_width_inherit=&#8221;default&#8221; tablet_text_alignment=&#8221;default&#8221; phone_text_alignment=&#8221;default&#8221; animation_type=&#8221;default&#8221; bg_image_animation=&#8221;none&#8221; border_type=&#8221;simple&#8221; column_border_width=&#8221;none&#8221; column_border_style=&#8221;solid&#8221;][vc_custom_heading text=&#8221;St\u00f6d v\u00e5r verksamhet&#8221; font_container=&#8221;tag:h1|font_size:8vh|text_align:left|color:%23ffffff|line_height:1.1&#8243; use_theme_fonts=&#8221;yes&#8221;][\/vc_column][vc_column column_padding=&#8221;no-extra-padding&#8221; column_padding_tablet=&#8221;inherit&#8221; column_padding_phone=&#8221;inherit&#8221; column_padding_position=&#8221;all&#8221; column_element_spacing=&#8221;default&#8221; background_color_opacity=&#8221;1&#8243; background_hover_color_opacity=&#8221;1&#8243; column_shadow=&#8221;none&#8221; column_border_radius=&#8221;none&#8221; column_link_target=&#8221;_self&#8221; column_position=&#8221;default&#8221; gradient_direction=&#8221;left_to_right&#8221; overlay_strength=&#8221;0.3&#8243; width=&#8221;1\/3&#8243; tablet_width_inherit=&#8221;default&#8221; tablet_text_alignment=&#8221;default&#8221; phone_text_alignment=&#8221;default&#8221; animation_type=&#8221;default&#8221; bg_image_animation=&#8221;none&#8221; border_type=&#8221;simple&#8221; column_border_width=&#8221;none&#8221; column_border_style=&#8221;solid&#8221;][\/vc_column][\/vc_row][vc_row type=&#8221;in_container&#8221; full_screen_row_position=&#8221;middle&#8221; column_margin=&#8221;default&#8221; equal_height=&#8221;yes&#8221; content_placement=&#8221;middle&#8221; column_direction=&#8221;default&#8221; column_direction_tablet=&#8221;default&#8221; column_direction_phone=&#8221;default&#8221; scene_position=&#8221;center&#8221; top_padding=&#8221;5%&#8221; constrain_group_1=&#8221;yes&#8221; bottom_padding=&#8221;5%&#8221; text_color=&#8221;dark&#8221; text_align=&#8221;left&#8221; row_border_radius=&#8221;none&#8221; row_border_radius_applies=&#8221;bg&#8221; overflow=&#8221;visible&#8221; id=&#8221;toiminta&#8221; advanced_gradient_angle=&#8221;0&#8243; overlay_strength=&#8221;0.3&#8243; gradient_direction=&#8221;left_to_right&#8221; shape_divider_position=&#8221;bottom&#8221; bg_image_animation=&#8221;none&#8221; gradient_type=&#8221;default&#8221; shape_type=&#8221;&#8221;][vc_column column_padding=&#8221;padding-3-percent&#8221; column_padding_tablet=&#8221;inherit&#8221; column_padding_phone=&#8221;inherit&#8221; column_padding_position=&#8221;right&#8221; column_element_spacing=&#8221;default&#8221; background_color_opacity=&#8221;1&#8243; background_hover_color_opacity=&#8221;1&#8243; column_shadow=&#8221;none&#8221; column_border_radius=&#8221;none&#8221; column_link_target=&#8221;_self&#8221; column_position=&#8221;default&#8221; advanced_gradient_angle=&#8221;0&#8243; gradient_direction=&#8221;left_to_right&#8221; overlay_strength=&#8221;0.3&#8243; width=&#8221;1\/2&#8243; tablet_width_inherit=&#8221;default&#8221; tablet_text_alignment=&#8221;default&#8221; phone_text_alignment=&#8221;default&#8221; animation_type=&#8221;default&#8221; bg_image_animation=&#8221;none&#8221; border_type=&#8221;simple&#8221; column_border_width=&#8221;none&#8221; column_border_style=&#8221;solid&#8221; gradient_type=&#8221;default&#8221;][vc_custom_heading text=&#8221;Auralan Setlementti ry samlar in donationer f\u00f6r f\u00f6ljande \u00e4ndam\u00e5l&#8221; font_container=&#8221;tag:h2|text_align:left|color:%23000000&#8243; use_theme_fonts=&#8221;yes&#8221;][divider line_type=&#8221;No Line&#8221;]<div class=\"nectar-fancy-ul\" data-list-icon=\"fa fa-check\" data-animation=\"false\" data-animation-delay=\"0\" data-color=\"accent-color\" data-spacing=\"default\" data-alignment=\"left\"> \n<ul>\n<li>Rekreations- och l\u00e4gerverksamhet f\u00f6r familjer och barn med invandrarbakgrund<\/li>\n<li>Rekreations- och klubbverksamhet f\u00f6r seniorer<\/li>\n<li>V\u00e4nverksamhet f\u00f6r personer med invandrarbakgrund och seniorer<\/li>\n<li>S\u00e4nkning av kursavgifter f\u00f6r l\u00e5ginkomsttagare vid medborgarinstitut<\/li>\n<li>Handledning av volont\u00e4rer och samordning av volont\u00e4rarbete bland invandrare, seniorer och barnfamiljer<\/li>\n<li>Organisering av evenemang som fr\u00e4mjar gemenskapsaktiviteter i grannskapet<\/li>\n<li>Tillhandah\u00e5llande av digitalt st\u00f6d f\u00f6r personer med svaga digitala f\u00e4rdigheter<\/li>\n<\/ul>\n <\/div>[divider line_type=&#8221;No Line&#8221;][vc_column_text]Du kan donera valfritt belopp till f\u00f6reningens insamlingskonto:<br \/>\n<strong>FI28 4309 0010 4548 74 (ITELFIHH)<\/strong>.<br \/>\nOm du vill donera till ett specifikt \u00e4ndam\u00e5l som n\u00e4mnts ovan, skriv din \u00f6nskan i meddelandef\u00e4ltet.<\/p>\n<p>Du har ocks\u00e5 m\u00f6jlighet att g\u00f6ra en testamentsg\u00e5va till v\u00e5r f\u00f6rening. En testamentsg\u00e5va till en allm\u00e4nnyttig organisation \u00e4r skattefri. Om du best\u00e4mmer dig f\u00f6r att g\u00f6ra en testamentsg\u00e5va rekommenderar vi att du uppr\u00e4ttar testamentet tillsammans med en expert.  <\/p>\n<p>Penninginsamlingstillst\u00e5nd RA\/2021\/1218 och tillst\u00e5ndet g\u00e4ller fr\u00e5n och med 29.9.2021 tills vidare.[\/vc_column_text][nectar_btn size=&#8221;large&#8221; button_style=&#8221;regular&#8221; button_color_2=&#8221;Accent-Color&#8221; icon_family=&#8221;none&#8221; text=&#8221;Bli medlem&#8221; url=&#8221;https:\/\/aurala.fi\/sv\/bli-medlem&#8221; margin_top=&#8221;30&#8243; margin_right=&#8221;10&#8243;][nectar_btn size=&#8221;large&#8221; button_style=&#8221;regular&#8221; button_color_2=&#8221;Accent-Color&#8221; icon_family=&#8221;none&#8221; text=&#8221;Volont\u00e4rarbete&#8221; url=&#8221;\/aikuiset\/vapaaehtoistyo&#8221;][\/vc_column][vc_column column_padding=&#8221;no-extra-padding&#8221; column_padding_tablet=&#8221;inherit&#8221; column_padding_phone=&#8221;inherit&#8221; column_padding_position=&#8221;all&#8221; column_element_spacing=&#8221;default&#8221; background_color_opacity=&#8221;1&#8243; background_hover_color_opacity=&#8221;1&#8243; column_shadow=&#8221;none&#8221; column_border_radius=&#8221;none&#8221; column_link_target=&#8221;_self&#8221; column_position=&#8221;default&#8221; gradient_direction=&#8221;left_to_right&#8221; overlay_strength=&#8221;0.3&#8243; width=&#8221;1\/2&#8243; tablet_width_inherit=&#8221;default&#8221; tablet_text_alignment=&#8221;default&#8221; phone_text_alignment=&#8221;default&#8221; animation_type=&#8221;default&#8221; bg_image_animation=&#8221;none&#8221; border_type=&#8221;simple&#8221; column_border_width=&#8221;none&#8221; column_border_style=&#8221;solid&#8221;][image_with_animation image_url=&#8221;6493&#8243; image_size=&#8221;full&#8221; animation_type=&#8221;entrance&#8221; animation=&#8221;Fade In&#8221; hover_animation=&#8221;none&#8221; alignment=&#8221;&#8221; border_radius=&#8221;none&#8221; box_shadow=&#8221;none&#8221; image_loading=&#8221;default&#8221; max_width=&#8221;100%&#8221; max_width_mobile=&#8221;default&#8221;][\/vc_column][\/vc_row]\n","protected":false},"excerpt":{"rendered":"<p>[vc_row type=&#8221;full_width_background&#8221; full_screen_row_position=&#8221;middle&#8221; column_margin=&#8221;default&#8221; column_direction=&#8221;default&#8221; column_direction_tablet=&#8221;default&#8221; column_direction_phone=&#8221;default&#8221; bg_image=&#8221;6494&#8243; bg_position=&#8221;left top&#8221; background_image_loading=&#8221;default&#8221; bg_repeat=&#8221;no-repeat&#8221;&#8230;<\/p>\n","protected":false},"author":7,"featured_media":0,"parent":0,"menu_order":0,"comment_status":"closed","ping_status":"closed","template":"","meta":{"footnotes":""},"class_list":["post-12207","page","type-page","status-publish"],"yoast_head":"<!-- This site is optimized with the Yoast SEO plugin v26.8 - https:\/\/yoast.com\/product\/yoast-seo-wordpress\/ -->\n<title>Donera (kopio) - Auralan Setlementti<\/title>\n<meta name=\"description\" content=\"Auralan Setlementti ry samlar in donationer f\u00f6r m\u00e5nga allm\u00e4nnyttiga \u00e4ndam\u00e5l, med syfte att hj\u00e4lpa bland annat l\u00e5ginkomsttagare.\" \/>\n<meta name=\"robots\" content=\"index, follow, max-snippet:-1, max-image-preview:large, max-video-preview:-1\" \/>\n<link rel=\"canonical\" href=\"https:\/\/aurala.fi\/sv\/donera-kopio\" \/>\n<meta property=\"og:locale\" content=\"sv_SE\" \/>\n<meta property=\"og:type\" content=\"article\" \/>\n<meta property=\"og:title\" content=\"Donera (kopio) - Auralan Setlementti\" \/>\n<meta property=\"og:description\" content=\"Auralan Setlementti ry samlar in donationer f\u00f6r m\u00e5nga allm\u00e4nnyttiga \u00e4ndam\u00e5l, med syfte att hj\u00e4lpa bland annat l\u00e5ginkomsttagare.\" \/>\n<meta property=\"og:url\" content=\"https:\/\/aurala.fi\/sv\/donera-kopio\" \/>\n<meta property=\"og:site_name\" content=\"Auralan Setlementti\" \/>\n<meta property=\"article:publisher\" content=\"https:\/\/www.facebook.com\/AuralaTurku\" \/>\n<meta property=\"og:image\" content=\"https:\/\/aurala.fi\/wp-content\/uploads\/2022\/03\/AURALAAACR1853artoarvilahtiKUVAKAS.jpg_1920_4-1200.jpg?wsr\" \/>\n\t<meta property=\"og:image:width\" content=\"1200\" \/>\n\t<meta property=\"og:image:height\" content=\"960\" \/>\n\t<meta property=\"og:image:type\" content=\"image\/jpeg\" \/>\n<meta name=\"twitter:card\" content=\"summary_large_image\" \/>\n<meta name=\"twitter:site\" content=\"@auralaturku\" \/>\n<meta name=\"twitter:label1\" content=\"Ber\u00e4knad l\u00e4stid\" \/>\n\t<meta name=\"twitter:data1\" content=\"4 minuter\" \/>\n<script type=\"application\/ld+json\" class=\"yoast-schema-graph\">{\"@context\":\"https:\/\/schema.org\",\"@graph\":[{\"@type\":\"WebPage\",\"@id\":\"https:\/\/aurala.fi\/sv\/donera-kopio\",\"url\":\"https:\/\/aurala.fi\/sv\/donera-kopio\",\"name\":\"Donera (kopio) - Auralan Setlementti\",\"isPartOf\":{\"@id\":\"https:\/\/aurala.fi\/sv#website\"},\"datePublished\":\"2026-01-20T12:22:44+00:00\",\"description\":\"Auralan Setlementti ry samlar in donationer f\u00f6r m\u00e5nga allm\u00e4nnyttiga \u00e4ndam\u00e5l, med syfte att hj\u00e4lpa bland annat l\u00e5ginkomsttagare.\",\"breadcrumb\":{\"@id\":\"https:\/\/aurala.fi\/sv\/donera-kopio#breadcrumb\"},\"inLanguage\":\"sv-SE\",\"potentialAction\":[{\"@type\":\"ReadAction\",\"target\":[\"https:\/\/aurala.fi\/sv\/donera-kopio\"]}]},{\"@type\":\"BreadcrumbList\",\"@id\":\"https:\/\/aurala.fi\/sv\/donera-kopio#breadcrumb\",\"itemListElement\":[{\"@type\":\"ListItem\",\"position\":1,\"name\":\"Etusivu\",\"item\":\"https:\/\/aurala.fi\/sv\"},{\"@type\":\"ListItem\",\"position\":2,\"name\":\"Donera (kopio)\"}]},{\"@type\":\"WebSite\",\"@id\":\"https:\/\/aurala.fi\/sv#website\",\"url\":\"https:\/\/aurala.fi\/sv\",\"name\":\"Auralan Setlementti\",\"description\":\"Kohtaamispaikka Turussa\",\"publisher\":{\"@id\":\"https:\/\/aurala.fi\/sv#organization\"},\"potentialAction\":[{\"@type\":\"SearchAction\",\"target\":{\"@type\":\"EntryPoint\",\"urlTemplate\":\"https:\/\/aurala.fi\/sv?s={search_term_string}\"},\"query-input\":{\"@type\":\"PropertyValueSpecification\",\"valueRequired\":true,\"valueName\":\"search_term_string\"}}],\"inLanguage\":\"sv-SE\"},{\"@type\":\"Organization\",\"@id\":\"https:\/\/aurala.fi\/sv#organization\",\"name\":\"Auralan Setlementti ry\",\"url\":\"https:\/\/aurala.fi\/sv\",\"logo\":{\"@type\":\"ImageObject\",\"inLanguage\":\"sv-SE\",\"@id\":\"https:\/\/aurala.fi\/sv#\/schema\/logo\/image\/\",\"url\":\"https:\/\/aurala.fi\/wp-content\/uploads\/2022\/02\/aurala_tunnus_rgb-600.jpg\",\"contentUrl\":\"https:\/\/aurala.fi\/wp-content\/uploads\/2022\/02\/aurala_tunnus_rgb-600.jpg\",\"width\":600,\"height\":265,\"caption\":\"Auralan Setlementti ry\"},\"image\":{\"@id\":\"https:\/\/aurala.fi\/sv#\/schema\/logo\/image\/\"},\"sameAs\":[\"https:\/\/www.facebook.com\/AuralaTurku\",\"https:\/\/x.com\/auralaturku\",\"https:\/\/www.instagram.com\/auralankansalaisopisto\/\",\"https:\/\/www.youtube.com\/channel\/UCCxfr4jr7uJWYZKY5erVGyg\"]}]}<\/script>\n<!-- \/ Yoast SEO plugin. -->","yoast_head_json":{"title":"Donera (kopio) - Auralan Setlementti","description":"Auralan Setlementti ry samlar in donationer f\u00f6r m\u00e5nga allm\u00e4nnyttiga \u00e4ndam\u00e5l, med syfte att hj\u00e4lpa bland annat l\u00e5ginkomsttagare.","robots":{"index":"index","follow":"follow","max-snippet":"max-snippet:-1","max-image-preview":"max-image-preview:large","max-video-preview":"max-video-preview:-1"},"canonical":"https:\/\/aurala.fi\/sv\/donera-kopio","og_locale":"sv_SE","og_type":"article","og_title":"Donera (kopio) - Auralan Setlementti","og_description":"Auralan Setlementti ry samlar in donationer f\u00f6r m\u00e5nga allm\u00e4nnyttiga \u00e4ndam\u00e5l, med syfte att hj\u00e4lpa bland annat l\u00e5ginkomsttagare.","og_url":"https:\/\/aurala.fi\/sv\/donera-kopio","og_site_name":"Auralan Setlementti","article_publisher":"https:\/\/www.facebook.com\/AuralaTurku","og_image":[{"width":1200,"height":960,"url":"https:\/\/aurala.fi\/wp-content\/uploads\/2022\/03\/AURALAAACR1853artoarvilahtiKUVAKAS.jpg_1920_4-1200.jpg?wsr","type":"image\/jpeg"}],"twitter_card":"summary_large_image","twitter_site":"@auralaturku","twitter_misc":{"Ber\u00e4knad l\u00e4stid":"4 minuter"},"schema":{"@context":"https:\/\/schema.org","@graph":[{"@type":"WebPage","@id":"https:\/\/aurala.fi\/sv\/donera-kopio","url":"https:\/\/aurala.fi\/sv\/donera-kopio","name":"Donera (kopio) - Auralan Setlementti","isPartOf":{"@id":"https:\/\/aurala.fi\/sv#website"},"datePublished":"2026-01-20T12:22:44+00:00","description":"Auralan Setlementti ry samlar in donationer f\u00f6r m\u00e5nga allm\u00e4nnyttiga \u00e4ndam\u00e5l, med syfte att hj\u00e4lpa bland annat l\u00e5ginkomsttagare.","breadcrumb":{"@id":"https:\/\/aurala.fi\/sv\/donera-kopio#breadcrumb"},"inLanguage":"sv-SE","potentialAction":[{"@type":"ReadAction","target":["https:\/\/aurala.fi\/sv\/donera-kopio"]}]},{"@type":"BreadcrumbList","@id":"https:\/\/aurala.fi\/sv\/donera-kopio#breadcrumb","itemListElement":[{"@type":"ListItem","position":1,"name":"Etusivu","item":"https:\/\/aurala.fi\/sv"},{"@type":"ListItem","position":2,"name":"Donera (kopio)"}]},{"@type":"WebSite","@id":"https:\/\/aurala.fi\/sv#website","url":"https:\/\/aurala.fi\/sv","name":"Auralan Setlementti","description":"Kohtaamispaikka Turussa","publisher":{"@id":"https:\/\/aurala.fi\/sv#organization"},"potentialAction":[{"@type":"SearchAction","target":{"@type":"EntryPoint","urlTemplate":"https:\/\/aurala.fi\/sv?s={search_term_string}"},"query-input":{"@type":"PropertyValueSpecification","valueRequired":true,"valueName":"search_term_string"}}],"inLanguage":"sv-SE"},{"@type":"Organization","@id":"https:\/\/aurala.fi\/sv#organization","name":"Auralan Setlementti ry","url":"https:\/\/aurala.fi\/sv","logo":{"@type":"ImageObject","inLanguage":"sv-SE","@id":"https:\/\/aurala.fi\/sv#\/schema\/logo\/image\/","url":"https:\/\/aurala.fi\/wp-content\/uploads\/2022\/02\/aurala_tunnus_rgb-600.jpg","contentUrl":"https:\/\/aurala.fi\/wp-content\/uploads\/2022\/02\/aurala_tunnus_rgb-600.jpg","width":600,"height":265,"caption":"Auralan Setlementti ry"},"image":{"@id":"https:\/\/aurala.fi\/sv#\/schema\/logo\/image\/"},"sameAs":["https:\/\/www.facebook.com\/AuralaTurku","https:\/\/x.com\/auralaturku","https:\/\/www.instagram.com\/auralankansalaisopisto\/","https:\/\/www.youtube.com\/channel\/UCCxfr4jr7uJWYZKY5erVGyg"]}]}},"_links":{"self":[{"href":"https:\/\/aurala.fi\/sv\/wp-json\/wp\/v2\/pages\/12207","targetHints":{"allow":["GET"]}}],"collection":[{"href":"https:\/\/aurala.fi\/sv\/wp-json\/wp\/v2\/pages"}],"about":[{"href":"https:\/\/aurala.fi\/sv\/wp-json\/wp\/v2\/types\/page"}],"author":[{"embeddable":true,"href":"https:\/\/aurala.fi\/sv\/wp-json\/wp\/v2\/users\/7"}],"replies":[{"embeddable":true,"href":"https:\/\/aurala.fi\/sv\/wp-json\/wp\/v2\/comments?post=12207"}],"version-history":[{"count":2,"href":"https:\/\/aurala.fi\/sv\/wp-json\/wp\/v2\/pages\/12207\/revisions"}],"predecessor-version":[{"id":12211,"href":"https:\/\/aurala.fi\/sv\/wp-json\/wp\/v2\/pages\/12207\/revisions\/12211"}],"wp:attachment":[{"href":"https:\/\/aurala.fi\/sv\/wp-json\/wp\/v2\/media?parent=12207"}],"curies":[{"name":"wp","href":"https:\/\/api.w.org\/{rel}","templated":true}]}}