{"id":12588,"date":"2026-04-14T08:51:19","date_gmt":"2026-04-14T05:51:19","guid":{"rendered":"https:\/\/aurala.fi\/?page_id=12588"},"modified":"2026-04-14T08:51:20","modified_gmt":"2026-04-14T05:51:20","slug":"vad-ar-aurala-kopio","status":"publish","type":"page","link":"https:\/\/aurala.fi\/sv\/vad-ar-aurala\/vad-ar-aurala-kopio","title":{"rendered":"Vad \u00e4r Aurala? (kopio)"},"content":{"rendered":"[vc_row type=&#8221;full_width_background&#8221; full_screen_row_position=&#8221;middle&#8221; column_margin=&#8221;default&#8221; column_direction=&#8221;default&#8221; column_direction_tablet=&#8221;default&#8221; column_direction_phone=&#8221;default&#8221; bg_image=&#8221;9533&#8243; bg_image_type=&#8221;default&#8221; bg_position=&#8221;left top&#8221; background_image_loading=&#8221;default&#8221; bg_repeat=&#8221;no-repeat&#8221; scene_position=&#8221;center&#8221; top_padding=&#8221;12%&#8221; constrain_group_1=&#8221;yes&#8221; bottom_padding=&#8221;12%&#8221; text_color=&#8221;dark&#8221; text_align=&#8221;left&#8221; row_border_radius=&#8221;none&#8221; row_border_radius_applies=&#8221;bg&#8221; row_position_desktop=&#8221;default&#8221; row_position_tablet=&#8221;inherit&#8221; row_position_phone=&#8221;inherit&#8221; overflow=&#8221;visible&#8221; enable_gradient=&#8221;true&#8221; color_overlay=&#8221;#000000&#8243; advanced_gradient_angle=&#8221;0&#8243; overlay_strength=&#8221;0.3&#8243; gradient_direction=&#8221;left_to_right&#8221; shape_divider_color=&#8221;#ffffff&#8221; shape_divider_position=&#8221;bottom&#8221; shape_divider_height=&#8221;250&#8243; bg_image_animation=&#8221;none&#8221; gradient_type=&#8221;default&#8221; shape_type=&#8221;waves&#8221;][vc_column flex_gap_desktop=&#8221;10px&#8221; column_element_direction_desktop=&#8221;default&#8221; column_element_spacing=&#8221;default&#8221; desktop_text_alignment=&#8221;default&#8221; tablet_text_alignment=&#8221;default&#8221; phone_text_alignment=&#8221;default&#8221; background_color_opacity=&#8221;1&#8243; background_hover_color_opacity=&#8221;1&#8243; column_backdrop_filter=&#8221;none&#8221; column_shadow=&#8221;none&#8221; column_border_radius=&#8221;none&#8221; column_link_target=&#8221;_self&#8221; column_position=&#8221;default&#8221; gradient_direction=&#8221;left_to_right&#8221; overlay_strength=&#8221;0.3&#8243; width=&#8221;1\/1&#8243; tablet_width_inherit=&#8221;default&#8221; animation_type=&#8221;default&#8221; bg_image_animation=&#8221;none&#8221; border_type=&#8221;simple&#8221; column_border_width=&#8221;none&#8221; column_border_style=&#8221;solid&#8221; column_padding_type=&#8221;advanced&#8221; gradient_type=&#8221;default&#8221;][vc_custom_heading text=&#8221;Vad \u00e4r Aurala?&#8221; font_container=&#8221;tag:h1|font_size:8vh|text_align:left|color:%23ffffff|line_height:1.1&#8243; use_theme_fonts=&#8221;yes&#8221;][\/vc_column][\/vc_row][vc_row type=&#8221;in_container&#8221; full_screen_row_position=&#8221;middle&#8221; column_margin=&#8221;default&#8221; equal_height=&#8221;yes&#8221; content_placement=&#8221;top&#8221; column_direction=&#8221;default&#8221; column_direction_tablet=&#8221;default&#8221; column_direction_phone=&#8221;default&#8221; scene_position=&#8221;center&#8221; top_padding=&#8221;5%&#8221; constrain_group_1=&#8221;yes&#8221; bottom_padding=&#8221;5%&#8221; text_color=&#8221;dark&#8221; text_align=&#8221;left&#8221; row_border_radius=&#8221;none&#8221; row_border_radius_applies=&#8221;bg&#8221; row_position_desktop=&#8221;default&#8221; row_position_tablet=&#8221;inherit&#8221; row_position_phone=&#8221;inherit&#8221; overflow=&#8221;visible&#8221; id=&#8221;toiminta&#8221; advanced_gradient_angle=&#8221;0&#8243; overlay_strength=&#8221;0.3&#8243; gradient_direction=&#8221;left_to_right&#8221; shape_divider_position=&#8221;bottom&#8221; bg_image_animation=&#8221;none&#8221; gradient_type=&#8221;default&#8221; shape_type=&#8221;&#8221;][vc_column column_padding=&#8221;padding-3-percent&#8221; column_padding_tablet=&#8221;inherit&#8221; column_padding_phone=&#8221;inherit&#8221; column_padding_position=&#8221;right&#8221; flex_gap_desktop=&#8221;10px&#8221; column_element_direction_desktop=&#8221;default&#8221; column_element_spacing=&#8221;default&#8221; desktop_text_alignment=&#8221;default&#8221; tablet_text_alignment=&#8221;default&#8221; phone_text_alignment=&#8221;default&#8221; background_color_opacity=&#8221;1&#8243; background_hover_color_opacity=&#8221;1&#8243; column_backdrop_filter=&#8221;none&#8221; column_shadow=&#8221;none&#8221; column_border_radius=&#8221;none&#8221; column_link_target=&#8221;_self&#8221; column_position=&#8221;default&#8221; advanced_gradient_angle=&#8221;0&#8243; gradient_direction=&#8221;left_to_right&#8221; overlay_strength=&#8221;0.3&#8243; width=&#8221;1\/2&#8243; tablet_width_inherit=&#8221;default&#8221; animation_type=&#8221;default&#8221; bg_image_animation=&#8221;none&#8221; border_type=&#8221;simple&#8221; column_border_width=&#8221;none&#8221; column_border_style=&#8221;solid&#8221; gradient_type=&#8221;default&#8221;][vc_column_text css=&#8221;&#8221; text_direction=&#8221;default&#8221;]Katso <a href=\"https:\/\/aurala.fi\/wp-content\/uploads\/2025\/12\/Esittely_Subtitles_Finnish-1.mp4\">Mik\u00e4 ihmeen Aurala? video<\/a><\/p>\n<p class=\"x_MsoNormal\">Aurala on kaikille avoin harrastus- ja kohtaamispaikka. Meill\u00e4 voit opiskella ja harrastaa kansalaisopistossa, osallistua alueolohuoneen maksuttomaan toimintaan tai senioreille tarkoitettuun opinto- ja virkistystoimintaan. Suomeen muuttaneille opetamme suomea ja neuvomme ty\u00f6nhaussa sek\u00e4 monissa k\u00e4yt\u00e4nn\u00f6n asioissa.<\/p>\n<p class=\"x_MsoNormal\">My\u00f6s perheen pienimmille meilt\u00e4 l\u00f6ytyy palveluita, sill\u00e4 p\u00e4iv\u00e4kotimme on kodinomainen hoitopaikka noin 35 lapselle ja kansalaisopistomme valikoimasta l\u00f6ytyy lapsille ja nuorille sopivia kursseja.<\/p>\n<p class=\"x_MsoNormal\">Aurala edist\u00e4\u00e4 hyv\u00e4\u00e4 ja aktiivista el\u00e4m\u00e4\u00e4 kaikissa el\u00e4m\u00e4nvaiheissa, erilaisuuden ymm\u00e4rt\u00e4mist\u00e4 ja yhteis\u00f6llisyytt\u00e4. Toiminnan kehitt\u00e4misess\u00e4 keskeist\u00e4 on asiakkaan \u00e4\u00e4nen kuuleminen ja yhteisty\u00f6 muiden toimijoiden kanssa. N\u00e4iden periaatteiden mukaisesti olemme toimineet jo vuodesta 1939 saakka.<\/p>\n<p class=\"x_MsoNormal\">Olemme\u00a0<a href=\"https:\/\/setlementti.fi\/\" target=\"_blank\" rel=\"noopener noreferrer\" data-auth=\"NotApplicable\" data-linkindex=\"0\">Suomen Setlementtiliitto ry:n<\/a> j\u00e4sen. Suomessa toimii 32 setlementti\u00e4 eli paikallisyhdistyst\u00e4. Olemme my\u00f6s osa\u00a0<a href=\"https:\/\/setlementti.fi\/setlementtiliitto\/kansainvalinen-yhteistyo\/\" target=\"_blank\" rel=\"noopener noreferrer\" data-auth=\"NotApplicable\" data-linkindex=\"1\">kansainv\u00e4list\u00e4 setlementtiliikett\u00e4<\/a>. Toimintamme on poliittisesti ja uskonnollisesti sitoutumatonta. Ovemme ovat avoinna kaikille. Noudatamme toiminnassamme turvallisemman tilan periaatteita.<\/p>\n<p><a href=\"https:\/\/aurala.fi\/sv\/vad-ar-aurala\/auralan-turvallisemman-tilan-periaatteet-2-3-2\" rel=\"attachment wp-att-10491\">Auralan turvallisemman tilan periaatteet<\/a><\/p>\n<p><a href=\"https:\/\/aurala.fi\/sv\/vad-ar-aurala\/auralan-turvallisemman-tilan-periaatteet-3-2\" rel=\"attachment wp-att-10487\">Aurala\u2019s Safer Space Principles<\/a><\/p>\n<p><a href=\"https:\/\/aurala.fi\/sv\/vad-ar-aurala\/auralan-turvallisemman-tilan-periaatteet-4-2\" rel=\"attachment wp-att-10488\">Auralas principer f\u00f6r ett tryggare rum<\/a>[\/vc_column_text][divider line_type=&#8221;No Line&#8221;][nectar_cta btn_style=&#8221;underline&#8221; underline_visibility=&#8221;default&#8221; heading_tag=&#8221;h4&#8243; link_type=&#8221;new_tab&#8221; button_color=&#8221;default&#8221; text_color=&#8221;#000000&#8243; button_border_thickness=&#8221;0px&#8221; alignment=&#8221;left&#8221; alignment_tablet=&#8221;default&#8221; alignment_phone=&#8221;default&#8221; display=&#8221;block&#8221; display_tablet=&#8221;inherit&#8221; display_phone=&#8221;inherit&#8221; icon_family=&#8221;none&#8221; link_text=&#8221;Auralas verksamhetsber\u00e4ttelse&#8221; url=&#8221;https:\/\/aurala.fi\/wp-content\/uploads\/2025\/05\/Auralan-Setlementin-toimintakertomus-2024.pdf&#8221;][divider line_type=&#8221;No Line&#8221;][vc_custom_heading text=&#8221;Auralas v\u00e4rderingar&#8221; font_container=&#8221;tag:h2|text_align:left|color:%23000000&#8243; use_theme_fonts=&#8221;yes&#8221;][divider line_type=&#8221;No Line&#8221;][vc_column_text]<strong>K\u00e4nslighet<\/strong><br \/>\nK\u00e4nslighet \u00e4r \u00f6ppenhet och lyssnande. Det \u00e4r f\u00f6rm\u00e5gan att m\u00f6ta en person och identifiera deras behov. Det \u00e4r skickligheten och modet att ta upp saker. K\u00e4nslighet \u00e4r f\u00f6rm\u00e5gan att se bortom ytan och se en persons m\u00e5ngsidiga kompetens. K\u00e4nslighet \u00e4r f\u00f6rm\u00e5gan att f\u00f6rutse och reagera.    <\/p>\n<p><strong>F\u00f6rtroende<\/strong><br \/>\nVi ser varje person som i grunden god och litar p\u00e5 m\u00e4nniskans resurser. Vi st\u00e4rker m\u00e4nniskors f\u00f6rm\u00e5ga att ta ansvar f\u00f6r sina angel\u00e4genheter. Vi uppmuntrar till att str\u00e4va efter egna dr\u00f6mmar och m\u00e5l. Vi hj\u00e4lper. Vi g\u00f6r inte saker \u00e5t andra. Vi fungerar som betydelsefulla andra f\u00f6r varandra: som m\u00e4nniskor som litar p\u00e5 min kompetens \u00e4ven n\u00e4r jag sj\u00e4lv inte g\u00f6r det och uppmuntrar mig fram\u00e5t.     <\/p>\n<p><strong>J\u00e4mlikhet<\/strong><br \/>\nVi m\u00f6ter m\u00e4nniskor med respekt och j\u00e4mlikhet. Vi m\u00f6ter dem som de \u00e4r, utan att v\u00e4rdera, anta eller d\u00f6ma och med ett \u00f6ppet sinne. Vi ger m\u00e4nniskor olika m\u00f6jligheter att k\u00e4nna sig som en del av gruppen: att bli h\u00f6rda och sedda.[\/vc_column_text][divider line_type=&#8221;No Line&#8221;][vc_custom_heading text=&#8221;Auralas vision&#8221; font_container=&#8221;tag:h2|text_align:left|color:%23000000&#8243; use_theme_fonts=&#8221;yes&#8221;][divider line_type=&#8221;No Line&#8221;][vc_column_text]\u00c5r 2030 \u00e4r Aurala en f\u00f6rening som fr\u00e4mjar dialog mellan olika befolkningsgrupper, m\u00e5ngfald och goda relationer mellan befolkningsgrupper. Till v\u00e5ra centrala principer h\u00f6r livsl\u00e5ng tillv\u00e4xt och l\u00e4rande samt ekosocial bildning. I v\u00e5r verksamhet f\u00f6rverkligas m\u00f6ten mellan generationer och olika kulturer, f\u00f6rebyggande socialt arbete och omsorg om varandra.[\/vc_column_text][\/vc_column][vc_column column_padding=&#8221;no-extra-padding&#8221; column_padding_tablet=&#8221;inherit&#8221; column_padding_phone=&#8221;inherit&#8221; column_padding_position=&#8221;all&#8221; flex_gap_desktop=&#8221;10px&#8221; column_element_direction_desktop=&#8221;default&#8221; column_element_spacing=&#8221;default&#8221; desktop_text_alignment=&#8221;default&#8221; tablet_text_alignment=&#8221;default&#8221; phone_text_alignment=&#8221;default&#8221; background_color_opacity=&#8221;1&#8243; background_hover_color_opacity=&#8221;1&#8243; column_backdrop_filter=&#8221;none&#8221; column_shadow=&#8221;none&#8221; column_border_radius=&#8221;none&#8221; column_link_target=&#8221;_self&#8221; column_position=&#8221;default&#8221; gradient_direction=&#8221;left_to_right&#8221; overlay_strength=&#8221;0.3&#8243; width=&#8221;1\/2&#8243; tablet_width_inherit=&#8221;default&#8221; animation_type=&#8221;default&#8221; bg_image_animation=&#8221;none&#8221; border_type=&#8221;simple&#8221; column_border_width=&#8221;none&#8221; column_border_style=&#8221;solid&#8221;][image_with_animation image_url=&#8221;6572&#8243; image_size=&#8221;full&#8221; max_width=&#8221;100%&#8221; max_width_mobile=&#8221;default&#8221; animation_type=&#8221;entrance&#8221; animation=&#8221;Fade In&#8221; animation_easing=&#8221;default&#8221; animation_movement_type=&#8221;transform_y&#8221; hover_animation=&#8221;none&#8221; alignment=&#8221;&#8221; border_radius=&#8221;none&#8221; box_shadow=&#8221;none&#8221; image_loading=&#8221;default&#8221;][image_with_animation image_url=&#8221;6083&#8243; image_size=&#8221;full&#8221; max_width=&#8221;100%&#8221; max_width_mobile=&#8221;default&#8221; animation_type=&#8221;entrance&#8221; animation=&#8221;Fade In&#8221; animation_easing=&#8221;default&#8221; animation_movement_type=&#8221;transform_y&#8221; hover_animation=&#8221;none&#8221; alignment=&#8221;&#8221; border_radius=&#8221;none&#8221; box_shadow=&#8221;none&#8221; image_loading=&#8221;default&#8221;][image_with_animation image_url=&#8221;6076&#8243; image_size=&#8221;full&#8221; max_width=&#8221;100%&#8221; max_width_mobile=&#8221;default&#8221; animation_type=&#8221;entrance&#8221; animation=&#8221;Fade In&#8221; animation_easing=&#8221;default&#8221; animation_movement_type=&#8221;transform_y&#8221; hover_animation=&#8221;none&#8221; alignment=&#8221;&#8221; border_radius=&#8221;none&#8221; box_shadow=&#8221;none&#8221; image_loading=&#8221;default&#8221;][image_with_animation image_url=&#8221;6127&#8243; image_size=&#8221;full&#8221; max_width=&#8221;100%&#8221; max_width_mobile=&#8221;default&#8221; animation_type=&#8221;entrance&#8221; animation=&#8221;Fade In&#8221; animation_easing=&#8221;default&#8221; animation_movement_type=&#8221;transform_y&#8221; hover_animation=&#8221;none&#8221; alignment=&#8221;&#8221; border_radius=&#8221;none&#8221; box_shadow=&#8221;none&#8221; image_loading=&#8221;default&#8221;][\/vc_column][\/vc_row]\n","protected":false},"excerpt":{"rendered":"<p>[vc_row type=&#8221;full_width_background&#8221; full_screen_row_position=&#8221;middle&#8221; column_margin=&#8221;default&#8221; column_direction=&#8221;default&#8221; column_direction_tablet=&#8221;default&#8221; column_direction_phone=&#8221;default&#8221; bg_image=&#8221;9533&#8243; bg_image_type=&#8221;default&#8221; bg_position=&#8221;left top&#8221; background_image_loading=&#8221;default&#8221;&#8230;<\/p>\n","protected":false},"author":13,"featured_media":12597,"parent":11249,"menu_order":0,"comment_status":"closed","ping_status":"closed","template":"","meta":{"footnotes":""},"class_list":["post-12588","page","type-page","status-publish","has-post-thumbnail"],"yoast_head":"<!-- This site is optimized with the Yoast SEO plugin v26.8 - https:\/\/yoast.com\/product\/yoast-seo-wordpress\/ -->\n<title>Vad \u00e4r Aurala? (kopio) - Auralan Setlementti<\/title>\n<meta name=\"description\" content=\"Auralan Setlementti ry \u00e4r en politiskt och religi\u00f6st obunden f\u00f6rening grundad 1939 som verkar i \u00c5bo och erbjuder m\u00e5ngsidiga fritidsm\u00f6jligheter och inspirerande aktiviteter f\u00f6r alla \u00e5ldrar. I centrum f\u00f6r f\u00f6reningens verksamhet st\u00e5r gemenskap, j\u00e4mlikhet och tolerans.\" \/>\n<meta name=\"robots\" content=\"index, follow, max-snippet:-1, max-image-preview:large, max-video-preview:-1\" \/>\n<link rel=\"canonical\" href=\"https:\/\/aurala.fi\/sv\/vad-ar-aurala\/vad-ar-aurala-kopio\" \/>\n<meta property=\"og:locale\" content=\"sv_SE\" \/>\n<meta property=\"og:type\" content=\"article\" \/>\n<meta property=\"og:title\" content=\"Vad \u00e4r Aurala? (kopio) - Auralan Setlementti\" \/>\n<meta property=\"og:description\" content=\"Auralan Setlementti ry \u00e4r en politiskt och religi\u00f6st obunden f\u00f6rening grundad 1939 som verkar i \u00c5bo och erbjuder m\u00e5ngsidiga fritidsm\u00f6jligheter och inspirerande aktiviteter f\u00f6r alla \u00e5ldrar. I centrum f\u00f6r f\u00f6reningens verksamhet st\u00e5r gemenskap, j\u00e4mlikhet och tolerans.\" \/>\n<meta property=\"og:url\" content=\"https:\/\/aurala.fi\/sv\/vad-ar-aurala\/vad-ar-aurala-kopio\" \/>\n<meta property=\"og:site_name\" content=\"Auralan Setlementti\" \/>\n<meta property=\"article:publisher\" content=\"https:\/\/www.facebook.com\/AuralaTurku\" \/>\n<meta property=\"article:modified_time\" content=\"2026-04-14T05:51:20+00:00\" \/>\n<meta property=\"og:image\" content=\"https:\/\/aurala.fi\/wp-content\/uploads\/2026\/04\/Nettisivu-Artikkelin-bannerikuva9.png?wsr\" \/>\n\t<meta property=\"og:image:width\" content=\"2560\" \/>\n\t<meta property=\"og:image:height\" content=\"1218\" \/>\n\t<meta property=\"og:image:type\" content=\"image\/png\" \/>\n<meta name=\"twitter:card\" content=\"summary_large_image\" \/>\n<meta name=\"twitter:site\" content=\"@auralaturku\" \/>\n<meta name=\"twitter:label1\" content=\"Ber\u00e4knad l\u00e4stid\" \/>\n\t<meta name=\"twitter:data1\" content=\"6 minuter\" \/>\n<script type=\"application\/ld+json\" class=\"yoast-schema-graph\">{\"@context\":\"https:\/\/schema.org\",\"@graph\":[{\"@type\":\"WebPage\",\"@id\":\"https:\/\/aurala.fi\/sv\/vad-ar-aurala\/vad-ar-aurala-kopio\",\"url\":\"https:\/\/aurala.fi\/sv\/vad-ar-aurala\/vad-ar-aurala-kopio\",\"name\":\"Vad \u00e4r Aurala? (kopio) - Auralan Setlementti\",\"isPartOf\":{\"@id\":\"https:\/\/aurala.fi\/sv#website\"},\"primaryImageOfPage\":{\"@id\":\"https:\/\/aurala.fi\/sv\/vad-ar-aurala\/vad-ar-aurala-kopio#primaryimage\"},\"image\":{\"@id\":\"https:\/\/aurala.fi\/sv\/vad-ar-aurala\/vad-ar-aurala-kopio#primaryimage\"},\"thumbnailUrl\":\"https:\/\/aurala.fi\/wp-content\/uploads\/2026\/04\/Nettisivu-Artikkelin-bannerikuva9.png?wsr\",\"datePublished\":\"2026-04-14T05:51:19+00:00\",\"dateModified\":\"2026-04-14T05:51:20+00:00\",\"description\":\"Auralan Setlementti ry \u00e4r en politiskt och religi\u00f6st obunden f\u00f6rening grundad 1939 som verkar i \u00c5bo och erbjuder m\u00e5ngsidiga fritidsm\u00f6jligheter och inspirerande aktiviteter f\u00f6r alla \u00e5ldrar. I centrum f\u00f6r f\u00f6reningens verksamhet st\u00e5r gemenskap, j\u00e4mlikhet och tolerans.\",\"breadcrumb\":{\"@id\":\"https:\/\/aurala.fi\/sv\/vad-ar-aurala\/vad-ar-aurala-kopio#breadcrumb\"},\"inLanguage\":\"sv-SE\",\"potentialAction\":[{\"@type\":\"ReadAction\",\"target\":[\"https:\/\/aurala.fi\/sv\/vad-ar-aurala\/vad-ar-aurala-kopio\"]}]},{\"@type\":\"ImageObject\",\"inLanguage\":\"sv-SE\",\"@id\":\"https:\/\/aurala.fi\/sv\/vad-ar-aurala\/vad-ar-aurala-kopio#primaryimage\",\"url\":\"https:\/\/aurala.fi\/wp-content\/uploads\/2026\/04\/Nettisivu-Artikkelin-bannerikuva9.png?wsr\",\"contentUrl\":\"https:\/\/aurala.fi\/wp-content\/uploads\/2026\/04\/Nettisivu-Artikkelin-bannerikuva9.png?wsr\",\"width\":2560,\"height\":1218,\"caption\":\"Kaksi nuorta henkil\u00f6\u00e4 katsoo kameraan, toinen hymyillen. Taivas on kauniin sininen.\"},{\"@type\":\"BreadcrumbList\",\"@id\":\"https:\/\/aurala.fi\/sv\/vad-ar-aurala\/vad-ar-aurala-kopio#breadcrumb\",\"itemListElement\":[{\"@type\":\"ListItem\",\"position\":1,\"name\":\"Etusivu\",\"item\":\"https:\/\/aurala.fi\/sv\"},{\"@type\":\"ListItem\",\"position\":2,\"name\":\"Vad \u00e4r Aurala?\",\"item\":\"https:\/\/aurala.fi\/sv\/vad-ar-aurala\"},{\"@type\":\"ListItem\",\"position\":3,\"name\":\"Vad \u00e4r Aurala? (kopio)\"}]},{\"@type\":\"WebSite\",\"@id\":\"https:\/\/aurala.fi\/sv#website\",\"url\":\"https:\/\/aurala.fi\/sv\",\"name\":\"Auralan Setlementti\",\"description\":\"Kohtaamispaikka Turussa\",\"publisher\":{\"@id\":\"https:\/\/aurala.fi\/sv#organization\"},\"potentialAction\":[{\"@type\":\"SearchAction\",\"target\":{\"@type\":\"EntryPoint\",\"urlTemplate\":\"https:\/\/aurala.fi\/sv?s={search_term_string}\"},\"query-input\":{\"@type\":\"PropertyValueSpecification\",\"valueRequired\":true,\"valueName\":\"search_term_string\"}}],\"inLanguage\":\"sv-SE\"},{\"@type\":\"Organization\",\"@id\":\"https:\/\/aurala.fi\/sv#organization\",\"name\":\"Auralan Setlementti ry\",\"url\":\"https:\/\/aurala.fi\/sv\",\"logo\":{\"@type\":\"ImageObject\",\"inLanguage\":\"sv-SE\",\"@id\":\"https:\/\/aurala.fi\/sv#\/schema\/logo\/image\/\",\"url\":\"https:\/\/aurala.fi\/wp-content\/uploads\/2022\/02\/aurala_tunnus_rgb-600.jpg\",\"contentUrl\":\"https:\/\/aurala.fi\/wp-content\/uploads\/2022\/02\/aurala_tunnus_rgb-600.jpg\",\"width\":600,\"height\":265,\"caption\":\"Auralan Setlementti ry\"},\"image\":{\"@id\":\"https:\/\/aurala.fi\/sv#\/schema\/logo\/image\/\"},\"sameAs\":[\"https:\/\/www.facebook.com\/AuralaTurku\",\"https:\/\/x.com\/auralaturku\",\"https:\/\/www.instagram.com\/auralankansalaisopisto\/\",\"https:\/\/www.youtube.com\/channel\/UCCxfr4jr7uJWYZKY5erVGyg\"]}]}<\/script>\n<!-- \/ Yoast SEO plugin. -->","yoast_head_json":{"title":"Vad \u00e4r Aurala? (kopio) - Auralan Setlementti","description":"Auralan Setlementti ry \u00e4r en politiskt och religi\u00f6st obunden f\u00f6rening grundad 1939 som verkar i \u00c5bo och erbjuder m\u00e5ngsidiga fritidsm\u00f6jligheter och inspirerande aktiviteter f\u00f6r alla \u00e5ldrar. I centrum f\u00f6r f\u00f6reningens verksamhet st\u00e5r gemenskap, j\u00e4mlikhet och tolerans.","robots":{"index":"index","follow":"follow","max-snippet":"max-snippet:-1","max-image-preview":"max-image-preview:large","max-video-preview":"max-video-preview:-1"},"canonical":"https:\/\/aurala.fi\/sv\/vad-ar-aurala\/vad-ar-aurala-kopio","og_locale":"sv_SE","og_type":"article","og_title":"Vad \u00e4r Aurala? (kopio) - Auralan Setlementti","og_description":"Auralan Setlementti ry \u00e4r en politiskt och religi\u00f6st obunden f\u00f6rening grundad 1939 som verkar i \u00c5bo och erbjuder m\u00e5ngsidiga fritidsm\u00f6jligheter och inspirerande aktiviteter f\u00f6r alla \u00e5ldrar. I centrum f\u00f6r f\u00f6reningens verksamhet st\u00e5r gemenskap, j\u00e4mlikhet och tolerans.","og_url":"https:\/\/aurala.fi\/sv\/vad-ar-aurala\/vad-ar-aurala-kopio","og_site_name":"Auralan Setlementti","article_publisher":"https:\/\/www.facebook.com\/AuralaTurku","article_modified_time":"2026-04-14T05:51:20+00:00","og_image":[{"width":2560,"height":1218,"url":"https:\/\/aurala.fi\/wp-content\/uploads\/2026\/04\/Nettisivu-Artikkelin-bannerikuva9.png?wsr","type":"image\/png"}],"twitter_card":"summary_large_image","twitter_site":"@auralaturku","twitter_misc":{"Ber\u00e4knad l\u00e4stid":"6 minuter"},"schema":{"@context":"https:\/\/schema.org","@graph":[{"@type":"WebPage","@id":"https:\/\/aurala.fi\/sv\/vad-ar-aurala\/vad-ar-aurala-kopio","url":"https:\/\/aurala.fi\/sv\/vad-ar-aurala\/vad-ar-aurala-kopio","name":"Vad \u00e4r Aurala? (kopio) - Auralan Setlementti","isPartOf":{"@id":"https:\/\/aurala.fi\/sv#website"},"primaryImageOfPage":{"@id":"https:\/\/aurala.fi\/sv\/vad-ar-aurala\/vad-ar-aurala-kopio#primaryimage"},"image":{"@id":"https:\/\/aurala.fi\/sv\/vad-ar-aurala\/vad-ar-aurala-kopio#primaryimage"},"thumbnailUrl":"https:\/\/aurala.fi\/wp-content\/uploads\/2026\/04\/Nettisivu-Artikkelin-bannerikuva9.png?wsr","datePublished":"2026-04-14T05:51:19+00:00","dateModified":"2026-04-14T05:51:20+00:00","description":"Auralan Setlementti ry \u00e4r en politiskt och religi\u00f6st obunden f\u00f6rening grundad 1939 som verkar i \u00c5bo och erbjuder m\u00e5ngsidiga fritidsm\u00f6jligheter och inspirerande aktiviteter f\u00f6r alla \u00e5ldrar. I centrum f\u00f6r f\u00f6reningens verksamhet st\u00e5r gemenskap, j\u00e4mlikhet och tolerans.","breadcrumb":{"@id":"https:\/\/aurala.fi\/sv\/vad-ar-aurala\/vad-ar-aurala-kopio#breadcrumb"},"inLanguage":"sv-SE","potentialAction":[{"@type":"ReadAction","target":["https:\/\/aurala.fi\/sv\/vad-ar-aurala\/vad-ar-aurala-kopio"]}]},{"@type":"ImageObject","inLanguage":"sv-SE","@id":"https:\/\/aurala.fi\/sv\/vad-ar-aurala\/vad-ar-aurala-kopio#primaryimage","url":"https:\/\/aurala.fi\/wp-content\/uploads\/2026\/04\/Nettisivu-Artikkelin-bannerikuva9.png?wsr","contentUrl":"https:\/\/aurala.fi\/wp-content\/uploads\/2026\/04\/Nettisivu-Artikkelin-bannerikuva9.png?wsr","width":2560,"height":1218,"caption":"Kaksi nuorta henkil\u00f6\u00e4 katsoo kameraan, toinen hymyillen. Taivas on kauniin sininen."},{"@type":"BreadcrumbList","@id":"https:\/\/aurala.fi\/sv\/vad-ar-aurala\/vad-ar-aurala-kopio#breadcrumb","itemListElement":[{"@type":"ListItem","position":1,"name":"Etusivu","item":"https:\/\/aurala.fi\/sv"},{"@type":"ListItem","position":2,"name":"Vad \u00e4r Aurala?","item":"https:\/\/aurala.fi\/sv\/vad-ar-aurala"},{"@type":"ListItem","position":3,"name":"Vad \u00e4r Aurala? (kopio)"}]},{"@type":"WebSite","@id":"https:\/\/aurala.fi\/sv#website","url":"https:\/\/aurala.fi\/sv","name":"Auralan Setlementti","description":"Kohtaamispaikka Turussa","publisher":{"@id":"https:\/\/aurala.fi\/sv#organization"},"potentialAction":[{"@type":"SearchAction","target":{"@type":"EntryPoint","urlTemplate":"https:\/\/aurala.fi\/sv?s={search_term_string}"},"query-input":{"@type":"PropertyValueSpecification","valueRequired":true,"valueName":"search_term_string"}}],"inLanguage":"sv-SE"},{"@type":"Organization","@id":"https:\/\/aurala.fi\/sv#organization","name":"Auralan Setlementti ry","url":"https:\/\/aurala.fi\/sv","logo":{"@type":"ImageObject","inLanguage":"sv-SE","@id":"https:\/\/aurala.fi\/sv#\/schema\/logo\/image\/","url":"https:\/\/aurala.fi\/wp-content\/uploads\/2022\/02\/aurala_tunnus_rgb-600.jpg","contentUrl":"https:\/\/aurala.fi\/wp-content\/uploads\/2022\/02\/aurala_tunnus_rgb-600.jpg","width":600,"height":265,"caption":"Auralan Setlementti ry"},"image":{"@id":"https:\/\/aurala.fi\/sv#\/schema\/logo\/image\/"},"sameAs":["https:\/\/www.facebook.com\/AuralaTurku","https:\/\/x.com\/auralaturku","https:\/\/www.instagram.com\/auralankansalaisopisto\/","https:\/\/www.youtube.com\/channel\/UCCxfr4jr7uJWYZKY5erVGyg"]}]}},"_links":{"self":[{"href":"https:\/\/aurala.fi\/sv\/wp-json\/wp\/v2\/pages\/12588","targetHints":{"allow":["GET"]}}],"collection":[{"href":"https:\/\/aurala.fi\/sv\/wp-json\/wp\/v2\/pages"}],"about":[{"href":"https:\/\/aurala.fi\/sv\/wp-json\/wp\/v2\/types\/page"}],"author":[{"embeddable":true,"href":"https:\/\/aurala.fi\/sv\/wp-json\/wp\/v2\/users\/13"}],"replies":[{"embeddable":true,"href":"https:\/\/aurala.fi\/sv\/wp-json\/wp\/v2\/comments?post=12588"}],"version-history":[{"count":2,"href":"https:\/\/aurala.fi\/sv\/wp-json\/wp\/v2\/pages\/12588\/revisions"}],"predecessor-version":[{"id":12592,"href":"https:\/\/aurala.fi\/sv\/wp-json\/wp\/v2\/pages\/12588\/revisions\/12592"}],"up":[{"embeddable":true,"href":"https:\/\/aurala.fi\/sv\/wp-json\/wp\/v2\/pages\/11249"}],"wp:featuredmedia":[{"embeddable":true,"href":"https:\/\/aurala.fi\/sv\/wp-json\/wp\/v2\/media\/12597"}],"wp:attachment":[{"href":"https:\/\/aurala.fi\/sv\/wp-json\/wp\/v2\/media?parent=12588"}],"curies":[{"name":"wp","href":"https:\/\/api.w.org\/{rel}","templated":true}]}}